{"id":67191,"date":"2024-03-22T15:44:46","date_gmt":"2024-03-22T14:44:46","guid":{"rendered":"https:\/\/abinox-chr-clim.com\/index.php\/product\/plaque-eutectique-froide-cambro-gn-1-2\/"},"modified":"2026-04-24T10:05:28","modified_gmt":"2026-04-24T08:05:28","slug":"plaque-eutectique-froide-cambro-gn-1-2","status":"publish","type":"product","link":"https:\/\/abinox-chr-clim.com\/index.php\/product\/plaque-eutectique-froide-cambro-gn-1-2\/","title":{"rendered":"Plaque eutectique froide Cambro GN 1\/2"},"content":{"rendered":"<p>Solutions de transport alimentaire \u00e0 chargement frontal. Isolation en mousse durable et adapt\u00e9s au transport d&rsquo;aliments chauds ou froids. Chargement frontal pour un acc\u00e8s facile avec joint amovible herm\u00e9tique pour une \u00e9tanch\u00e9it\u00e9 s\u00fbre.<br \/>Les plaques eutectiques froides sont con\u00e7ues pour prolonger le temps de maintien au froid de vos aliments.Il suffit de la mettre au cong\u00e9lateur \u00e0 plat pendant la nuit et de la placer en haut de votre conteneur. .Les plaques eutectiques froides sont con\u00e7ues pour prolonger le temps de maintien au froid de vos aliments. .<br \/> Caract\u00e9ristiques :<br \/> Dimensions : 31(H) x 265(L) x 325(P) mm.<br \/> Mati\u00e8re : Poly\u00e9thyl\u00e8ne.<br \/> Temp\u00e9rature : -24 \u00b0C.<br \/> Couleur : Bleu glac\u00e9.<br \/> Bac GN : GN 1\/2XY.<\/p>\n","protected":false},"excerpt":{"rendered":"<p>Plaque eutectique froide Cambro GN 1\/2<\/p>\n","protected":false},"featured_media":96756,"comment_status":"closed","ping_status":"closed","template":"","meta":[],"product_brand":[],"product_cat":[1280,1064,1297,1074],"product_tag":[],"class_list":{"0":"post-67191","1":"product","2":"type-product","3":"status-publish","4":"has-post-thumbnail","6":"product_cat-conteneurs-alimentaires-et-bacs-gastronorme-cuisine","7":"product_cat-cuisine","8":"product_cat-non-palettisable","9":"product_cat-thermobox-et-sacs","10":"product_shipping_class-free-shipping","12":"first","13":"outofstock","14":"featured","15":"taxable","16":"shipping-taxable","17":"purchasable","18":"product-type-simple"},"_links":{"self":[{"href":"https:\/\/abinox-chr-clim.com\/index.php\/wp-json\/wp\/v2\/product\/67191","targetHints":{"allow":["GET"]}}],"collection":[{"href":"https:\/\/abinox-chr-clim.com\/index.php\/wp-json\/wp\/v2\/product"}],"about":[{"href":"https:\/\/abinox-chr-clim.com\/index.php\/wp-json\/wp\/v2\/types\/product"}],"replies":[{"embeddable":true,"href":"https:\/\/abinox-chr-clim.com\/index.php\/wp-json\/wp\/v2\/comments?post=67191"}],"wp:featuredmedia":[{"embeddable":true,"href":"https:\/\/abinox-chr-clim.com\/index.php\/wp-json\/wp\/v2\/media\/96756"}],"wp:attachment":[{"href":"https:\/\/abinox-chr-clim.com\/index.php\/wp-json\/wp\/v2\/media?parent=67191"}],"wp:term":[{"taxonomy":"product_brand","embeddable":true,"href":"https:\/\/abinox-chr-clim.com\/index.php\/wp-json\/wp\/v2\/product_brand?post=67191"},{"taxonomy":"product_cat","embeddable":true,"href":"https:\/\/abinox-chr-clim.com\/index.php\/wp-json\/wp\/v2\/product_cat?post=67191"},{"taxonomy":"product_tag","embeddable":true,"href":"https:\/\/abinox-chr-clim.com\/index.php\/wp-json\/wp\/v2\/product_tag?post=67191"}],"curies":[{"name":"wp","href":"https:\/\/api.w.org\/{rel}","templated":true}]}}