{"id":67188,"date":"2024-03-22T15:44:45","date_gmt":"2024-03-22T14:44:45","guid":{"rendered":"https:\/\/abinox-chr-clim.com\/index.php\/product\/socle-rouleur-pour-conteneurs-epp-format-gn-cambro-gobox\/"},"modified":"2026-04-24T10:05:27","modified_gmt":"2026-04-24T08:05:27","slug":"socle-rouleur-pour-conteneurs-epp-format-gn-cambro-gobox","status":"publish","type":"product","link":"https:\/\/abinox-chr-clim.com\/index.php\/product\/socle-rouleur-pour-conteneurs-epp-format-gn-cambro-gobox\/","title":{"rendered":"Socle rouleur pour conteneurs EPP format GN Cambro Gobox"},"content":{"rendered":"<p>Solutions de transport alimentaire \u00e0 chargement frontal. Isolation en mousse durable et adapt\u00e9s au transport d&rsquo;aliments chauds ou froids. Chargement frontal pour un acc\u00e8s facile avec joint amovible herm\u00e9tique pour une \u00e9tanch\u00e9it\u00e9 s\u00fbre.<br \/>Permet d&#8217;empiler et transporter en toute s\u00e9curit\u00e9 plusieurs conteneurs en m\u00eame temps. Permet d&#8217;empiler et transporter en toute s\u00e9curit\u00e9 plusieurs conteneurs en m\u00eame temps.<\/p>\n<p>Caract\u00e9ristiques :<br \/> Dimensions : 17(H) x 625(L) x 420(P)mm.<br \/> Mati\u00e8re : Plastique.<br \/> Couleur : .<br \/> Bac GN : GN 1\/1XY.<\/p>\n","protected":false},"excerpt":{"rendered":"<p>Socle rouleur pour conteneurs EPP format GN Cambro Gobox<\/p>\n","protected":false},"featured_media":96769,"comment_status":"closed","ping_status":"closed","template":"","meta":[],"product_brand":[],"product_cat":[1280,1064,1297,1074],"product_tag":[],"class_list":{"0":"post-67188","1":"product","2":"type-product","3":"status-publish","4":"has-post-thumbnail","6":"product_cat-conteneurs-alimentaires-et-bacs-gastronorme-cuisine","7":"product_cat-cuisine","8":"product_cat-non-palettisable","9":"product_cat-thermobox-et-sacs","10":"product_shipping_class-free-shipping","12":"first","13":"instock","14":"featured","15":"taxable","16":"shipping-taxable","17":"purchasable","18":"product-type-simple"},"_links":{"self":[{"href":"https:\/\/abinox-chr-clim.com\/index.php\/wp-json\/wp\/v2\/product\/67188","targetHints":{"allow":["GET"]}}],"collection":[{"href":"https:\/\/abinox-chr-clim.com\/index.php\/wp-json\/wp\/v2\/product"}],"about":[{"href":"https:\/\/abinox-chr-clim.com\/index.php\/wp-json\/wp\/v2\/types\/product"}],"replies":[{"embeddable":true,"href":"https:\/\/abinox-chr-clim.com\/index.php\/wp-json\/wp\/v2\/comments?post=67188"}],"wp:featuredmedia":[{"embeddable":true,"href":"https:\/\/abinox-chr-clim.com\/index.php\/wp-json\/wp\/v2\/media\/96769"}],"wp:attachment":[{"href":"https:\/\/abinox-chr-clim.com\/index.php\/wp-json\/wp\/v2\/media?parent=67188"}],"wp:term":[{"taxonomy":"product_brand","embeddable":true,"href":"https:\/\/abinox-chr-clim.com\/index.php\/wp-json\/wp\/v2\/product_brand?post=67188"},{"taxonomy":"product_cat","embeddable":true,"href":"https:\/\/abinox-chr-clim.com\/index.php\/wp-json\/wp\/v2\/product_cat?post=67188"},{"taxonomy":"product_tag","embeddable":true,"href":"https:\/\/abinox-chr-clim.com\/index.php\/wp-json\/wp\/v2\/product_tag?post=67188"}],"curies":[{"name":"wp","href":"https:\/\/api.w.org\/{rel}","templated":true}]}}