{"id":67186,"date":"2024-03-22T15:44:44","date_gmt":"2024-03-22T14:44:44","guid":{"rendered":"https:\/\/abinox-chr-clim.com\/index.php\/product\/conteneur-epp-a-chargement-frontal-gn-1-1-cambro-86-litres\/"},"modified":"2026-04-24T10:05:26","modified_gmt":"2026-04-24T08:05:26","slug":"conteneur-epp-a-chargement-frontal-gn-1-1-cambro-86-litres","status":"publish","type":"product","link":"https:\/\/abinox-chr-clim.com\/index.php\/product\/conteneur-epp-a-chargement-frontal-gn-1-1-cambro-86-litres\/","title":{"rendered":"Conteneur EPP \u00e0 chargement frontal GN 1\/1 Cambro 86 litres"},"content":{"rendered":"<p>Syst\u00e8me ing\u00e9nieux de poign\u00e9es int\u00e9gr\u00e9es sur le dessus des unit\u00e9s \u00e0 chargement frontal: la manutention facile par les quatre c\u00f4t\u00e9s.Dispositif d&rsquo;\u00e9vacuation de la condensation pour faciliter l&rsquo;\u00e9gouttement.Les unit\u00e9s de transport GoBox \u00e0 chargement par le haut sont con\u00e7ues avec suffisamment d&rsquo;espace pour contenir des bacs GN 1\/1 ainsi que des plaques chaudes Camwarmers ou plaques eutectiques froides Camchillers, si vous le souhaitez.Emplacement d\u00e9di\u00e9 pour l&rsquo;identification et l&rsquo;acheminement facile des unit\u00e9s de transport; prot\u00e8ge et maintient l&rsquo;\u00e9tiquette. Syst\u00e8me ing\u00e9nieux de poign\u00e9es int\u00e9gr\u00e9es sur le dessus des unit\u00e9s \u00e0 chargement frontal: la manutention facile par les quatre c\u00f4t\u00e9s. .<br \/> Caract\u00e9ristiques :<br \/> Capacit\u00e9 : 86 L.<br \/> Dimensions : 625(H) x 640(L) x 440(P)mm.<br \/> Mati\u00e8re : Polypropyl\u00e8ne.<br \/> Temp\u00e9rature : -40 \u00b0C \u00e0 120 \u00b0C.<br \/> Couleur : .<br \/> Bac GN : GN 1\/1XY.<\/p>\n","protected":false},"excerpt":{"rendered":"<p>Conteneur EPP \u00e0 chargement frontal GN 1\/1 Cambro 86 litres<\/p>\n","protected":false},"featured_media":96775,"comment_status":"closed","ping_status":"closed","template":"","meta":[],"product_brand":[],"product_cat":[1280,1064,1297,1074],"product_tag":[],"class_list":{"0":"post-67186","1":"product","2":"type-product","3":"status-publish","4":"has-post-thumbnail","6":"product_cat-conteneurs-alimentaires-et-bacs-gastronorme-cuisine","7":"product_cat-cuisine","8":"product_cat-non-palettisable","9":"product_cat-thermobox-et-sacs","10":"product_shipping_class-free-shipping","12":"first","13":"instock","14":"featured","15":"taxable","16":"shipping-taxable","17":"purchasable","18":"product-type-simple"},"_links":{"self":[{"href":"https:\/\/abinox-chr-clim.com\/index.php\/wp-json\/wp\/v2\/product\/67186","targetHints":{"allow":["GET"]}}],"collection":[{"href":"https:\/\/abinox-chr-clim.com\/index.php\/wp-json\/wp\/v2\/product"}],"about":[{"href":"https:\/\/abinox-chr-clim.com\/index.php\/wp-json\/wp\/v2\/types\/product"}],"replies":[{"embeddable":true,"href":"https:\/\/abinox-chr-clim.com\/index.php\/wp-json\/wp\/v2\/comments?post=67186"}],"wp:featuredmedia":[{"embeddable":true,"href":"https:\/\/abinox-chr-clim.com\/index.php\/wp-json\/wp\/v2\/media\/96775"}],"wp:attachment":[{"href":"https:\/\/abinox-chr-clim.com\/index.php\/wp-json\/wp\/v2\/media?parent=67186"}],"wp:term":[{"taxonomy":"product_brand","embeddable":true,"href":"https:\/\/abinox-chr-clim.com\/index.php\/wp-json\/wp\/v2\/product_brand?post=67186"},{"taxonomy":"product_cat","embeddable":true,"href":"https:\/\/abinox-chr-clim.com\/index.php\/wp-json\/wp\/v2\/product_cat?post=67186"},{"taxonomy":"product_tag","embeddable":true,"href":"https:\/\/abinox-chr-clim.com\/index.php\/wp-json\/wp\/v2\/product_tag?post=67186"}],"curies":[{"name":"wp","href":"https:\/\/api.w.org\/{rel}","templated":true}]}}