{"id":67184,"date":"2024-03-22T15:44:44","date_gmt":"2024-03-22T14:44:44","guid":{"rendered":"https:\/\/abinox-chr-clim.com\/index.php\/product\/boite-a-pizza-thermo-future-thermobox-175mm\/"},"modified":"2026-04-24T09:36:28","modified_gmt":"2026-04-24T07:36:28","slug":"boite-a-pizza-thermo-future-thermobox-175mm","status":"publish","type":"product","link":"https:\/\/abinox-chr-clim.com\/index.php\/product\/boite-a-pizza-thermo-future-thermobox-175mm\/","title":{"rendered":"Bo\u00eete \u00e0 pizza Thermo Future Thermobox 175mm"},"content":{"rendered":"<p>Hygi\u00e9nique et lavable au lave-vaisselle. Excellente isolation de-40C \u00e0 +120 C.Poign\u00e9es ergonomiques pour un transport s\u00fbr et confortable. Dimensions: Interne &#8211; 175(H) x 350(L) x 350(P). Externe &#8211; 240H) x 410(L) x 410 (P)MM.  Hygi\u00e9nique et lavable au lave-vaisselle.<\/p>\n<p>Caract\u00e9ristiques :<br \/> Capacit\u00e9 : 21l.<br \/> Dimensions : 240(h) x 410(l) x 410(p)mm.<br \/> Mati\u00e8re : EPP<\/p>\n","protected":false},"excerpt":{"rendered":"<p>Bo\u00eete \u00e0 pizza Thermo Future Thermobox 175mm<\/p>\n","protected":false},"featured_media":92903,"comment_status":"closed","ping_status":"closed","template":"","meta":[],"product_brand":[],"product_cat":[1280,1064,1297,1074],"product_tag":[],"class_list":{"0":"post-67184","1":"product","2":"type-product","3":"status-publish","4":"has-post-thumbnail","6":"product_cat-conteneurs-alimentaires-et-bacs-gastronorme-cuisine","7":"product_cat-cuisine","8":"product_cat-non-palettisable","9":"product_cat-thermobox-et-sacs","10":"product_shipping_class-free-shipping","12":"first","13":"outofstock","14":"featured","15":"taxable","16":"shipping-taxable","17":"purchasable","18":"product-type-simple"},"_links":{"self":[{"href":"https:\/\/abinox-chr-clim.com\/index.php\/wp-json\/wp\/v2\/product\/67184","targetHints":{"allow":["GET"]}}],"collection":[{"href":"https:\/\/abinox-chr-clim.com\/index.php\/wp-json\/wp\/v2\/product"}],"about":[{"href":"https:\/\/abinox-chr-clim.com\/index.php\/wp-json\/wp\/v2\/types\/product"}],"replies":[{"embeddable":true,"href":"https:\/\/abinox-chr-clim.com\/index.php\/wp-json\/wp\/v2\/comments?post=67184"}],"wp:featuredmedia":[{"embeddable":true,"href":"https:\/\/abinox-chr-clim.com\/index.php\/wp-json\/wp\/v2\/media\/92903"}],"wp:attachment":[{"href":"https:\/\/abinox-chr-clim.com\/index.php\/wp-json\/wp\/v2\/media?parent=67184"}],"wp:term":[{"taxonomy":"product_brand","embeddable":true,"href":"https:\/\/abinox-chr-clim.com\/index.php\/wp-json\/wp\/v2\/product_brand?post=67184"},{"taxonomy":"product_cat","embeddable":true,"href":"https:\/\/abinox-chr-clim.com\/index.php\/wp-json\/wp\/v2\/product_cat?post=67184"},{"taxonomy":"product_tag","embeddable":true,"href":"https:\/\/abinox-chr-clim.com\/index.php\/wp-json\/wp\/v2\/product_tag?post=67184"}],"curies":[{"name":"wp","href":"https:\/\/api.w.org\/{rel}","templated":true}]}}