{"id":67183,"date":"2024-03-22T15:44:43","date_gmt":"2024-03-22T14:44:43","guid":{"rendered":"https:\/\/abinox-chr-clim.com\/index.php\/product\/boite-isotherme-thermobox-format-patissier-80l\/"},"modified":"2026-04-24T08:55:21","modified_gmt":"2026-04-24T06:55:21","slug":"boite-isotherme-thermobox-format-patissier-80l","status":"publish","type":"product","link":"https:\/\/abinox-chr-clim.com\/index.php\/product\/boite-isotherme-thermobox-format-patissier-80l\/","title":{"rendered":"Bo\u00eete isotherme Thermobox format p\u00e2tissier 80L"},"content":{"rendered":"<p>Hygi\u00e8nique et lavable au lave-vaisselle. Excellente isolation de-40C \u00e0 +120 C.Poign\u00e9es ergonomiques pour un transport s\u00fbr et confortable. Pour empiler des r\u00e9ceptacles, bacs ou moules \u00e0 g\u00e2teaux. Fourni vide. Couvercle fourni. 176 x 162mm. Lavage recommand\u00e9 \u00e0 80 degr\u00e9s Celsius. R\u00e9sistant \u00e0 la chaleur jusqu&rsquo;\u00e0 120 degr\u00e9s Celsius. Dimensions: Internes &#8211; 300(H) x 625(L) x 425(P). Externes- 360(H) x 685(L) x 485(P)MM.  Hygi\u00e8nique et lavable au lave-vaisselle.<\/p>\n<p>Caract\u00e9ristiques :<br \/> Capacit\u00e9 : 80L.<br \/> Dimensions : 360(H) x 685(L) x 485(P)mm.<br \/> Mati\u00e8re : Polypropyl\u00e8ne.<br \/> Temp\u00e9rature : -40 \u00b0C \u00e0 120 \u00b0C<\/p>\n","protected":false},"excerpt":{"rendered":"<p>Bo\u00eete isotherme Thermobox format p\u00e2tissier 80L<\/p>\n","protected":false},"featured_media":92904,"comment_status":"closed","ping_status":"closed","template":"","meta":[],"product_brand":[],"product_cat":[1280,1064,1297,1074],"product_tag":[],"class_list":{"0":"post-67183","1":"product","2":"type-product","3":"status-publish","4":"has-post-thumbnail","6":"product_cat-conteneurs-alimentaires-et-bacs-gastronorme-cuisine","7":"product_cat-cuisine","8":"product_cat-non-palettisable","9":"product_cat-thermobox-et-sacs","10":"product_shipping_class-free-shipping","12":"first","13":"instock","14":"featured","15":"taxable","16":"shipping-taxable","17":"purchasable","18":"product-type-simple"},"_links":{"self":[{"href":"https:\/\/abinox-chr-clim.com\/index.php\/wp-json\/wp\/v2\/product\/67183","targetHints":{"allow":["GET"]}}],"collection":[{"href":"https:\/\/abinox-chr-clim.com\/index.php\/wp-json\/wp\/v2\/product"}],"about":[{"href":"https:\/\/abinox-chr-clim.com\/index.php\/wp-json\/wp\/v2\/types\/product"}],"replies":[{"embeddable":true,"href":"https:\/\/abinox-chr-clim.com\/index.php\/wp-json\/wp\/v2\/comments?post=67183"}],"wp:featuredmedia":[{"embeddable":true,"href":"https:\/\/abinox-chr-clim.com\/index.php\/wp-json\/wp\/v2\/media\/92904"}],"wp:attachment":[{"href":"https:\/\/abinox-chr-clim.com\/index.php\/wp-json\/wp\/v2\/media?parent=67183"}],"wp:term":[{"taxonomy":"product_brand","embeddable":true,"href":"https:\/\/abinox-chr-clim.com\/index.php\/wp-json\/wp\/v2\/product_brand?post=67183"},{"taxonomy":"product_cat","embeddable":true,"href":"https:\/\/abinox-chr-clim.com\/index.php\/wp-json\/wp\/v2\/product_cat?post=67183"},{"taxonomy":"product_tag","embeddable":true,"href":"https:\/\/abinox-chr-clim.com\/index.php\/wp-json\/wp\/v2\/product_tag?post=67183"}],"curies":[{"name":"wp","href":"https:\/\/api.w.org\/{rel}","templated":true}]}}