{"id":67182,"date":"2024-03-22T15:44:43","date_gmt":"2024-03-22T14:44:43","guid":{"rendered":"https:\/\/abinox-chr-clim.com\/index.php\/product\/boite-thermo-future-thermobox-gn-1-1-salto-noire-21l\/"},"modified":"2026-04-24T08:55:20","modified_gmt":"2026-04-24T06:55:20","slug":"boite-thermo-future-thermobox-gn-1-1-salto-noire-21l","status":"publish","type":"product","link":"https:\/\/abinox-chr-clim.com\/index.php\/product\/boite-thermo-future-thermobox-gn-1-1-salto-noire-21l\/","title":{"rendered":"Bo\u00eete Thermo Future Thermobox GN 1\/1 Salto noire 21L"},"content":{"rendered":"<p>Hygi\u00e8nique et lavable au lave-vaisselle. Excellente isolation de-40C \u00e0 +120 C.Poign\u00e9es ergonomiques pour un transport s\u00fbr et confortable.Les box sont empilables les uns sur les autres et le box du dessus sert de couvercle au box du dessous. Conforme aux normes HACCP. Couvercle vendu s\u00e9par\u00e9ment : GD048.Dimensions:  Internes &#8211; 120(H) x 538(L) x 337(P), externes &#8211; 165(H) x 600(L) x 400(P)MM.  Hygi\u00e8nique et lavable au lave-vaisselle.<\/p>\n<p>Caract\u00e9ristiques :<br \/> Capacit\u00e9 : 21L.<br \/> Dimensions : 165(H) x 600(L) x 400(P)mm.<br \/> Mati\u00e8re : Polypropyl\u00e8ne.<br \/> Temp\u00e9rature : -40 \u00b0C \u00e0 120 \u00b0C<\/p>\n","protected":false},"excerpt":{"rendered":"<p>Bo\u00eete Thermo Future Thermobox GN 1\/1 Salto noire 21L<\/p>\n","protected":false},"featured_media":92907,"comment_status":"closed","ping_status":"closed","template":"","meta":[],"product_brand":[],"product_cat":[1280,1064,1297,1074],"product_tag":[],"class_list":{"0":"post-67182","1":"product","2":"type-product","3":"status-publish","4":"has-post-thumbnail","6":"product_cat-conteneurs-alimentaires-et-bacs-gastronorme-cuisine","7":"product_cat-cuisine","8":"product_cat-non-palettisable","9":"product_cat-thermobox-et-sacs","10":"product_shipping_class-free-shipping","12":"first","13":"instock","14":"featured","15":"taxable","16":"shipping-taxable","17":"purchasable","18":"product-type-simple"},"_links":{"self":[{"href":"https:\/\/abinox-chr-clim.com\/index.php\/wp-json\/wp\/v2\/product\/67182","targetHints":{"allow":["GET"]}}],"collection":[{"href":"https:\/\/abinox-chr-clim.com\/index.php\/wp-json\/wp\/v2\/product"}],"about":[{"href":"https:\/\/abinox-chr-clim.com\/index.php\/wp-json\/wp\/v2\/types\/product"}],"replies":[{"embeddable":true,"href":"https:\/\/abinox-chr-clim.com\/index.php\/wp-json\/wp\/v2\/comments?post=67182"}],"wp:featuredmedia":[{"embeddable":true,"href":"https:\/\/abinox-chr-clim.com\/index.php\/wp-json\/wp\/v2\/media\/92907"}],"wp:attachment":[{"href":"https:\/\/abinox-chr-clim.com\/index.php\/wp-json\/wp\/v2\/media?parent=67182"}],"wp:term":[{"taxonomy":"product_brand","embeddable":true,"href":"https:\/\/abinox-chr-clim.com\/index.php\/wp-json\/wp\/v2\/product_brand?post=67182"},{"taxonomy":"product_cat","embeddable":true,"href":"https:\/\/abinox-chr-clim.com\/index.php\/wp-json\/wp\/v2\/product_cat?post=67182"},{"taxonomy":"product_tag","embeddable":true,"href":"https:\/\/abinox-chr-clim.com\/index.php\/wp-json\/wp\/v2\/product_tag?post=67182"}],"curies":[{"name":"wp","href":"https:\/\/api.w.org\/{rel}","templated":true}]}}