{"id":67176,"date":"2024-03-22T15:44:41","date_gmt":"2024-03-22T14:44:41","guid":{"rendered":"https:\/\/abinox-chr-clim.com\/index.php\/product\/conteneur-gn-1-1-thermo-future-thermobox-eco-30l\/"},"modified":"2026-04-24T08:55:14","modified_gmt":"2026-04-24T06:55:14","slug":"conteneur-gn-1-1-thermo-future-thermobox-eco-30l","status":"publish","type":"product","link":"https:\/\/abinox-chr-clim.com\/index.php\/product\/conteneur-gn-1-1-thermo-future-thermobox-eco-30l\/","title":{"rendered":"Conteneur GN 1\/1 Thermo Future Thermobox Eco 30L"},"content":{"rendered":"<p>Hygi\u00e9nique et lavable au lave-vaisselle. Excellente isolation de-40C \u00e0 +120 C.Poign\u00e9es ergonomiques pour un transport s\u00fbr et confortable. Coins renforc\u00e9s pour un empilement s\u00e9curis\u00e9. Lave-vaisselle conseill\u00e9 \u00e0 80\u00b0C. R\u00e9sistance thermique jusqu&rsquo;\u00e0 120 degr\u00e9s Celsius. Accepte les bacs GN de 150mm de profondeur. Dimensions: Internes- 167(H) x 538(L) x 337(P). Externes &#8211; 230(H) x 600(L) x 400(P)MM.Hygi\u00e9nique et lavable au lave-vaisselle.<\/p>\n<p>Caract\u00e9ristiques :<br \/> Capacit\u00e9 : 30L.<br \/> Dimensions : 230(H) x 600(L) x 400(P)mm.<br \/> Mati\u00e8re : Polypropyl\u00e8ne.<br \/> Temp\u00e9rature : -40 \u00b0C \u00e0 120 \u00b0C<\/p>\n","protected":false},"excerpt":{"rendered":"<p>Conteneur GN 1\/1 Thermo Future Thermobox Eco 30L<\/p>\n","protected":false},"featured_media":92932,"comment_status":"closed","ping_status":"closed","template":"","meta":[],"product_brand":[],"product_cat":[1280,1064,1297,1074],"product_tag":[],"class_list":{"0":"post-67176","1":"product","2":"type-product","3":"status-publish","4":"has-post-thumbnail","6":"product_cat-conteneurs-alimentaires-et-bacs-gastronorme-cuisine","7":"product_cat-cuisine","8":"product_cat-non-palettisable","9":"product_cat-thermobox-et-sacs","10":"product_shipping_class-free-shipping","12":"first","13":"instock","14":"featured","15":"taxable","16":"shipping-taxable","17":"purchasable","18":"product-type-simple"},"_links":{"self":[{"href":"https:\/\/abinox-chr-clim.com\/index.php\/wp-json\/wp\/v2\/product\/67176","targetHints":{"allow":["GET"]}}],"collection":[{"href":"https:\/\/abinox-chr-clim.com\/index.php\/wp-json\/wp\/v2\/product"}],"about":[{"href":"https:\/\/abinox-chr-clim.com\/index.php\/wp-json\/wp\/v2\/types\/product"}],"replies":[{"embeddable":true,"href":"https:\/\/abinox-chr-clim.com\/index.php\/wp-json\/wp\/v2\/comments?post=67176"}],"wp:featuredmedia":[{"embeddable":true,"href":"https:\/\/abinox-chr-clim.com\/index.php\/wp-json\/wp\/v2\/media\/92932"}],"wp:attachment":[{"href":"https:\/\/abinox-chr-clim.com\/index.php\/wp-json\/wp\/v2\/media?parent=67176"}],"wp:term":[{"taxonomy":"product_brand","embeddable":true,"href":"https:\/\/abinox-chr-clim.com\/index.php\/wp-json\/wp\/v2\/product_brand?post=67176"},{"taxonomy":"product_cat","embeddable":true,"href":"https:\/\/abinox-chr-clim.com\/index.php\/wp-json\/wp\/v2\/product_cat?post=67176"},{"taxonomy":"product_tag","embeddable":true,"href":"https:\/\/abinox-chr-clim.com\/index.php\/wp-json\/wp\/v2\/product_tag?post=67176"}],"curies":[{"name":"wp","href":"https:\/\/api.w.org\/{rel}","templated":true}]}}