{"id":67173,"date":"2024-03-22T15:44:40","date_gmt":"2024-03-22T14:44:40","guid":{"rendered":"https:\/\/abinox-chr-clim.com\/index.php\/product\/plateau-tablotherm-epp-avec-vaisselle-cambro\/"},"modified":"2026-04-24T10:04:11","modified_gmt":"2026-04-24T08:04:11","slug":"plateau-tablotherm-epp-avec-vaisselle-cambro","status":"publish","type":"product","link":"https:\/\/abinox-chr-clim.com\/index.php\/product\/plateau-tablotherm-epp-avec-vaisselle-cambro\/","title":{"rendered":"Plateau Tablotherm EPP avec vaisselle Cambro"},"content":{"rendered":"<p>Ce plateau de distribution de repas individuel l\u00e9ger et isotherme s\u00e9pare les aliments chauds et froids \u00e0 des temp\u00e9ratures optimales jusqu&rsquo;\u00e0 60 minutes. Fabriqu\u00e9 en polypropyl\u00e8ne expans\u00e9. Empilable, facile \u00e0 transporter et \u00e0 stocker, il est livr\u00e9 avec une assiette en porcelaine de 210mm et 2 bols avec couvercles de 140mm (500ml).<br \/>Plateau de distribution de repas individuel, l\u00e9ger, empilable et facile \u00e0 transporter et \u00e0 stocker.Excellente isolation et r\u00e9tention thermique.Une unit\u00e9 conserve en toute s\u00e9curit\u00e9 les aliments chauds et froids jusqu&rsquo;\u00e0 60 minutes.Fabriqu\u00e9 en polypropyl\u00e8ne expans\u00e9, compatible lave-vaisselle. 100% recyclable.  Ref Cambro : Cambro Item Number: ITENEPP21107. Plateau de distribution de repas individuel, l\u00e9ger, empilable et facile \u00e0 transporter et \u00e0 stocker. .<br \/> Caract\u00e9ristiques :<br \/> Dimensions : 118(H) x 370(L) x 530(P) mm.<br \/> Mati\u00e8re : Polypropyl\u00e8ne.<br \/> Temp\u00e9rature : -40 \u00b0C \u00e0 120 \u00b0C.<br \/> Couleur : Gris.<\/p>\n","protected":false},"excerpt":{"rendered":"<p>Plateau Tablotherm EPP avec vaisselle Cambro<\/p>\n","protected":false},"featured_media":88956,"comment_status":"closed","ping_status":"closed","template":"","meta":[],"product_brand":[],"product_cat":[1280,1064,1297,1074],"product_tag":[],"class_list":{"0":"post-67173","1":"product","2":"type-product","3":"status-publish","4":"has-post-thumbnail","6":"product_cat-conteneurs-alimentaires-et-bacs-gastronorme-cuisine","7":"product_cat-cuisine","8":"product_cat-non-palettisable","9":"product_cat-thermobox-et-sacs","10":"product_shipping_class-free-shipping","12":"first","13":"outofstock","14":"featured","15":"taxable","16":"shipping-taxable","17":"purchasable","18":"product-type-simple"},"_links":{"self":[{"href":"https:\/\/abinox-chr-clim.com\/index.php\/wp-json\/wp\/v2\/product\/67173","targetHints":{"allow":["GET"]}}],"collection":[{"href":"https:\/\/abinox-chr-clim.com\/index.php\/wp-json\/wp\/v2\/product"}],"about":[{"href":"https:\/\/abinox-chr-clim.com\/index.php\/wp-json\/wp\/v2\/types\/product"}],"replies":[{"embeddable":true,"href":"https:\/\/abinox-chr-clim.com\/index.php\/wp-json\/wp\/v2\/comments?post=67173"}],"wp:featuredmedia":[{"embeddable":true,"href":"https:\/\/abinox-chr-clim.com\/index.php\/wp-json\/wp\/v2\/media\/88956"}],"wp:attachment":[{"href":"https:\/\/abinox-chr-clim.com\/index.php\/wp-json\/wp\/v2\/media?parent=67173"}],"wp:term":[{"taxonomy":"product_brand","embeddable":true,"href":"https:\/\/abinox-chr-clim.com\/index.php\/wp-json\/wp\/v2\/product_brand?post=67173"},{"taxonomy":"product_cat","embeddable":true,"href":"https:\/\/abinox-chr-clim.com\/index.php\/wp-json\/wp\/v2\/product_cat?post=67173"},{"taxonomy":"product_tag","embeddable":true,"href":"https:\/\/abinox-chr-clim.com\/index.php\/wp-json\/wp\/v2\/product_tag?post=67173"}],"curies":[{"name":"wp","href":"https:\/\/api.w.org\/{rel}","templated":true}]}}