{"id":67172,"date":"2024-03-22T15:44:39","date_gmt":"2024-03-22T14:44:39","guid":{"rendered":"https:\/\/abinox-chr-clim.com\/index.php\/product\/conteneur-epp-a-pizza-chargement-par-le-dessus-cambro-265-mm\/"},"modified":"2026-04-24T10:04:10","modified_gmt":"2026-04-24T08:04:10","slug":"conteneur-epp-a-pizza-chargement-par-le-dessus-cambro-265-mm","status":"publish","type":"product","link":"https:\/\/abinox-chr-clim.com\/index.php\/product\/conteneur-epp-a-pizza-chargement-par-le-dessus-cambro-265-mm\/","title":{"rendered":"Conteneur EPP \u00e0 pizza chargement par le dessus Cambro 265 mm"},"content":{"rendered":"<p>Isolation thermique pour maintenir la temp\u00e9rature. L\u00e9ger &#8211; en polypropyl\u00e8ne expans\u00e9, un mat\u00e9riau \u00e9cologique et performant. Grande r\u00e9sistance structurelle, capable de supporter des charges importantes. Compatible lave-vaisselle. 100% recyclable.  Ref Cambro : EPPZ35265110. Isolation thermique pour maintenir la temp\u00e9rature.<\/p>\n<p>Caract\u00e9ristiques :<br \/> Dimensions : 339(H) x 410(l) x 410(P) mm.<br \/> Mati\u00e8re : Polypropyl\u00e8ne.<br \/> Couleur : .<br \/> Bac GN : GN 1\/1XY.<\/p>\n","protected":false},"excerpt":{"rendered":"<p>Conteneur EPP \u00e0 pizza chargement par le dessus Cambro 265 mm<\/p>\n","protected":false},"featured_media":88958,"comment_status":"closed","ping_status":"closed","template":"","meta":[],"product_brand":[],"product_cat":[1280,1064,1297,1074],"product_tag":[],"class_list":{"0":"post-67172","1":"product","2":"type-product","3":"status-publish","4":"has-post-thumbnail","6":"product_cat-conteneurs-alimentaires-et-bacs-gastronorme-cuisine","7":"product_cat-cuisine","8":"product_cat-non-palettisable","9":"product_cat-thermobox-et-sacs","10":"product_shipping_class-free-shipping","12":"first","13":"instock","14":"featured","15":"taxable","16":"shipping-taxable","17":"purchasable","18":"product-type-simple"},"_links":{"self":[{"href":"https:\/\/abinox-chr-clim.com\/index.php\/wp-json\/wp\/v2\/product\/67172","targetHints":{"allow":["GET"]}}],"collection":[{"href":"https:\/\/abinox-chr-clim.com\/index.php\/wp-json\/wp\/v2\/product"}],"about":[{"href":"https:\/\/abinox-chr-clim.com\/index.php\/wp-json\/wp\/v2\/types\/product"}],"replies":[{"embeddable":true,"href":"https:\/\/abinox-chr-clim.com\/index.php\/wp-json\/wp\/v2\/comments?post=67172"}],"wp:featuredmedia":[{"embeddable":true,"href":"https:\/\/abinox-chr-clim.com\/index.php\/wp-json\/wp\/v2\/media\/88958"}],"wp:attachment":[{"href":"https:\/\/abinox-chr-clim.com\/index.php\/wp-json\/wp\/v2\/media?parent=67172"}],"wp:term":[{"taxonomy":"product_brand","embeddable":true,"href":"https:\/\/abinox-chr-clim.com\/index.php\/wp-json\/wp\/v2\/product_brand?post=67172"},{"taxonomy":"product_cat","embeddable":true,"href":"https:\/\/abinox-chr-clim.com\/index.php\/wp-json\/wp\/v2\/product_cat?post=67172"},{"taxonomy":"product_tag","embeddable":true,"href":"https:\/\/abinox-chr-clim.com\/index.php\/wp-json\/wp\/v2\/product_tag?post=67172"}],"curies":[{"name":"wp","href":"https:\/\/api.w.org\/{rel}","templated":true}]}}