{"id":67170,"date":"2024-03-22T15:44:33","date_gmt":"2024-03-22T14:44:33","guid":{"rendered":"https:\/\/abinox-chr-clim.com\/index.php\/product\/conteneur-de-transport-isotherme-gn-chargement-par-le-haut-cambro-gamme-s\/"},"modified":"2026-04-24T10:14:25","modified_gmt":"2026-04-24T08:14:25","slug":"conteneur-de-transport-isotherme-gn-chargement-par-le-haut-cambro-gamme-s","status":"publish","type":"product","link":"https:\/\/abinox-chr-clim.com\/index.php\/product\/conteneur-de-transport-isotherme-gn-chargement-par-le-haut-cambro-gamme-s\/","title":{"rendered":"Conteneur de transport isotherme GN chargement par le haut Cambro gamme S"},"content":{"rendered":"<p>Permet de tenir, de transporter et de servir des plats chauds ou froids. Choix \u00e9conomique avec d&rsquo;excellentes performances de maintien. Construction en polypropyl\u00e8ne durable. Isolation en mousse \u00e9paisse pour maintenir les aliments \u00e0\u00a0 temp\u00e9rature. Joint int\u00e9gr\u00e9 et conception \u00e0\u00a0 ventilation automatique pour un nettoyage facile. Poign\u00e9es moul\u00e9es sur les quatre c\u00f4t\u00e9s pour un levage facile. Quatre larges loquets en nylon pour une ouverture et une fermeture faciles.Num\u00e9ro d&rsquo;article Cambro : UPCS180480. Permet de tenir, de transporter et de servir des plats chauds ou froids.<\/p>\n<p>Caract\u00e9ristiques :<br \/> Dimensions : 305(H) x 640(L) x 435(P) mm.<br \/> Mati\u00e8re : Polypropyl\u00e8ne.<br \/> Temp\u00e9rature : 120 \u00b0C.<br \/> Couleur : .<br \/> Bac GN : GN 1\/1XY.<\/p>\n","protected":false},"excerpt":{"rendered":"<p>Conteneur de transport isotherme GN chargement par le haut Cambro gamme S<\/p>\n","protected":false},"featured_media":86262,"comment_status":"closed","ping_status":"closed","template":"","meta":[],"product_brand":[],"product_cat":[1280,1064,1297,1074],"product_tag":[],"class_list":{"0":"post-67170","1":"product","2":"type-product","3":"status-publish","4":"has-post-thumbnail","6":"product_cat-conteneurs-alimentaires-et-bacs-gastronorme-cuisine","7":"product_cat-cuisine","8":"product_cat-non-palettisable","9":"product_cat-thermobox-et-sacs","10":"product_shipping_class-free-shipping","12":"first","13":"instock","14":"featured","15":"taxable","16":"shipping-taxable","17":"purchasable","18":"product-type-simple"},"_links":{"self":[{"href":"https:\/\/abinox-chr-clim.com\/index.php\/wp-json\/wp\/v2\/product\/67170","targetHints":{"allow":["GET"]}}],"collection":[{"href":"https:\/\/abinox-chr-clim.com\/index.php\/wp-json\/wp\/v2\/product"}],"about":[{"href":"https:\/\/abinox-chr-clim.com\/index.php\/wp-json\/wp\/v2\/types\/product"}],"replies":[{"embeddable":true,"href":"https:\/\/abinox-chr-clim.com\/index.php\/wp-json\/wp\/v2\/comments?post=67170"}],"wp:featuredmedia":[{"embeddable":true,"href":"https:\/\/abinox-chr-clim.com\/index.php\/wp-json\/wp\/v2\/media\/86262"}],"wp:attachment":[{"href":"https:\/\/abinox-chr-clim.com\/index.php\/wp-json\/wp\/v2\/media?parent=67170"}],"wp:term":[{"taxonomy":"product_brand","embeddable":true,"href":"https:\/\/abinox-chr-clim.com\/index.php\/wp-json\/wp\/v2\/product_brand?post=67170"},{"taxonomy":"product_cat","embeddable":true,"href":"https:\/\/abinox-chr-clim.com\/index.php\/wp-json\/wp\/v2\/product_cat?post=67170"},{"taxonomy":"product_tag","embeddable":true,"href":"https:\/\/abinox-chr-clim.com\/index.php\/wp-json\/wp\/v2\/product_tag?post=67170"}],"curies":[{"name":"wp","href":"https:\/\/api.w.org\/{rel}","templated":true}]}}