{"id":67169,"date":"2024-03-22T15:44:32","date_gmt":"2024-03-22T14:44:32","guid":{"rendered":"https:\/\/abinox-chr-clim.com\/index.php\/product\/conteneur-de-transport-isotherme-gn-chargement-frontal-cambro\/"},"modified":"2026-04-24T10:14:21","modified_gmt":"2026-04-24T08:14:21","slug":"conteneur-de-transport-isotherme-gn-chargement-frontal-cambro","status":"publish","type":"product","link":"https:\/\/abinox-chr-clim.com\/index.php\/product\/conteneur-de-transport-isotherme-gn-chargement-frontal-cambro\/","title":{"rendered":"Conteneur de transport isotherme GN chargement frontal Cambro"},"content":{"rendered":"<p>Solutions de transport alimentaire \u00e0 chargement frontal. Isolation en mousse durable et adapt\u00e9s au transport d&rsquo;aliments chauds ou froids. Chargement frontal pour un acc\u00e8s facile avec joint amovible herm\u00e9tique pour une \u00e9tanch\u00e9it\u00e9 s\u00fbre.<br \/>Maintient la temp\u00e9rature des aliments stock\u00e9s, chauds ou froids pendant plus de 4h. Isolement en polyur\u00e9thane et joint \u00e9tanche pour la conservation de la temp\u00e9rature. L&rsquo;\u00e9vent de remplissage permet de contr\u00f4ler la pression et l&rsquo;humidit\u00e9. Poign\u00e9es moul\u00e9es pour un transport facile. Parfait pour les entreprises de restauration, les buffets et les banquets. Compatible avec le chariot Camdolly de Cambro pour le transport.Num\u00e9ro d&rsquo;article de Cambro : UPC400401. Maintient la temp\u00e9rature des aliments stock\u00e9s, chauds ou froids pendant plus de 4h.<\/p>\n<p>Caract\u00e9ristiques :<br \/> Capacit\u00e9 : 89,13 L.<br \/> Dimensions : 610(H) x 460(L) x 630(P) mm.<br \/> Mati\u00e8re : Poly\u00e9thyl\u00e8ne.<br \/> Temp\u00e9rature : 120 \u00b0C.<br \/> Couleur : Bleu ardoise.<br \/> Bac GN : GN 1\/1XY.<\/p>\n","protected":false},"excerpt":{"rendered":"<p>Conteneur de transport isotherme GN chargement frontal Cambro<\/p>\n","protected":false},"featured_media":86253,"comment_status":"closed","ping_status":"closed","template":"","meta":[],"product_brand":[],"product_cat":[1280,1064,1297,1074],"product_tag":[],"class_list":{"0":"post-67169","1":"product","2":"type-product","3":"status-publish","4":"has-post-thumbnail","6":"product_cat-conteneurs-alimentaires-et-bacs-gastronorme-cuisine","7":"product_cat-cuisine","8":"product_cat-non-palettisable","9":"product_cat-thermobox-et-sacs","10":"product_shipping_class-free-shipping","12":"first","13":"instock","14":"featured","15":"taxable","16":"shipping-taxable","17":"purchasable","18":"product-type-simple"},"_links":{"self":[{"href":"https:\/\/abinox-chr-clim.com\/index.php\/wp-json\/wp\/v2\/product\/67169","targetHints":{"allow":["GET"]}}],"collection":[{"href":"https:\/\/abinox-chr-clim.com\/index.php\/wp-json\/wp\/v2\/product"}],"about":[{"href":"https:\/\/abinox-chr-clim.com\/index.php\/wp-json\/wp\/v2\/types\/product"}],"replies":[{"embeddable":true,"href":"https:\/\/abinox-chr-clim.com\/index.php\/wp-json\/wp\/v2\/comments?post=67169"}],"wp:featuredmedia":[{"embeddable":true,"href":"https:\/\/abinox-chr-clim.com\/index.php\/wp-json\/wp\/v2\/media\/86253"}],"wp:attachment":[{"href":"https:\/\/abinox-chr-clim.com\/index.php\/wp-json\/wp\/v2\/media?parent=67169"}],"wp:term":[{"taxonomy":"product_brand","embeddable":true,"href":"https:\/\/abinox-chr-clim.com\/index.php\/wp-json\/wp\/v2\/product_brand?post=67169"},{"taxonomy":"product_cat","embeddable":true,"href":"https:\/\/abinox-chr-clim.com\/index.php\/wp-json\/wp\/v2\/product_cat?post=67169"},{"taxonomy":"product_tag","embeddable":true,"href":"https:\/\/abinox-chr-clim.com\/index.php\/wp-json\/wp\/v2\/product_tag?post=67169"}],"curies":[{"name":"wp","href":"https:\/\/api.w.org\/{rel}","templated":true}]}}