{"id":67166,"date":"2024-03-22T15:44:31","date_gmt":"2024-03-22T14:44:31","guid":{"rendered":"https:\/\/abinox-chr-clim.com\/index.php\/product\/conteneur-isotherme-a-soupe-cambro-camtainer-127l-bleu-ardoise\/"},"modified":"2026-04-24T10:29:00","modified_gmt":"2026-04-24T08:29:00","slug":"conteneur-isotherme-a-soupe-cambro-camtainer-127l-bleu-ardoise","status":"publish","type":"product","link":"https:\/\/abinox-chr-clim.com\/index.php\/product\/conteneur-isotherme-a-soupe-cambro-camtainer-127l-bleu-ardoise\/","title":{"rendered":"Conteneur isotherme \u00e0 soupe Cambro Camtainer 12,7L bleu ardoise"},"content":{"rendered":"<p>R\u00e9sistant \u00e0 la rouille, aux fissures et \u00e0 l\u00bf\u00e9caillement. Isolation exempte de CFC prot\u00e9geant les aliments chauds ou froids pendant 4 heures et plus, sans besoin d\u00bf\u00e9lectricit\u00e9. Livr\u00e9 avec un kit d\u00bf\u00e9tiquettes autocollantes (Caf\u00e9, d\u00e9caf\u00e9in\u00e9, punch, th\u00e9 glac\u00e9, eau chaude, vierge). Robinet anti-goutte int\u00e9gr\u00e9 permettant une distribution continue et individuelle. Quatre sangles robustes en plastique s\u00bfouvrent et se ferment facilement pour un acc\u00e8s rapide. Le 350LCD est sp\u00e9cialement con\u00e7u pour servir des soupes chaudes par le haut. Le couvercle de ventilation maintien une pression id\u00e9ale pour une ouverture facile. Poign\u00e9es ergonomiques moul\u00e9es pour un transport s\u00fbr. Lavable en lave-vaisselle. R\u00e9pertori\u00e9 NSF. R\u00e9sistant \u00e0 la rouille, aux fissures et \u00e0 l\u00bf\u00e9caillement.<\/p>\n<p>Caract\u00e9ristiques :<br \/> Dimensions : 466,9(H) x 419,1(l) mm.<\/p>\n","protected":false},"excerpt":{"rendered":"<p>Conteneur isotherme \u00e0 soupe Cambro Camtainer 12,7L bleu ardoise<\/p>\n","protected":false},"featured_media":83997,"comment_status":"closed","ping_status":"closed","template":"","meta":[],"product_brand":[],"product_cat":[1280,1064,1297,1074],"product_tag":[],"class_list":{"0":"post-67166","1":"product","2":"type-product","3":"status-publish","4":"has-post-thumbnail","6":"product_cat-conteneurs-alimentaires-et-bacs-gastronorme-cuisine","7":"product_cat-cuisine","8":"product_cat-non-palettisable","9":"product_cat-thermobox-et-sacs","10":"product_shipping_class-free-shipping","12":"first","13":"outofstock","14":"featured","15":"taxable","16":"shipping-taxable","17":"purchasable","18":"product-type-simple"},"_links":{"self":[{"href":"https:\/\/abinox-chr-clim.com\/index.php\/wp-json\/wp\/v2\/product\/67166","targetHints":{"allow":["GET"]}}],"collection":[{"href":"https:\/\/abinox-chr-clim.com\/index.php\/wp-json\/wp\/v2\/product"}],"about":[{"href":"https:\/\/abinox-chr-clim.com\/index.php\/wp-json\/wp\/v2\/types\/product"}],"replies":[{"embeddable":true,"href":"https:\/\/abinox-chr-clim.com\/index.php\/wp-json\/wp\/v2\/comments?post=67166"}],"wp:featuredmedia":[{"embeddable":true,"href":"https:\/\/abinox-chr-clim.com\/index.php\/wp-json\/wp\/v2\/media\/83997"}],"wp:attachment":[{"href":"https:\/\/abinox-chr-clim.com\/index.php\/wp-json\/wp\/v2\/media?parent=67166"}],"wp:term":[{"taxonomy":"product_brand","embeddable":true,"href":"https:\/\/abinox-chr-clim.com\/index.php\/wp-json\/wp\/v2\/product_brand?post=67166"},{"taxonomy":"product_cat","embeddable":true,"href":"https:\/\/abinox-chr-clim.com\/index.php\/wp-json\/wp\/v2\/product_cat?post=67166"},{"taxonomy":"product_tag","embeddable":true,"href":"https:\/\/abinox-chr-clim.com\/index.php\/wp-json\/wp\/v2\/product_tag?post=67166"}],"curies":[{"name":"wp","href":"https:\/\/api.w.org\/{rel}","templated":true}]}}