{"id":67165,"date":"2024-03-22T15:44:31","date_gmt":"2024-03-22T14:44:31","guid":{"rendered":"https:\/\/abinox-chr-clim.com\/index.php\/product\/conteneur-isotherme-pour-boissons-cambro-ultra-camtainer-199l-bleu-ardoise\/"},"modified":"2026-04-24T10:28:59","modified_gmt":"2026-04-24T08:28:59","slug":"conteneur-isotherme-pour-boissons-cambro-ultra-camtainer-199l-bleu-ardoise","status":"publish","type":"product","link":"https:\/\/abinox-chr-clim.com\/index.php\/product\/conteneur-isotherme-pour-boissons-cambro-ultra-camtainer-199l-bleu-ardoise\/","title":{"rendered":"Conteneur isotherme pour boissons Cambro Ultra Camtainer 19,9L bleu ardoise"},"content":{"rendered":"<p>R\u00e9sistant \u00e0 la rouille, aux fissures et \u00e0 l\u00bf\u00e9caillement. Rotomoul\u00e9 pour une durabilit\u00e9 maximale. Isolation exempte de CFC prot\u00e9geant les aliments chauds ou froids pendant 4 heures et plus, sans besoin d\u00bf\u00e9lectricit\u00e9. Livr\u00e9 avec un kit d\u00bf\u00e9tiquettes autocollantes (Caf\u00e9, d\u00e9caf\u00e9in\u00e9, punch, th\u00e9 glac\u00e9, eau chaude, vierge). Ce mod\u00e8le peut \u00eatre empil\u00e9 pour un transport s\u00fbr. Robinet anti-goutte int\u00e9gr\u00e9 permettant une distribution continue et individuelle. De larges sangles en nylon s\u00bfouvrent et se ferment facilement pour un acc\u00e8s rapide. Le couvercle de ventilation maintien une pression id\u00e9ale pour une ouverture facile. Poign\u00e9es ergonomiques moul\u00e9es pour un transport s\u00fbr. Lavable en lave-vaisselle. R\u00e9pertori\u00e9 NSF. R\u00e9sistant \u00e0 la rouille, aux fissures et \u00e0 l\u00bf\u00e9caillement.<\/p>\n<p>Caract\u00e9ristiques :<br \/> Dimensions : 676,4(H) x 425,5(l) mm.<\/p>\n","protected":false},"excerpt":{"rendered":"<p>Conteneur isotherme pour boissons Cambro Ultra Camtainer 19,9L bleu ardoise<\/p>\n","protected":false},"featured_media":83996,"comment_status":"closed","ping_status":"closed","template":"","meta":[],"product_brand":[],"product_cat":[1280,1064,1297,1074],"product_tag":[],"class_list":{"0":"post-67165","1":"product","2":"type-product","3":"status-publish","4":"has-post-thumbnail","6":"product_cat-conteneurs-alimentaires-et-bacs-gastronorme-cuisine","7":"product_cat-cuisine","8":"product_cat-non-palettisable","9":"product_cat-thermobox-et-sacs","10":"product_shipping_class-free-shipping","12":"first","13":"instock","14":"featured","15":"taxable","16":"shipping-taxable","17":"purchasable","18":"product-type-simple"},"_links":{"self":[{"href":"https:\/\/abinox-chr-clim.com\/index.php\/wp-json\/wp\/v2\/product\/67165","targetHints":{"allow":["GET"]}}],"collection":[{"href":"https:\/\/abinox-chr-clim.com\/index.php\/wp-json\/wp\/v2\/product"}],"about":[{"href":"https:\/\/abinox-chr-clim.com\/index.php\/wp-json\/wp\/v2\/types\/product"}],"replies":[{"embeddable":true,"href":"https:\/\/abinox-chr-clim.com\/index.php\/wp-json\/wp\/v2\/comments?post=67165"}],"wp:featuredmedia":[{"embeddable":true,"href":"https:\/\/abinox-chr-clim.com\/index.php\/wp-json\/wp\/v2\/media\/83996"}],"wp:attachment":[{"href":"https:\/\/abinox-chr-clim.com\/index.php\/wp-json\/wp\/v2\/media?parent=67165"}],"wp:term":[{"taxonomy":"product_brand","embeddable":true,"href":"https:\/\/abinox-chr-clim.com\/index.php\/wp-json\/wp\/v2\/product_brand?post=67165"},{"taxonomy":"product_cat","embeddable":true,"href":"https:\/\/abinox-chr-clim.com\/index.php\/wp-json\/wp\/v2\/product_cat?post=67165"},{"taxonomy":"product_tag","embeddable":true,"href":"https:\/\/abinox-chr-clim.com\/index.php\/wp-json\/wp\/v2\/product_tag?post=67165"}],"curies":[{"name":"wp","href":"https:\/\/api.w.org\/{rel}","templated":true}]}}