{"id":67164,"date":"2024-03-22T15:44:30","date_gmt":"2024-03-22T14:44:30","guid":{"rendered":"https:\/\/abinox-chr-clim.com\/index.php\/product\/plateau-isotherme-tablotherm-epp-avec-vaisselle-cambro-37-x-53-x-105-cm\/"},"modified":"2026-04-24T10:28:58","modified_gmt":"2026-04-24T08:28:58","slug":"plateau-isotherme-tablotherm-epp-avec-vaisselle-cambro-37-x-53-x-105-cm","status":"publish","type":"product","link":"https:\/\/abinox-chr-clim.com\/index.php\/product\/plateau-isotherme-tablotherm-epp-avec-vaisselle-cambro-37-x-53-x-105-cm\/","title":{"rendered":"Plateau isotherme Tablotherm EPP avec vaisselle Cambro 37 x 53 x 10,5 cm"},"content":{"rendered":"<p>Plateau de distribution de repas individuel, l\u00e9ger, empilable et facile \u00e0 transporter et \u00e0 stocker. Excellente isolation et r\u00e9tention thermique pour la livraison de repas. Permet de livrer des aliments chauds et froids dans le m\u00eame plateau. Maintient la temp\u00e9rature des aliments jusqu&rsquo;\u00e0 1 heure. La conception compacte et l\u00e9g\u00e8re facilite le transport. Empilez les plateaux pour un transport pratique. Compatible lave-vaisselle.Plateau de distribution de repas individuel, l\u00e9ger, empilable et facile \u00e0 transporter et \u00e0 stocker.<\/p>\n<p>Caract\u00e9ristiques :<br \/> Dimensions : 105(H) x 530(l) mm.<\/p>\n","protected":false},"excerpt":{"rendered":"<p>Plateau isotherme Tablotherm EPP avec vaisselle Cambro 37 x 53 x 10,5 cm<\/p>\n","protected":false},"featured_media":83995,"comment_status":"closed","ping_status":"closed","template":"","meta":[],"product_brand":[],"product_cat":[1280,1064,1297,1074],"product_tag":[],"class_list":{"0":"post-67164","1":"product","2":"type-product","3":"status-publish","4":"has-post-thumbnail","6":"product_cat-conteneurs-alimentaires-et-bacs-gastronorme-cuisine","7":"product_cat-cuisine","8":"product_cat-non-palettisable","9":"product_cat-thermobox-et-sacs","10":"product_shipping_class-free-shipping","12":"first","13":"instock","14":"featured","15":"taxable","16":"shipping-taxable","17":"purchasable","18":"product-type-simple"},"_links":{"self":[{"href":"https:\/\/abinox-chr-clim.com\/index.php\/wp-json\/wp\/v2\/product\/67164","targetHints":{"allow":["GET"]}}],"collection":[{"href":"https:\/\/abinox-chr-clim.com\/index.php\/wp-json\/wp\/v2\/product"}],"about":[{"href":"https:\/\/abinox-chr-clim.com\/index.php\/wp-json\/wp\/v2\/types\/product"}],"replies":[{"embeddable":true,"href":"https:\/\/abinox-chr-clim.com\/index.php\/wp-json\/wp\/v2\/comments?post=67164"}],"wp:featuredmedia":[{"embeddable":true,"href":"https:\/\/abinox-chr-clim.com\/index.php\/wp-json\/wp\/v2\/media\/83995"}],"wp:attachment":[{"href":"https:\/\/abinox-chr-clim.com\/index.php\/wp-json\/wp\/v2\/media?parent=67164"}],"wp:term":[{"taxonomy":"product_brand","embeddable":true,"href":"https:\/\/abinox-chr-clim.com\/index.php\/wp-json\/wp\/v2\/product_brand?post=67164"},{"taxonomy":"product_cat","embeddable":true,"href":"https:\/\/abinox-chr-clim.com\/index.php\/wp-json\/wp\/v2\/product_cat?post=67164"},{"taxonomy":"product_tag","embeddable":true,"href":"https:\/\/abinox-chr-clim.com\/index.php\/wp-json\/wp\/v2\/product_tag?post=67164"}],"curies":[{"name":"wp","href":"https:\/\/api.w.org\/{rel}","templated":true}]}}