{"id":67163,"date":"2024-03-22T15:44:30","date_gmt":"2024-03-22T14:44:30","guid":{"rendered":"https:\/\/abinox-chr-clim.com\/index.php\/product\/chariot-isotherme-cambro-ultra-camcart-upc1600-bleu-ardoise\/"},"modified":"2026-04-24T10:28:57","modified_gmt":"2026-04-24T08:28:57","slug":"chariot-isotherme-cambro-ultra-camcart-upc1600-bleu-ardoise","status":"publish","type":"product","link":"https:\/\/abinox-chr-clim.com\/index.php\/product\/chariot-isotherme-cambro-ultra-camcart-upc1600-bleu-ardoise\/","title":{"rendered":"Chariot isotherme Cambro Ultra Camcart UPC1600 bleu ardoise"},"content":{"rendered":"<p>En poly\u00e9thyl\u00e8ne r\u00e9sistant aux fissures, d\u00e9formations, boursouflures, \u00e9br\u00e9chures et \u00e0 la casse. L&rsquo;isolation sans CFC garantit des temp\u00e9ratures s\u00fbres pour les aliments pendant plus de 4 heures, chaudes ou froides. Contient jusqu&rsquo;\u00e0 24 bacs GN 1\/1 de 65mm \u00e0 200mm de profondeur. Ouverture des portes a 270\u00ba permettent un chargement et un d\u00e9chargement faciles. Le capuchon d&rsquo;a\u00e9ration maintient l&rsquo;\u00e9quilibre id\u00e9al d&rsquo;humidit\u00e9. Pas besoin d&rsquo;\u00e9lectricit\u00e9, transportable n&rsquo;importe o\u00f9 !. Joint herm\u00e9tique et facile \u00e0 nettoyer pour un nettoyage rapide. Poign\u00e9es ergonomiques moul\u00e9es pour un transport en toute s\u00e9curit\u00e9. Roulettes de 15,2 cm, 2 fixes \u00e0 l\u00bfarri\u00e8re et 2 pivotantes \u00e0 l\u00bfavant, dont une \u00e9quip\u00e9e d\u00bfun frein.R\u00e9pertori\u00e9 par NSF. En poly\u00e9thyl\u00e8ne r\u00e9sistant aux fissures, d\u00e9formations, boursouflures, \u00e9br\u00e9chures et \u00e0 la casse.<\/p>\n<p>Caract\u00e9ristiques :<br \/> Dimensions : 1374,9(H) x 730,3(l) mm.<\/p>\n","protected":false},"excerpt":{"rendered":"<p>Chariot isotherme Cambro Ultra Camcart UPC1600 bleu ardoise<\/p>\n","protected":false},"featured_media":83994,"comment_status":"closed","ping_status":"closed","template":"","meta":[],"product_brand":[],"product_cat":[1280,1064,1296,1074],"product_tag":[],"class_list":{"0":"post-67163","1":"product","2":"type-product","3":"status-publish","4":"has-post-thumbnail","6":"product_cat-conteneurs-alimentaires-et-bacs-gastronorme-cuisine","7":"product_cat-cuisine","8":"product_cat-palettisable","9":"product_cat-thermobox-et-sacs","11":"first","12":"instock","13":"featured","14":"taxable","15":"shipping-taxable","16":"purchasable","17":"product-type-simple"},"_links":{"self":[{"href":"https:\/\/abinox-chr-clim.com\/index.php\/wp-json\/wp\/v2\/product\/67163","targetHints":{"allow":["GET"]}}],"collection":[{"href":"https:\/\/abinox-chr-clim.com\/index.php\/wp-json\/wp\/v2\/product"}],"about":[{"href":"https:\/\/abinox-chr-clim.com\/index.php\/wp-json\/wp\/v2\/types\/product"}],"replies":[{"embeddable":true,"href":"https:\/\/abinox-chr-clim.com\/index.php\/wp-json\/wp\/v2\/comments?post=67163"}],"wp:featuredmedia":[{"embeddable":true,"href":"https:\/\/abinox-chr-clim.com\/index.php\/wp-json\/wp\/v2\/media\/83994"}],"wp:attachment":[{"href":"https:\/\/abinox-chr-clim.com\/index.php\/wp-json\/wp\/v2\/media?parent=67163"}],"wp:term":[{"taxonomy":"product_brand","embeddable":true,"href":"https:\/\/abinox-chr-clim.com\/index.php\/wp-json\/wp\/v2\/product_brand?post=67163"},{"taxonomy":"product_cat","embeddable":true,"href":"https:\/\/abinox-chr-clim.com\/index.php\/wp-json\/wp\/v2\/product_cat?post=67163"},{"taxonomy":"product_tag","embeddable":true,"href":"https:\/\/abinox-chr-clim.com\/index.php\/wp-json\/wp\/v2\/product_tag?post=67163"}],"curies":[{"name":"wp","href":"https:\/\/api.w.org\/{rel}","templated":true}]}}