{"id":67161,"date":"2024-03-22T15:44:29","date_gmt":"2024-03-22T14:44:29","guid":{"rendered":"https:\/\/abinox-chr-clim.com\/index.php\/product\/chariot-isotherme-avec-portes-chauffantes-cambro-ultra-camcart-upch800-bleu-ardoise-2\/"},"modified":"2026-04-24T10:28:56","modified_gmt":"2026-04-24T08:28:56","slug":"chariot-isotherme-avec-portes-chauffantes-cambro-ultra-camcart-upch800-bleu-ardoise-2","status":"publish","type":"product","link":"https:\/\/abinox-chr-clim.com\/index.php\/product\/chariot-isotherme-avec-portes-chauffantes-cambro-ultra-camcart-upch800-bleu-ardoise-2\/","title":{"rendered":"Chariot isotherme avec portes chauffantes Cambro Ultra Camcart UPCH800 bleu ardoise"},"content":{"rendered":"<p>L&rsquo;isolation sans CFC garantit des temp\u00e9ratures alimentaires s\u00fbres pendant plus de 4 heures sans \u00e9lectricit\u00e9. Offre une chaleur douce et non rayonnante qui ne s\u00e8che pas. Id\u00e9al pour le maintien au chaud lors d&rsquo;\u00e9v\u00e9nements en cas d&rsquo;acc\u00e8s limit\u00e9 aux prises \u00e9lectriques. Un pr\u00e9chauffage rapide d&rsquo;une heure et une r\u00e9cup\u00e9ration de chaleur de trois minutes. Le loquet unique en nylon offre un acc\u00e8s rapide d&rsquo;une seule main. 2 roulettes fixes \u00e0 l\u00bfarri\u00e8re et 2 pivotantes \u00e0 l\u00bfavant, dont une \u00e9quip\u00e9e d\u00bfun frein. \u00c9vent escamotable pour le contr\u00f4le de l&rsquo;humidit\u00e9 et de la pression. Rails moul\u00e9s pour une construction sans couture. Rotomoul\u00e9 pour une durabilit\u00e9 maximale. Accepte \u00e9galement les bacs GN 1\/2 et GN 1\/3. R\u00e9pertori\u00e9 par NSF. L&rsquo;isolation sans CFC garantit des temp\u00e9ratures alimentaires s\u00fbres pendant plus de 4 heures sans \u00e9lectricit\u00e9.<\/p>\n<p>Caract\u00e9ristiques :<br \/> Dimensions : 1371,6(H) x 689,1(l) mm.<\/p>\n","protected":false},"excerpt":{"rendered":"<p>Chariot isotherme avec portes chauffantes Cambro Ultra Camcart UPCH800 bleu ardoise<\/p>\n","protected":false},"featured_media":83988,"comment_status":"closed","ping_status":"closed","template":"","meta":[],"product_brand":[],"product_cat":[1280,1064,1296,1074],"product_tag":[],"class_list":{"0":"post-67161","1":"product","2":"type-product","3":"status-publish","4":"has-post-thumbnail","6":"product_cat-conteneurs-alimentaires-et-bacs-gastronorme-cuisine","7":"product_cat-cuisine","8":"product_cat-palettisable","9":"product_cat-thermobox-et-sacs","11":"first","12":"outofstock","13":"featured","14":"taxable","15":"shipping-taxable","16":"purchasable","17":"product-type-simple"},"_links":{"self":[{"href":"https:\/\/abinox-chr-clim.com\/index.php\/wp-json\/wp\/v2\/product\/67161","targetHints":{"allow":["GET"]}}],"collection":[{"href":"https:\/\/abinox-chr-clim.com\/index.php\/wp-json\/wp\/v2\/product"}],"about":[{"href":"https:\/\/abinox-chr-clim.com\/index.php\/wp-json\/wp\/v2\/types\/product"}],"replies":[{"embeddable":true,"href":"https:\/\/abinox-chr-clim.com\/index.php\/wp-json\/wp\/v2\/comments?post=67161"}],"wp:featuredmedia":[{"embeddable":true,"href":"https:\/\/abinox-chr-clim.com\/index.php\/wp-json\/wp\/v2\/media\/83988"}],"wp:attachment":[{"href":"https:\/\/abinox-chr-clim.com\/index.php\/wp-json\/wp\/v2\/media?parent=67161"}],"wp:term":[{"taxonomy":"product_brand","embeddable":true,"href":"https:\/\/abinox-chr-clim.com\/index.php\/wp-json\/wp\/v2\/product_brand?post=67161"},{"taxonomy":"product_cat","embeddable":true,"href":"https:\/\/abinox-chr-clim.com\/index.php\/wp-json\/wp\/v2\/product_cat?post=67161"},{"taxonomy":"product_tag","embeddable":true,"href":"https:\/\/abinox-chr-clim.com\/index.php\/wp-json\/wp\/v2\/product_tag?post=67161"}],"curies":[{"name":"wp","href":"https:\/\/api.w.org\/{rel}","templated":true}]}}