{"id":67156,"date":"2024-03-22T15:44:28","date_gmt":"2024-03-22T14:44:28","guid":{"rendered":"https:\/\/abinox-chr-clim.com\/index.php\/product\/conteneur-gn-isotherme-cambro-upcs400-serie-s-gris-mouchete\/"},"modified":"2026-04-24T10:28:48","modified_gmt":"2026-04-24T08:28:48","slug":"conteneur-gn-isotherme-cambro-upcs400-serie-s-gris-mouchete","status":"publish","type":"product","link":"https:\/\/abinox-chr-clim.com\/index.php\/product\/conteneur-gn-isotherme-cambro-upcs400-serie-s-gris-mouchete\/","title":{"rendered":"Conteneur GN isotherme Cambro UPCS400 S\u00e9rie S gris mouchet\u00e9"},"content":{"rendered":"<p>L&rsquo;isolation exempte de CFC optimise la s\u00e9curit\u00e9 alimentaire pendant plus de 4 heures. Un seul loquet de 23 cm en nylon assure une ouverture et une fermeture rapides et s\u00fbres. Le dispositif d\u00bf\u00e9tanch\u00e9it\u00e9 int\u00e9gr\u00e9 r\u00e9duit la n\u00e9cessit\u00e9 d\u00bfun joint d\u00bf\u00e9tanch\u00e9it\u00e9 d\u00e9montable. Empilable pour un gain de place et une efficacit\u00e9 optimale. La pince int\u00e9gr\u00e9e permet d\u00bf\u00e9tiqueter le contenu. Pas besoin d\u00bf\u00e9lectricit\u00e9, s\u00bfadapte en tous lieux. Le plan de travail int\u00e9gr\u00e9 permet une pr\u00e9paration s\u00fbre des bacs. Rails moul\u00e9s pour une construction sans couture. Accepte \u00e9galement les bacs GN 1\/2 et GN 1\/3. Lavable en lave-vaisselle. R\u00e9pertori\u00e9 par NSF. L&rsquo;isolation exempte de CFC optimise la s\u00e9curit\u00e9 alimentaire pendant plus de 4 heures.<\/p>\n<p>Caract\u00e9ristiques :<br \/> Dimensions : 635(H) x 457,2(l) mm.<\/p>\n","protected":false},"excerpt":{"rendered":"<p>Conteneur GN isotherme Cambro UPCS400 S\u00e9rie S gris mouchet\u00e9<\/p>\n","protected":false},"featured_media":83982,"comment_status":"closed","ping_status":"closed","template":"","meta":[],"product_brand":[],"product_cat":[1280,1064,1296,1074],"product_tag":[],"class_list":{"0":"post-67156","1":"product","2":"type-product","3":"status-publish","4":"has-post-thumbnail","6":"product_cat-conteneurs-alimentaires-et-bacs-gastronorme-cuisine","7":"product_cat-cuisine","8":"product_cat-palettisable","9":"product_cat-thermobox-et-sacs","11":"first","12":"outofstock","13":"featured","14":"taxable","15":"shipping-taxable","16":"purchasable","17":"product-type-simple"},"_links":{"self":[{"href":"https:\/\/abinox-chr-clim.com\/index.php\/wp-json\/wp\/v2\/product\/67156","targetHints":{"allow":["GET"]}}],"collection":[{"href":"https:\/\/abinox-chr-clim.com\/index.php\/wp-json\/wp\/v2\/product"}],"about":[{"href":"https:\/\/abinox-chr-clim.com\/index.php\/wp-json\/wp\/v2\/types\/product"}],"replies":[{"embeddable":true,"href":"https:\/\/abinox-chr-clim.com\/index.php\/wp-json\/wp\/v2\/comments?post=67156"}],"wp:featuredmedia":[{"embeddable":true,"href":"https:\/\/abinox-chr-clim.com\/index.php\/wp-json\/wp\/v2\/media\/83982"}],"wp:attachment":[{"href":"https:\/\/abinox-chr-clim.com\/index.php\/wp-json\/wp\/v2\/media?parent=67156"}],"wp:term":[{"taxonomy":"product_brand","embeddable":true,"href":"https:\/\/abinox-chr-clim.com\/index.php\/wp-json\/wp\/v2\/product_brand?post=67156"},{"taxonomy":"product_cat","embeddable":true,"href":"https:\/\/abinox-chr-clim.com\/index.php\/wp-json\/wp\/v2\/product_cat?post=67156"},{"taxonomy":"product_tag","embeddable":true,"href":"https:\/\/abinox-chr-clim.com\/index.php\/wp-json\/wp\/v2\/product_tag?post=67156"}],"curies":[{"name":"wp","href":"https:\/\/api.w.org\/{rel}","templated":true}]}}