{"id":67154,"date":"2024-03-22T15:44:27","date_gmt":"2024-03-22T14:44:27","guid":{"rendered":"https:\/\/abinox-chr-clim.com\/index.php\/product\/thermobox-epp-a-chargement-frontal-eco-thermo-future-69l\/"},"modified":"2025-06-17T11:22:24","modified_gmt":"2025-06-17T09:22:24","slug":"thermobox-epp-a-chargement-frontal-eco-thermo-future-69l","status":"publish","type":"product","link":"https:\/\/abinox-chr-clim.com\/index.php\/product\/thermobox-epp-a-chargement-frontal-eco-thermo-future-69l\/","title":{"rendered":"Thermobox EPP \u00e0 chargement frontal Eco Thermo Future 69L"},"content":{"rendered":"<p>Dimensions int\u00e9rieures (lxlxh) 530 x 335 x 390 mm. Volume 69L. 9 guides rails. Durable, l\u00e9ger et \u00e9cologique. Empilable. Construction monobloc solide.  Dimensions int\u00e9rieures (lxlxh) 530 x 335 x 390 mm.<\/p>\n<p>Caract\u00e9ristiques :<br \/> Capacit\u00e9 : 69 L.<br \/> Dimensions : 490(H) x 450(l) mm.<\/p>\n","protected":false},"excerpt":{"rendered":"<p>Thermobox EPP \u00e0 chargement frontal Eco Thermo Future 69L<\/p>\n","protected":false},"featured_media":83887,"comment_status":"closed","ping_status":"closed","template":"","meta":[],"product_brand":[],"product_cat":[1280,1064,1297,1074],"product_tag":[],"class_list":{"0":"post-67154","1":"product","2":"type-product","3":"status-publish","4":"has-post-thumbnail","6":"product_cat-conteneurs-alimentaires-et-bacs-gastronorme-cuisine","7":"product_cat-cuisine","8":"product_cat-non-palettisable","9":"product_cat-thermobox-et-sacs","10":"product_shipping_class-free-shipping","12":"first","13":"outofstock","14":"featured","15":"taxable","16":"shipping-taxable","17":"purchasable","18":"product-type-simple"},"_links":{"self":[{"href":"https:\/\/abinox-chr-clim.com\/index.php\/wp-json\/wp\/v2\/product\/67154","targetHints":{"allow":["GET"]}}],"collection":[{"href":"https:\/\/abinox-chr-clim.com\/index.php\/wp-json\/wp\/v2\/product"}],"about":[{"href":"https:\/\/abinox-chr-clim.com\/index.php\/wp-json\/wp\/v2\/types\/product"}],"replies":[{"embeddable":true,"href":"https:\/\/abinox-chr-clim.com\/index.php\/wp-json\/wp\/v2\/comments?post=67154"}],"wp:featuredmedia":[{"embeddable":true,"href":"https:\/\/abinox-chr-clim.com\/index.php\/wp-json\/wp\/v2\/media\/83887"}],"wp:attachment":[{"href":"https:\/\/abinox-chr-clim.com\/index.php\/wp-json\/wp\/v2\/media?parent=67154"}],"wp:term":[{"taxonomy":"product_brand","embeddable":true,"href":"https:\/\/abinox-chr-clim.com\/index.php\/wp-json\/wp\/v2\/product_brand?post=67154"},{"taxonomy":"product_cat","embeddable":true,"href":"https:\/\/abinox-chr-clim.com\/index.php\/wp-json\/wp\/v2\/product_cat?post=67154"},{"taxonomy":"product_tag","embeddable":true,"href":"https:\/\/abinox-chr-clim.com\/index.php\/wp-json\/wp\/v2\/product_tag?post=67154"}],"curies":[{"name":"wp","href":"https:\/\/api.w.org\/{rel}","templated":true}]}}