{"id":67153,"date":"2024-03-22T15:44:27","date_gmt":"2024-03-22T14:44:27","guid":{"rendered":"https:\/\/abinox-chr-clim.com\/index.php\/product\/boite-epp-thermobox-thermo-future-53l\/"},"modified":"2026-04-24T10:34:14","modified_gmt":"2026-04-24T08:34:14","slug":"boite-epp-thermobox-thermo-future-53l","status":"publish","type":"product","link":"https:\/\/abinox-chr-clim.com\/index.php\/product\/boite-epp-thermobox-thermo-future-53l\/","title":{"rendered":"Bo\u00eete EPP Thermobox Thermo Future 53L"},"content":{"rendered":"<p>Dimensions int\u00e9rieures 200(H) x 425(L) x 625(P) mm. Volume 53L. Poign\u00e9es moul\u00e9es. Durable, l\u00e9ger et \u00e9cologique. Empilable. Bo\u00eete avec couvercle.  Dimensions int\u00e9rieures 200(H) x 425(L) x 625(P) mm.<\/p>\n<p>Caract\u00e9ristiques :<br \/> Capacit\u00e9 : 53 L.<br \/> Dimensions : 260(H) x 485(l) mm.<\/p>\n","protected":false},"excerpt":{"rendered":"<p>Bo\u00eete EPP Thermobox Thermo Future 53L<\/p>\n","protected":false},"featured_media":83883,"comment_status":"closed","ping_status":"closed","template":"","meta":[],"product_brand":[],"product_cat":[1280,1064,1297,1074],"product_tag":[],"class_list":{"0":"post-67153","1":"product","2":"type-product","3":"status-publish","4":"has-post-thumbnail","6":"product_cat-conteneurs-alimentaires-et-bacs-gastronorme-cuisine","7":"product_cat-cuisine","8":"product_cat-non-palettisable","9":"product_cat-thermobox-et-sacs","10":"product_shipping_class-free-shipping","12":"first","13":"instock","14":"featured","15":"taxable","16":"shipping-taxable","17":"purchasable","18":"product-type-simple"},"_links":{"self":[{"href":"https:\/\/abinox-chr-clim.com\/index.php\/wp-json\/wp\/v2\/product\/67153","targetHints":{"allow":["GET"]}}],"collection":[{"href":"https:\/\/abinox-chr-clim.com\/index.php\/wp-json\/wp\/v2\/product"}],"about":[{"href":"https:\/\/abinox-chr-clim.com\/index.php\/wp-json\/wp\/v2\/types\/product"}],"replies":[{"embeddable":true,"href":"https:\/\/abinox-chr-clim.com\/index.php\/wp-json\/wp\/v2\/comments?post=67153"}],"wp:featuredmedia":[{"embeddable":true,"href":"https:\/\/abinox-chr-clim.com\/index.php\/wp-json\/wp\/v2\/media\/83883"}],"wp:attachment":[{"href":"https:\/\/abinox-chr-clim.com\/index.php\/wp-json\/wp\/v2\/media?parent=67153"}],"wp:term":[{"taxonomy":"product_brand","embeddable":true,"href":"https:\/\/abinox-chr-clim.com\/index.php\/wp-json\/wp\/v2\/product_brand?post=67153"},{"taxonomy":"product_cat","embeddable":true,"href":"https:\/\/abinox-chr-clim.com\/index.php\/wp-json\/wp\/v2\/product_cat?post=67153"},{"taxonomy":"product_tag","embeddable":true,"href":"https:\/\/abinox-chr-clim.com\/index.php\/wp-json\/wp\/v2\/product_tag?post=67153"}],"curies":[{"name":"wp","href":"https:\/\/api.w.org\/{rel}","templated":true}]}}