{"id":67152,"date":"2024-03-22T15:44:26","date_gmt":"2024-03-22T14:44:26","guid":{"rendered":"https:\/\/abinox-chr-clim.com\/index.php\/product\/chariot-de-transport-thermo-future-pour-boites-isothermes-gn-1-1\/"},"modified":"2026-04-24T10:34:12","modified_gmt":"2026-04-24T08:34:12","slug":"chariot-de-transport-thermo-future-pour-boites-isothermes-gn-1-1","status":"publish","type":"product","link":"https:\/\/abinox-chr-clim.com\/index.php\/product\/chariot-de-transport-thermo-future-pour-boites-isothermes-gn-1-1\/","title":{"rendered":"Chariot de transport Thermo Future pour bo\u00eetes isothermes GN 1\/1"},"content":{"rendered":"<p>2 roulettes fixes et 2 roulettes pivotantes. Capacit\u00e9 de charge de 250 kg. Roues guid\u00e9es \u00e0 roulement \u00e0 billes. Roues en PP de haute qualit\u00e9 avec surface de roulement. 2 roulettes fixes et 2 roulettes pivotantes.<\/p>\n<p>Caract\u00e9ristiques :<br \/> Dimensions : 170(H) x 415(l) mm.<\/p>\n","protected":false},"excerpt":{"rendered":"<p>Chariot de transport Thermo Future pour bo\u00eetes isothermes GN 1\/1<\/p>\n","protected":false},"featured_media":83882,"comment_status":"closed","ping_status":"closed","template":"","meta":[],"product_brand":[],"product_cat":[1280,1064,1297,1074],"product_tag":[],"class_list":{"0":"post-67152","1":"product","2":"type-product","3":"status-publish","4":"has-post-thumbnail","6":"product_cat-conteneurs-alimentaires-et-bacs-gastronorme-cuisine","7":"product_cat-cuisine","8":"product_cat-non-palettisable","9":"product_cat-thermobox-et-sacs","10":"product_shipping_class-free-shipping","12":"first","13":"instock","14":"featured","15":"taxable","16":"shipping-taxable","17":"purchasable","18":"product-type-simple"},"_links":{"self":[{"href":"https:\/\/abinox-chr-clim.com\/index.php\/wp-json\/wp\/v2\/product\/67152","targetHints":{"allow":["GET"]}}],"collection":[{"href":"https:\/\/abinox-chr-clim.com\/index.php\/wp-json\/wp\/v2\/product"}],"about":[{"href":"https:\/\/abinox-chr-clim.com\/index.php\/wp-json\/wp\/v2\/types\/product"}],"replies":[{"embeddable":true,"href":"https:\/\/abinox-chr-clim.com\/index.php\/wp-json\/wp\/v2\/comments?post=67152"}],"wp:featuredmedia":[{"embeddable":true,"href":"https:\/\/abinox-chr-clim.com\/index.php\/wp-json\/wp\/v2\/media\/83882"}],"wp:attachment":[{"href":"https:\/\/abinox-chr-clim.com\/index.php\/wp-json\/wp\/v2\/media?parent=67152"}],"wp:term":[{"taxonomy":"product_brand","embeddable":true,"href":"https:\/\/abinox-chr-clim.com\/index.php\/wp-json\/wp\/v2\/product_brand?post=67152"},{"taxonomy":"product_cat","embeddable":true,"href":"https:\/\/abinox-chr-clim.com\/index.php\/wp-json\/wp\/v2\/product_cat?post=67152"},{"taxonomy":"product_tag","embeddable":true,"href":"https:\/\/abinox-chr-clim.com\/index.php\/wp-json\/wp\/v2\/product_tag?post=67152"}],"curies":[{"name":"wp","href":"https:\/\/api.w.org\/{rel}","templated":true}]}}