{"id":67150,"date":"2024-03-22T15:44:26","date_gmt":"2024-03-22T14:44:26","guid":{"rendered":"https:\/\/abinox-chr-clim.com\/index.php\/product\/conteneur-alimentaire-isotherme-chauffant-cambro-camcart-bleu-ardoise\/"},"modified":"2026-04-24T10:14:11","modified_gmt":"2026-04-24T08:14:11","slug":"conteneur-alimentaire-isotherme-chauffant-cambro-camcart-bleu-ardoise","status":"publish","type":"product","link":"https:\/\/abinox-chr-clim.com\/index.php\/product\/conteneur-alimentaire-isotherme-chauffant-cambro-camcart-bleu-ardoise\/","title":{"rendered":"Conteneur alimentaire isotherme chauffant Cambro Camcart bleu ardoise"},"content":{"rendered":"<p>Solutions de transport alimentaire \u00e0 chargement frontal. Isolation en mousse durable et adapt\u00e9s au transport d&rsquo;aliments chauds ou froids. Chargement frontal pour un acc\u00e8s facile avec joint amovible herm\u00e9tique pour une \u00e9tanch\u00e9it\u00e9 s\u00fbre.<br \/>Unit\u00e9 de chauffage non corrosive maintient une plage de temp\u00e9rature s\u00fbre de 65 degr\u00e9s Celsius \u00e0\u00a0 74 degr\u00e9s Celsius. Une isolation en mousse \u00e9paisse maintient la temp\u00e9rature pendant des heures, m\u00eame lorsqu&rsquo;elle est d\u00e9branch\u00e9e. Le temps de r\u00e9chauffement de la temp\u00e9rature ambiante \u00e0\u00a0 la temp\u00e9rature chaude est de 45 minutes. 3 minutes de r\u00e9cup\u00e9ration apr\u00e8s avoir maintenu la porte ouverte pendant 30 secondes. 325 x 530mm. Capacit\u00e9 pour les casseroles de 100mm de profondeur : 52 litres 4 GN 1\/1, 8 GN 1\/2, 16 GN 1\/3.Num\u00e9ro d&rsquo;article de Cambro : UPCH4002UK401. Unit\u00e9 de chauffage non corrosive maintient une plage de temp\u00e9rature s\u00fbre de 65 degr\u00e9s Celsius \u00e0\u00a0 74 degr\u00e9s Celsius.<\/p>\n<p>Caract\u00e9ristiques :<br \/> Capacit\u00e9 : 57 L.<br \/> Dimensions : 630(H) x 670(L) x 460(P) mm.<br \/> Mati\u00e8re : Poly\u00e9thyl\u00e8ne.<br \/> Temp\u00e9rature : 65 \u00b0C \u00e0 120 \u00b0C.<br \/> Voltage : 220V.<br \/> Couleur : Bleu ardoise.<br \/> Bac GN : GN 1\/1XY.<\/p>\n","protected":false},"excerpt":{"rendered":"<p>Conteneur alimentaire isotherme chauffant Cambro Camcart bleu ardoise<\/p>\n","protected":false},"featured_media":83326,"comment_status":"closed","ping_status":"closed","template":"","meta":[],"product_brand":[],"product_cat":[1280,1064,1296,1074],"product_tag":[],"class_list":{"0":"post-67150","1":"product","2":"type-product","3":"status-publish","4":"has-post-thumbnail","6":"product_cat-conteneurs-alimentaires-et-bacs-gastronorme-cuisine","7":"product_cat-cuisine","8":"product_cat-palettisable","9":"product_cat-thermobox-et-sacs","11":"first","12":"outofstock","13":"featured","14":"taxable","15":"shipping-taxable","16":"purchasable","17":"product-type-simple"},"_links":{"self":[{"href":"https:\/\/abinox-chr-clim.com\/index.php\/wp-json\/wp\/v2\/product\/67150","targetHints":{"allow":["GET"]}}],"collection":[{"href":"https:\/\/abinox-chr-clim.com\/index.php\/wp-json\/wp\/v2\/product"}],"about":[{"href":"https:\/\/abinox-chr-clim.com\/index.php\/wp-json\/wp\/v2\/types\/product"}],"replies":[{"embeddable":true,"href":"https:\/\/abinox-chr-clim.com\/index.php\/wp-json\/wp\/v2\/comments?post=67150"}],"wp:featuredmedia":[{"embeddable":true,"href":"https:\/\/abinox-chr-clim.com\/index.php\/wp-json\/wp\/v2\/media\/83326"}],"wp:attachment":[{"href":"https:\/\/abinox-chr-clim.com\/index.php\/wp-json\/wp\/v2\/media?parent=67150"}],"wp:term":[{"taxonomy":"product_brand","embeddable":true,"href":"https:\/\/abinox-chr-clim.com\/index.php\/wp-json\/wp\/v2\/product_brand?post=67150"},{"taxonomy":"product_cat","embeddable":true,"href":"https:\/\/abinox-chr-clim.com\/index.php\/wp-json\/wp\/v2\/product_cat?post=67150"},{"taxonomy":"product_tag","embeddable":true,"href":"https:\/\/abinox-chr-clim.com\/index.php\/wp-json\/wp\/v2\/product_tag?post=67150"}],"curies":[{"name":"wp","href":"https:\/\/api.w.org\/{rel}","templated":true}]}}