{"id":67149,"date":"2024-03-22T15:44:26","date_gmt":"2024-03-22T14:44:26","guid":{"rendered":"https:\/\/abinox-chr-clim.com\/index.php\/product\/boxer-gn1-1-thermo-future-thermobox-42l\/"},"modified":"2026-04-24T09:43:53","modified_gmt":"2026-04-24T07:43:53","slug":"boxer-gn1-1-thermo-future-thermobox-42l","status":"publish","type":"product","link":"https:\/\/abinox-chr-clim.com\/index.php\/product\/boxer-gn1-1-thermo-future-thermobox-42l\/","title":{"rendered":"Boxer GN1\/1 Thermo Future Thermobox 42L"},"content":{"rendered":"<p>Base robuste PP-E. Excellentes performances d&rsquo;isolation de -40 jusqu&rsquo;\u00e0 +120\u00b0C max.Accepte les bacs GN de 200mm de profondeur. Lavage recommand\u00e9 \u00e0 80 degr\u00e9s Celsius. R\u00e9sistance thermique jusqu&rsquo;\u00e0 120\u00b0C.  Base robuste PP-E.<\/p>\n<p>Caract\u00e9ristiques :<br \/> Capacit\u00e9 : 42 L.<br \/> Dimensions : 290(H) x 395(L) x 595(P) mm.<br \/> Mati\u00e8re : PP-E &#8211; Polypropyl\u00e8ne expans\u00e9.<br \/> Isolation : 30mm fond et couvercle, 26mm c\u00f4t\u00e9s.<br \/> Couleur : .<br \/> Bac GN : GN 1\/1XY.<\/p>\n","protected":false},"excerpt":{"rendered":"<p>Boxer GN1\/1 Thermo Future Thermobox 42L<\/p>\n","protected":false},"featured_media":82935,"comment_status":"closed","ping_status":"closed","template":"","meta":[],"product_brand":[],"product_cat":[1280,1064,1297,1074],"product_tag":[],"class_list":{"0":"post-67149","1":"product","2":"type-product","3":"status-publish","4":"has-post-thumbnail","6":"product_cat-conteneurs-alimentaires-et-bacs-gastronorme-cuisine","7":"product_cat-cuisine","8":"product_cat-non-palettisable","9":"product_cat-thermobox-et-sacs","10":"product_shipping_class-free-shipping","12":"first","13":"instock","14":"featured","15":"taxable","16":"shipping-taxable","17":"purchasable","18":"product-type-simple"},"_links":{"self":[{"href":"https:\/\/abinox-chr-clim.com\/index.php\/wp-json\/wp\/v2\/product\/67149","targetHints":{"allow":["GET"]}}],"collection":[{"href":"https:\/\/abinox-chr-clim.com\/index.php\/wp-json\/wp\/v2\/product"}],"about":[{"href":"https:\/\/abinox-chr-clim.com\/index.php\/wp-json\/wp\/v2\/types\/product"}],"replies":[{"embeddable":true,"href":"https:\/\/abinox-chr-clim.com\/index.php\/wp-json\/wp\/v2\/comments?post=67149"}],"wp:featuredmedia":[{"embeddable":true,"href":"https:\/\/abinox-chr-clim.com\/index.php\/wp-json\/wp\/v2\/media\/82935"}],"wp:attachment":[{"href":"https:\/\/abinox-chr-clim.com\/index.php\/wp-json\/wp\/v2\/media?parent=67149"}],"wp:term":[{"taxonomy":"product_brand","embeddable":true,"href":"https:\/\/abinox-chr-clim.com\/index.php\/wp-json\/wp\/v2\/product_brand?post=67149"},{"taxonomy":"product_cat","embeddable":true,"href":"https:\/\/abinox-chr-clim.com\/index.php\/wp-json\/wp\/v2\/product_cat?post=67149"},{"taxonomy":"product_tag","embeddable":true,"href":"https:\/\/abinox-chr-clim.com\/index.php\/wp-json\/wp\/v2\/product_tag?post=67149"}],"curies":[{"name":"wp","href":"https:\/\/api.w.org\/{rel}","templated":true}]}}