{"id":66961,"date":"2024-03-22T15:31:26","date_gmt":"2024-03-22T14:31:26","guid":{"rendered":"https:\/\/abinox-chr-clim.com\/index.php\/product\/bocal-a-conserves-a-clip-750ml-vogue\/"},"modified":"2026-04-02T09:03:04","modified_gmt":"2026-04-02T07:03:04","slug":"bocal-a-conserves-a-clip-750ml-vogue","status":"publish","type":"product","link":"https:\/\/abinox-chr-clim.com\/index.php\/product\/bocal-a-conserves-a-clip-750ml-vogue\/","title":{"rendered":"Bocal \u00e0 conserves \u00e0 clip 750ml Vogue"},"content":{"rendered":"<p>Bocaux \u00e0 conserves avec clip m\u00e9tal et joint en caoutchouc pour une fermeture parfaitement herm\u00e9tique. Joints de rechange disponibles s\u00e9par\u00e9ment.<br \/>Livr\u00e9 avec un joint en caoutchouc et le m\u00e9canisme de fermeture herm\u00e9tique. Adapt\u00e9 \u00e0 la conservation des aliments secs et humides. Diam\u00e8tre 9cm. Livr\u00e9 avec un joint en caoutchouc et le m\u00e9canisme de fermeture herm\u00e9tique.<\/p>\n<p>Caract\u00e9ristiques :<br \/> Dimensions : 145(H) x 89(\u00d8)mm.<br \/> Mati\u00e8re : Verre<\/p>\n","protected":false},"excerpt":{"rendered":"<p>Bocal \u00e0 conserves \u00e0 clip 750ml Vogue<\/p>\n","protected":false},"featured_media":100398,"comment_status":"closed","ping_status":"closed","template":"","meta":[],"product_brand":[],"product_cat":[1071,1280,1064,1297],"product_tag":[],"class_list":{"0":"post-66961","1":"product","2":"type-product","3":"status-publish","4":"has-post-thumbnail","6":"product_cat-bocaux-a-conserve","7":"product_cat-conteneurs-alimentaires-et-bacs-gastronorme-cuisine","8":"product_cat-cuisine","9":"product_cat-non-palettisable","10":"product_shipping_class-free-shipping","12":"first","13":"instock","14":"featured","15":"taxable","16":"shipping-taxable","17":"purchasable","18":"product-type-simple"},"_links":{"self":[{"href":"https:\/\/abinox-chr-clim.com\/index.php\/wp-json\/wp\/v2\/product\/66961","targetHints":{"allow":["GET"]}}],"collection":[{"href":"https:\/\/abinox-chr-clim.com\/index.php\/wp-json\/wp\/v2\/product"}],"about":[{"href":"https:\/\/abinox-chr-clim.com\/index.php\/wp-json\/wp\/v2\/types\/product"}],"replies":[{"embeddable":true,"href":"https:\/\/abinox-chr-clim.com\/index.php\/wp-json\/wp\/v2\/comments?post=66961"}],"wp:featuredmedia":[{"embeddable":true,"href":"https:\/\/abinox-chr-clim.com\/index.php\/wp-json\/wp\/v2\/media\/100398"}],"wp:attachment":[{"href":"https:\/\/abinox-chr-clim.com\/index.php\/wp-json\/wp\/v2\/media?parent=66961"}],"wp:term":[{"taxonomy":"product_brand","embeddable":true,"href":"https:\/\/abinox-chr-clim.com\/index.php\/wp-json\/wp\/v2\/product_brand?post=66961"},{"taxonomy":"product_cat","embeddable":true,"href":"https:\/\/abinox-chr-clim.com\/index.php\/wp-json\/wp\/v2\/product_cat?post=66961"},{"taxonomy":"product_tag","embeddable":true,"href":"https:\/\/abinox-chr-clim.com\/index.php\/wp-json\/wp\/v2\/product_tag?post=66961"}],"curies":[{"name":"wp","href":"https:\/\/api.w.org\/{rel}","templated":true}]}}