{"id":66959,"date":"2024-03-22T15:31:23","date_gmt":"2024-03-22T14:31:23","guid":{"rendered":"https:\/\/abinox-chr-clim.com\/index.php\/product\/bocal-a-biscuits-olympia-635l\/"},"modified":"2026-04-02T09:22:39","modified_gmt":"2026-04-02T07:22:39","slug":"bocal-a-biscuits-olympia-635l","status":"publish","type":"product","link":"https:\/\/abinox-chr-clim.com\/index.php\/product\/bocal-a-biscuits-olympia-635l\/","title":{"rendered":"Bocal \u00e0 biscuits Olympia 6,35L"},"content":{"rendered":"<p>Bocal en verre pour conserver et pr\u00e9senter de fa\u00e7on attrayante biscuits et bonbons. Lavable au lave-verres. Livr\u00e9 avec couvercle. Vendu \u00e0 l&rsquo;unit\u00e9.<br \/>Conserve les aliments frais. Design attractif. Conserve les aliments frais.<\/p>\n<p>Caract\u00e9ristiques :<br \/> Capacit\u00e9 : 6.35L.<br \/> Dimensions : 293(H) x 200(\u00d8)mm. Diam\u00e8tre d&rsquo;ouverture 130mm.<br \/> Mati\u00e8re : Verre<\/p>\n","protected":false},"excerpt":{"rendered":"<p>Bocal \u00e0 biscuits Olympia 6,35L<\/p>\n","protected":false},"featured_media":102256,"comment_status":"closed","ping_status":"closed","template":"","meta":[],"product_brand":[],"product_cat":[1071,1280,1064,1297],"product_tag":[],"class_list":{"0":"post-66959","1":"product","2":"type-product","3":"status-publish","4":"has-post-thumbnail","6":"product_cat-bocaux-a-conserve","7":"product_cat-conteneurs-alimentaires-et-bacs-gastronorme-cuisine","8":"product_cat-cuisine","9":"product_cat-non-palettisable","10":"product_shipping_class-free-shipping","12":"first","13":"instock","14":"featured","15":"taxable","16":"shipping-taxable","17":"purchasable","18":"product-type-simple"},"_links":{"self":[{"href":"https:\/\/abinox-chr-clim.com\/index.php\/wp-json\/wp\/v2\/product\/66959","targetHints":{"allow":["GET"]}}],"collection":[{"href":"https:\/\/abinox-chr-clim.com\/index.php\/wp-json\/wp\/v2\/product"}],"about":[{"href":"https:\/\/abinox-chr-clim.com\/index.php\/wp-json\/wp\/v2\/types\/product"}],"replies":[{"embeddable":true,"href":"https:\/\/abinox-chr-clim.com\/index.php\/wp-json\/wp\/v2\/comments?post=66959"}],"wp:featuredmedia":[{"embeddable":true,"href":"https:\/\/abinox-chr-clim.com\/index.php\/wp-json\/wp\/v2\/media\/102256"}],"wp:attachment":[{"href":"https:\/\/abinox-chr-clim.com\/index.php\/wp-json\/wp\/v2\/media?parent=66959"}],"wp:term":[{"taxonomy":"product_brand","embeddable":true,"href":"https:\/\/abinox-chr-clim.com\/index.php\/wp-json\/wp\/v2\/product_brand?post=66959"},{"taxonomy":"product_cat","embeddable":true,"href":"https:\/\/abinox-chr-clim.com\/index.php\/wp-json\/wp\/v2\/product_cat?post=66959"},{"taxonomy":"product_tag","embeddable":true,"href":"https:\/\/abinox-chr-clim.com\/index.php\/wp-json\/wp\/v2\/product_tag?post=66959"}],"curies":[{"name":"wp","href":"https:\/\/api.w.org\/{rel}","templated":true}]}}