{"id":66908,"date":"2024-03-22T15:31:01","date_gmt":"2024-03-22T14:31:01","guid":{"rendered":"https:\/\/abinox-chr-clim.com\/index.php\/product\/bac-gastronorme-inox-gn-1-3-65mm-vogue\/"},"modified":"2026-04-02T08:59:29","modified_gmt":"2026-04-02T06:59:29","slug":"bac-gastronorme-inox-gn-1-3-65mm-vogue","status":"publish","type":"product","link":"https:\/\/abinox-chr-clim.com\/index.php\/product\/bac-gastronorme-inox-gn-1-3-65mm-vogue\/","title":{"rendered":"Bac Gastronorme inox GN 1\/3 65mm Vogue"},"content":{"rendered":"<p>325 x 176 mm.<br \/>Taille standard GN 1\/3 &#8211; parfait pour s&rsquo;ins\u00e9rer dans les r\u00e9frig\u00e9rateurs, les vitrines de service ou les refroidisseurs. Construction solide en inox 201. Tr\u00e8s polyvalent : permet de cuire, refroidir ou stocker des aliments. Couvercles vendus s\u00e9par\u00e9ment. L\u00e8vre ext\u00e9rieure sur\u00e9lev\u00e9e pour un transport facile. Empilable pour un rangement facile. Coins renforc\u00e9s pour r\u00e9sister aux rigueurs d&rsquo;une utilisation intensive.\u00c9paisseur du mat\u00e9riau : 0,8 mm &#8211; calibre 20. Taille standard GN 1\/3 &#8211; parfait pour s&rsquo;ins\u00e9rer dans les r\u00e9frig\u00e9rateurs, les vitrines de service ou les refroidisseurs.<\/p>\n<p>Caract\u00e9ristiques :<br \/> Capacit\u00e9 : 2,5 L.<br \/> Dimensions : 176(H) x 325(L) x 65(P) mm.<br \/> Mati\u00e8re : Inox.<br \/> Couleur : Argent.<br \/> Bac GN : GN 1\/3XY.<\/p>\n","protected":false},"excerpt":{"rendered":"<p>Bac Gastronorme inox GN 1\/3 65mm Vogue<\/p>\n","protected":false},"featured_media":104645,"comment_status":"closed","ping_status":"closed","template":"","meta":[],"product_brand":[],"product_cat":[1281,1280,1064,1297],"product_tag":[],"class_list":{"0":"post-66908","1":"product","2":"type-product","3":"status-publish","4":"has-post-thumbnail","6":"product_cat-bacs-gn-conteneurs-alimentaires-et-bacs-gastronorme-cuisine","7":"product_cat-conteneurs-alimentaires-et-bacs-gastronorme-cuisine","8":"product_cat-cuisine","9":"product_cat-non-palettisable","10":"product_shipping_class-free-shipping","12":"first","13":"instock","14":"featured","15":"taxable","16":"shipping-taxable","17":"purchasable","18":"product-type-simple"},"_links":{"self":[{"href":"https:\/\/abinox-chr-clim.com\/index.php\/wp-json\/wp\/v2\/product\/66908","targetHints":{"allow":["GET"]}}],"collection":[{"href":"https:\/\/abinox-chr-clim.com\/index.php\/wp-json\/wp\/v2\/product"}],"about":[{"href":"https:\/\/abinox-chr-clim.com\/index.php\/wp-json\/wp\/v2\/types\/product"}],"replies":[{"embeddable":true,"href":"https:\/\/abinox-chr-clim.com\/index.php\/wp-json\/wp\/v2\/comments?post=66908"}],"wp:featuredmedia":[{"embeddable":true,"href":"https:\/\/abinox-chr-clim.com\/index.php\/wp-json\/wp\/v2\/media\/104645"}],"wp:attachment":[{"href":"https:\/\/abinox-chr-clim.com\/index.php\/wp-json\/wp\/v2\/media?parent=66908"}],"wp:term":[{"taxonomy":"product_brand","embeddable":true,"href":"https:\/\/abinox-chr-clim.com\/index.php\/wp-json\/wp\/v2\/product_brand?post=66908"},{"taxonomy":"product_cat","embeddable":true,"href":"https:\/\/abinox-chr-clim.com\/index.php\/wp-json\/wp\/v2\/product_cat?post=66908"},{"taxonomy":"product_tag","embeddable":true,"href":"https:\/\/abinox-chr-clim.com\/index.php\/wp-json\/wp\/v2\/product_tag?post=66908"}],"curies":[{"name":"wp","href":"https:\/\/api.w.org\/{rel}","templated":true}]}}