{"id":66896,"date":"2024-03-22T15:30:54","date_gmt":"2024-03-22T14:30:54","guid":{"rendered":"https:\/\/abinox-chr-clim.com\/index.php\/product\/bac-gastronorme-inox-perfore-gn-1-2-65mm-vogue\/"},"modified":"2026-04-02T08:59:13","modified_gmt":"2026-04-02T06:59:13","slug":"bac-gastronorme-inox-perfore-gn-1-2-65mm-vogue","status":"publish","type":"product","link":"https:\/\/abinox-chr-clim.com\/index.php\/product\/bac-gastronorme-inox-perfore-gn-1-2-65mm-vogue\/","title":{"rendered":"Bac Gastronorme inox perfor\u00e9 GN 1\/2 65mm Vogue"},"content":{"rendered":"<p>Peut servir pour cuisiner, ranger, r\u00e9chauffer, transporter, refroidir ou pour pr\u00e9senter les aliments.Perfor\u00e9. \u00c9paisseur du mat\u00e9riau : 08mm &#8211; 20mm. Peut servir pour cuisiner, ranger, r\u00e9chauffer, transporter, refroidir ou pour pr\u00e9senter les aliments. .<br \/> Caract\u00e9ristiques :<br \/> Capacit\u00e9 : 4 L.<br \/> Dimensions : 265(H) x 325(L) x 65(P) mm.<br \/> Mati\u00e8re : Inox.<br \/> Couleur : Argent.<br \/> Bac GN : GN 1\/2XY.<\/p>\n","protected":false},"excerpt":{"rendered":"<p>Bac Gastronorme inox perfor\u00e9 GN 1\/2 65mm Vogue<\/p>\n","protected":false},"featured_media":104625,"comment_status":"closed","ping_status":"closed","template":"","meta":[],"product_brand":[],"product_cat":[1281,1280,1064,1297],"product_tag":[],"class_list":{"0":"post-66896","1":"product","2":"type-product","3":"status-publish","4":"has-post-thumbnail","6":"product_cat-bacs-gn-conteneurs-alimentaires-et-bacs-gastronorme-cuisine","7":"product_cat-conteneurs-alimentaires-et-bacs-gastronorme-cuisine","8":"product_cat-cuisine","9":"product_cat-non-palettisable","10":"product_shipping_class-free-shipping","12":"first","13":"instock","14":"featured","15":"taxable","16":"shipping-taxable","17":"purchasable","18":"product-type-simple"},"_links":{"self":[{"href":"https:\/\/abinox-chr-clim.com\/index.php\/wp-json\/wp\/v2\/product\/66896","targetHints":{"allow":["GET"]}}],"collection":[{"href":"https:\/\/abinox-chr-clim.com\/index.php\/wp-json\/wp\/v2\/product"}],"about":[{"href":"https:\/\/abinox-chr-clim.com\/index.php\/wp-json\/wp\/v2\/types\/product"}],"replies":[{"embeddable":true,"href":"https:\/\/abinox-chr-clim.com\/index.php\/wp-json\/wp\/v2\/comments?post=66896"}],"wp:featuredmedia":[{"embeddable":true,"href":"https:\/\/abinox-chr-clim.com\/index.php\/wp-json\/wp\/v2\/media\/104625"}],"wp:attachment":[{"href":"https:\/\/abinox-chr-clim.com\/index.php\/wp-json\/wp\/v2\/media?parent=66896"}],"wp:term":[{"taxonomy":"product_brand","embeddable":true,"href":"https:\/\/abinox-chr-clim.com\/index.php\/wp-json\/wp\/v2\/product_brand?post=66896"},{"taxonomy":"product_cat","embeddable":true,"href":"https:\/\/abinox-chr-clim.com\/index.php\/wp-json\/wp\/v2\/product_cat?post=66896"},{"taxonomy":"product_tag","embeddable":true,"href":"https:\/\/abinox-chr-clim.com\/index.php\/wp-json\/wp\/v2\/product_tag?post=66896"}],"curies":[{"name":"wp","href":"https:\/\/api.w.org\/{rel}","templated":true}]}}