{"id":66887,"date":"2024-03-22T15:30:51","date_gmt":"2024-03-22T14:30:51","guid":{"rendered":"https:\/\/abinox-chr-clim.com\/index.php\/product\/bac-gastronorme-inox-gn-1-9-65mm-vogue\/"},"modified":"2026-04-02T08:59:00","modified_gmt":"2026-04-02T06:59:00","slug":"bac-gastronorme-inox-gn-1-9-65mm-vogue","status":"publish","type":"product","link":"https:\/\/abinox-chr-clim.com\/index.php\/product\/bac-gastronorme-inox-gn-1-9-65mm-vogue\/","title":{"rendered":"Bac Gastronorme inox GN 1\/9 65mm Vogue"},"content":{"rendered":"<p>176 x 108 mm.<br \/>Taille standard GN 1\/9 &#8211; parfait pour une utilisation dans les r\u00e9frig\u00e9rateurs, saladettes ou cellules de refroidissement rapide. Construction inox r\u00e9sistante. Tr\u00e8s polyvalent : permet decuire, refroidir ou conserver les aliments. Couvercle vendu s\u00e9par\u00e9ment. L\u00e8vre ext\u00e9rieure sur\u00e9lev\u00e9e pour un transport facile. Empilable pour un stockage facile.\u00c9paisseur du mat\u00e9riau : 8 mm &#8211; calibre 20. Taille standard GN 1\/9 &#8211; parfait pour une utilisation dans les r\u00e9frig\u00e9rateurs, saladettes ou cellules de refroidissement rapide.<\/p>\n<p>Caract\u00e9ristiques :<br \/> Capacit\u00e9 : 60 cl.<br \/> Dimensions : 108(H) x 176(L) x 65(P) mm.<br \/> Mati\u00e8re : Acier inoxydable.<br \/> Couleur : Argent.<br \/> Bac GN : GN 1\/9XY.<\/p>\n","protected":false},"excerpt":{"rendered":"<p>Bac Gastronorme inox GN 1\/9 65mm Vogue<\/p>\n","protected":false},"featured_media":104609,"comment_status":"closed","ping_status":"closed","template":"","meta":[],"product_brand":[],"product_cat":[1281,1280,1064,1297],"product_tag":[],"class_list":{"0":"post-66887","1":"product","2":"type-product","3":"status-publish","4":"has-post-thumbnail","6":"product_cat-bacs-gn-conteneurs-alimentaires-et-bacs-gastronorme-cuisine","7":"product_cat-conteneurs-alimentaires-et-bacs-gastronorme-cuisine","8":"product_cat-cuisine","9":"product_cat-non-palettisable","10":"product_shipping_class-free-shipping","12":"first","13":"instock","14":"featured","15":"taxable","16":"shipping-taxable","17":"purchasable","18":"product-type-simple"},"_links":{"self":[{"href":"https:\/\/abinox-chr-clim.com\/index.php\/wp-json\/wp\/v2\/product\/66887","targetHints":{"allow":["GET"]}}],"collection":[{"href":"https:\/\/abinox-chr-clim.com\/index.php\/wp-json\/wp\/v2\/product"}],"about":[{"href":"https:\/\/abinox-chr-clim.com\/index.php\/wp-json\/wp\/v2\/types\/product"}],"replies":[{"embeddable":true,"href":"https:\/\/abinox-chr-clim.com\/index.php\/wp-json\/wp\/v2\/comments?post=66887"}],"wp:featuredmedia":[{"embeddable":true,"href":"https:\/\/abinox-chr-clim.com\/index.php\/wp-json\/wp\/v2\/media\/104609"}],"wp:attachment":[{"href":"https:\/\/abinox-chr-clim.com\/index.php\/wp-json\/wp\/v2\/media?parent=66887"}],"wp:term":[{"taxonomy":"product_brand","embeddable":true,"href":"https:\/\/abinox-chr-clim.com\/index.php\/wp-json\/wp\/v2\/product_brand?post=66887"},{"taxonomy":"product_cat","embeddable":true,"href":"https:\/\/abinox-chr-clim.com\/index.php\/wp-json\/wp\/v2\/product_cat?post=66887"},{"taxonomy":"product_tag","embeddable":true,"href":"https:\/\/abinox-chr-clim.com\/index.php\/wp-json\/wp\/v2\/product_tag?post=66887"}],"curies":[{"name":"wp","href":"https:\/\/api.w.org\/{rel}","templated":true}]}}