{"id":66884,"date":"2024-03-22T15:30:50","date_gmt":"2024-03-22T14:30:50","guid":{"rendered":"https:\/\/abinox-chr-clim.com\/index.php\/product\/bac-gastronorme-inox-gn-1-4-100mm-vogue\/"},"modified":"2026-04-02T08:58:57","modified_gmt":"2026-04-02T06:58:57","slug":"bac-gastronorme-inox-gn-1-4-100mm-vogue","status":"publish","type":"product","link":"https:\/\/abinox-chr-clim.com\/index.php\/product\/bac-gastronorme-inox-gn-1-4-100mm-vogue\/","title":{"rendered":"Bac Gastronorme inox GN 1\/4 100mm Vogue"},"content":{"rendered":"<p>265 x 162 mm.<br \/>Construction solide en acier inoxydable. Tr\u00e8s polyvalent : permet de cuire, refroidir ou stocker des aliments. Couvercles vendus s\u00e9par\u00e9ment. L\u00e8vre ext\u00e9rieure sur\u00e9lev\u00e9e pour un transport facile. Empilable pour un rangement facile. Coins renforc\u00e9s pour r\u00e9sister aux rigueurs d&rsquo;une utilisation intensive.\u00c9paisseur du mat\u00e9riau : 8 mm &#8211; calibre 20. Construction solide en acier inoxydable.<\/p>\n<p>Caract\u00e9ristiques :<br \/> Capacit\u00e9 : 2,5 L.<br \/> Dimensions : 162(H) x 265(L) x 100(P) mm.<br \/> Mati\u00e8re : Acier inoxydable.<br \/> Couleur : Argent.<br \/> Bac GN : GN 1\/4XY.<\/p>\n","protected":false},"excerpt":{"rendered":"<p>Bac Gastronorme inox GN 1\/4 100mm Vogue<\/p>\n","protected":false},"featured_media":103473,"comment_status":"closed","ping_status":"closed","template":"","meta":[],"product_brand":[],"product_cat":[1281,1280,1064,1297],"product_tag":[],"class_list":{"0":"post-66884","1":"product","2":"type-product","3":"status-publish","4":"has-post-thumbnail","6":"product_cat-bacs-gn-conteneurs-alimentaires-et-bacs-gastronorme-cuisine","7":"product_cat-conteneurs-alimentaires-et-bacs-gastronorme-cuisine","8":"product_cat-cuisine","9":"product_cat-non-palettisable","10":"product_shipping_class-free-shipping","12":"first","13":"instock","14":"featured","15":"taxable","16":"shipping-taxable","17":"purchasable","18":"product-type-simple"},"_links":{"self":[{"href":"https:\/\/abinox-chr-clim.com\/index.php\/wp-json\/wp\/v2\/product\/66884","targetHints":{"allow":["GET"]}}],"collection":[{"href":"https:\/\/abinox-chr-clim.com\/index.php\/wp-json\/wp\/v2\/product"}],"about":[{"href":"https:\/\/abinox-chr-clim.com\/index.php\/wp-json\/wp\/v2\/types\/product"}],"replies":[{"embeddable":true,"href":"https:\/\/abinox-chr-clim.com\/index.php\/wp-json\/wp\/v2\/comments?post=66884"}],"wp:featuredmedia":[{"embeddable":true,"href":"https:\/\/abinox-chr-clim.com\/index.php\/wp-json\/wp\/v2\/media\/103473"}],"wp:attachment":[{"href":"https:\/\/abinox-chr-clim.com\/index.php\/wp-json\/wp\/v2\/media?parent=66884"}],"wp:term":[{"taxonomy":"product_brand","embeddable":true,"href":"https:\/\/abinox-chr-clim.com\/index.php\/wp-json\/wp\/v2\/product_brand?post=66884"},{"taxonomy":"product_cat","embeddable":true,"href":"https:\/\/abinox-chr-clim.com\/index.php\/wp-json\/wp\/v2\/product_cat?post=66884"},{"taxonomy":"product_tag","embeddable":true,"href":"https:\/\/abinox-chr-clim.com\/index.php\/wp-json\/wp\/v2\/product_tag?post=66884"}],"curies":[{"name":"wp","href":"https:\/\/api.w.org\/{rel}","templated":true}]}}