{"id":66880,"date":"2024-03-22T15:30:48","date_gmt":"2024-03-22T14:30:48","guid":{"rendered":"https:\/\/abinox-chr-clim.com\/index.php\/product\/bac-gastronorme-inox-gn-2-3-65mm-vogue\/"},"modified":"2026-04-02T08:58:54","modified_gmt":"2026-04-02T06:58:54","slug":"bac-gastronorme-inox-gn-2-3-65mm-vogue","status":"publish","type":"product","link":"https:\/\/abinox-chr-clim.com\/index.php\/product\/bac-gastronorme-inox-gn-2-3-65mm-vogue\/","title":{"rendered":"Bac Gastronorme inox GN 2\/3 65mm Vogue"},"content":{"rendered":"<p>325 x 354 mm.<br \/>Mat\u00e9riau durable et r\u00e9sistant \u00e0 la corrosion. Grande r\u00e9sistance. Pour une utilisation professionnelle. Design simple et \u00e9l\u00e9gant. Dimensions GN pour une capacit\u00e9 maximale.  \u00c9paisseur du mat\u00e9riau : 8 mm &#8211; calibre 20. Mat\u00e9riau durable et r\u00e9sistant \u00e0 la corrosion.<\/p>\n<p>Caract\u00e9ristiques :<br \/> Capacit\u00e9 : 5,5 L.<br \/> Dimensions : 325(H) x 354(L) x 65(P) mm.<br \/> Mati\u00e8re : acier inoxydable.<br \/> Couleur : Argent.<br \/> Bac GN : GN 2\/3XY.<\/p>\n","protected":false},"excerpt":{"rendered":"<p>Bac Gastronorme inox GN 2\/3 65mm Vogue<\/p>\n","protected":false},"featured_media":103470,"comment_status":"closed","ping_status":"closed","template":"","meta":[],"product_brand":[],"product_cat":[1281,1280,1064,1297],"product_tag":[],"class_list":{"0":"post-66880","1":"product","2":"type-product","3":"status-publish","4":"has-post-thumbnail","6":"product_cat-bacs-gn-conteneurs-alimentaires-et-bacs-gastronorme-cuisine","7":"product_cat-conteneurs-alimentaires-et-bacs-gastronorme-cuisine","8":"product_cat-cuisine","9":"product_cat-non-palettisable","10":"product_shipping_class-free-shipping","12":"first","13":"instock","14":"featured","15":"taxable","16":"shipping-taxable","17":"purchasable","18":"product-type-simple"},"_links":{"self":[{"href":"https:\/\/abinox-chr-clim.com\/index.php\/wp-json\/wp\/v2\/product\/66880","targetHints":{"allow":["GET"]}}],"collection":[{"href":"https:\/\/abinox-chr-clim.com\/index.php\/wp-json\/wp\/v2\/product"}],"about":[{"href":"https:\/\/abinox-chr-clim.com\/index.php\/wp-json\/wp\/v2\/types\/product"}],"replies":[{"embeddable":true,"href":"https:\/\/abinox-chr-clim.com\/index.php\/wp-json\/wp\/v2\/comments?post=66880"}],"wp:featuredmedia":[{"embeddable":true,"href":"https:\/\/abinox-chr-clim.com\/index.php\/wp-json\/wp\/v2\/media\/103470"}],"wp:attachment":[{"href":"https:\/\/abinox-chr-clim.com\/index.php\/wp-json\/wp\/v2\/media?parent=66880"}],"wp:term":[{"taxonomy":"product_brand","embeddable":true,"href":"https:\/\/abinox-chr-clim.com\/index.php\/wp-json\/wp\/v2\/product_brand?post=66880"},{"taxonomy":"product_cat","embeddable":true,"href":"https:\/\/abinox-chr-clim.com\/index.php\/wp-json\/wp\/v2\/product_cat?post=66880"},{"taxonomy":"product_tag","embeddable":true,"href":"https:\/\/abinox-chr-clim.com\/index.php\/wp-json\/wp\/v2\/product_tag?post=66880"}],"curies":[{"name":"wp","href":"https:\/\/api.w.org\/{rel}","templated":true}]}}