{"id":66874,"date":"2024-03-22T15:30:46","date_gmt":"2024-03-22T14:30:46","guid":{"rendered":"https:\/\/abinox-chr-clim.com\/index.php\/product\/bac-inox-perfore-gn-1-1-matfer-bourgeat-100mm\/"},"modified":"2026-04-02T08:56:35","modified_gmt":"2026-04-02T06:56:35","slug":"bac-inox-perfore-gn-1-1-matfer-bourgeat-100mm","status":"publish","type":"product","link":"https:\/\/abinox-chr-clim.com\/index.php\/product\/bac-inox-perfore-gn-1-1-matfer-bourgeat-100mm\/","title":{"rendered":"Bac inox perfor\u00e9 GN 1\/1 Matfer Bourgeat 100mm"},"content":{"rendered":"<p>Fabriqu\u00e9e en acier inoxydable 18\/10 de haute qualit\u00e9. Perfor\u00e9e. Conforme \u00e0\u00a0 la norme Euro EN631. Coin renforc\u00e9 pour r\u00e9sister aux dommages. Conforme \u00e0 la norme europ\u00e9enne EN631.Coins renforc\u00e9s pour r\u00e9sister aux dommages. Fabriqu\u00e9e en acier inoxydable 18\/10 de haute qualit\u00e9.<\/p>\n<p>Caract\u00e9ristiques :<br \/> Capacit\u00e9 : 13,5 L.<br \/> Dimensions : 325(H) x 530(L) x 100(P) mm.<br \/> Mati\u00e8re : Inox.<br \/> Couleur : .<br \/> Bac GN : GN 1\/1XY.<\/p>\n","protected":false},"excerpt":{"rendered":"<p>Bac inox perfor\u00e9 GN 1\/1 Matfer Bourgeat 100mm<\/p>\n","protected":false},"featured_media":103452,"comment_status":"closed","ping_status":"closed","template":"","meta":[],"product_brand":[],"product_cat":[1281,1280,1064,1297],"product_tag":[],"class_list":{"0":"post-66874","1":"product","2":"type-product","3":"status-publish","4":"has-post-thumbnail","6":"product_cat-bacs-gn-conteneurs-alimentaires-et-bacs-gastronorme-cuisine","7":"product_cat-conteneurs-alimentaires-et-bacs-gastronorme-cuisine","8":"product_cat-cuisine","9":"product_cat-non-palettisable","10":"product_shipping_class-free-shipping","12":"first","13":"outofstock","14":"featured","15":"taxable","16":"shipping-taxable","17":"purchasable","18":"product-type-simple"},"_links":{"self":[{"href":"https:\/\/abinox-chr-clim.com\/index.php\/wp-json\/wp\/v2\/product\/66874","targetHints":{"allow":["GET"]}}],"collection":[{"href":"https:\/\/abinox-chr-clim.com\/index.php\/wp-json\/wp\/v2\/product"}],"about":[{"href":"https:\/\/abinox-chr-clim.com\/index.php\/wp-json\/wp\/v2\/types\/product"}],"replies":[{"embeddable":true,"href":"https:\/\/abinox-chr-clim.com\/index.php\/wp-json\/wp\/v2\/comments?post=66874"}],"wp:featuredmedia":[{"embeddable":true,"href":"https:\/\/abinox-chr-clim.com\/index.php\/wp-json\/wp\/v2\/media\/103452"}],"wp:attachment":[{"href":"https:\/\/abinox-chr-clim.com\/index.php\/wp-json\/wp\/v2\/media?parent=66874"}],"wp:term":[{"taxonomy":"product_brand","embeddable":true,"href":"https:\/\/abinox-chr-clim.com\/index.php\/wp-json\/wp\/v2\/product_brand?post=66874"},{"taxonomy":"product_cat","embeddable":true,"href":"https:\/\/abinox-chr-clim.com\/index.php\/wp-json\/wp\/v2\/product_cat?post=66874"},{"taxonomy":"product_tag","embeddable":true,"href":"https:\/\/abinox-chr-clim.com\/index.php\/wp-json\/wp\/v2\/product_tag?post=66874"}],"curies":[{"name":"wp","href":"https:\/\/api.w.org\/{rel}","templated":true}]}}