{"id":66872,"date":"2024-03-22T15:30:45","date_gmt":"2024-03-22T14:30:45","guid":{"rendered":"https:\/\/abinox-chr-clim.com\/index.php\/product\/entretoise-gastronorme-inox-318mm-vogue\/"},"modified":"2026-04-02T08:56:33","modified_gmt":"2026-04-02T06:56:33","slug":"entretoise-gastronorme-inox-318mm-vogue","status":"publish","type":"product","link":"https:\/\/abinox-chr-clim.com\/index.php\/product\/entretoise-gastronorme-inox-318mm-vogue\/","title":{"rendered":"Entretoise Gastronorme inox 318mm Vogue"},"content":{"rendered":"<p>Entretoises en acier inoxydable pour bacs Vogue et Bourgeat.<br \/>Fabriqu\u00e9e en acier inoxydable 18\/10 de haute qualit\u00e9.Convient aux formats GN\u00a0: 1\/1, 2\/3, 1\/2 et 1\/3. Peut \u00eatre utilis\u00e9e pour cr\u00e9er une grande vari\u00e9t\u00e9 de rangements. Dimensions 325 x 25 mm. Fabriqu\u00e9e en acier inoxydable 18\/10 de haute qualit\u00e9. .<br \/> Caract\u00e9ristiques :<br \/> Dimensions : 318(L) x 318(L) mm.<br \/> Mati\u00e8re : Acier inoxydable.<br \/> Couleur : Argent.<\/p>\n","protected":false},"excerpt":{"rendered":"<p>Entretoise Gastronorme inox 318mm Vogue<\/p>\n","protected":false},"featured_media":104416,"comment_status":"closed","ping_status":"closed","template":"","meta":[],"product_brand":[],"product_cat":[1281,1280,1064,1297],"product_tag":[],"class_list":{"0":"post-66872","1":"product","2":"type-product","3":"status-publish","4":"has-post-thumbnail","6":"product_cat-bacs-gn-conteneurs-alimentaires-et-bacs-gastronorme-cuisine","7":"product_cat-conteneurs-alimentaires-et-bacs-gastronorme-cuisine","8":"product_cat-cuisine","9":"product_cat-non-palettisable","10":"product_shipping_class-free-shipping","12":"first","13":"instock","14":"featured","15":"taxable","16":"shipping-taxable","17":"purchasable","18":"product-type-simple"},"_links":{"self":[{"href":"https:\/\/abinox-chr-clim.com\/index.php\/wp-json\/wp\/v2\/product\/66872","targetHints":{"allow":["GET"]}}],"collection":[{"href":"https:\/\/abinox-chr-clim.com\/index.php\/wp-json\/wp\/v2\/product"}],"about":[{"href":"https:\/\/abinox-chr-clim.com\/index.php\/wp-json\/wp\/v2\/types\/product"}],"replies":[{"embeddable":true,"href":"https:\/\/abinox-chr-clim.com\/index.php\/wp-json\/wp\/v2\/comments?post=66872"}],"wp:featuredmedia":[{"embeddable":true,"href":"https:\/\/abinox-chr-clim.com\/index.php\/wp-json\/wp\/v2\/media\/104416"}],"wp:attachment":[{"href":"https:\/\/abinox-chr-clim.com\/index.php\/wp-json\/wp\/v2\/media?parent=66872"}],"wp:term":[{"taxonomy":"product_brand","embeddable":true,"href":"https:\/\/abinox-chr-clim.com\/index.php\/wp-json\/wp\/v2\/product_brand?post=66872"},{"taxonomy":"product_cat","embeddable":true,"href":"https:\/\/abinox-chr-clim.com\/index.php\/wp-json\/wp\/v2\/product_cat?post=66872"},{"taxonomy":"product_tag","embeddable":true,"href":"https:\/\/abinox-chr-clim.com\/index.php\/wp-json\/wp\/v2\/product_tag?post=66872"}],"curies":[{"name":"wp","href":"https:\/\/api.w.org\/{rel}","templated":true}]}}