{"id":66780,"date":"2024-03-22T15:30:00","date_gmt":"2024-03-22T14:30:00","guid":{"rendered":"https:\/\/abinox-chr-clim.com\/index.php\/product\/bac-en-polypropylene-gn1-2-150mm-vogue-lot-de-4\/"},"modified":"2026-03-10T10:26:00","modified_gmt":"2026-03-10T09:26:00","slug":"bac-en-polypropylene-gn1-2-150mm-vogue-lot-de-4","status":"publish","type":"product","link":"https:\/\/abinox-chr-clim.com\/index.php\/product\/bac-en-polypropylene-gn1-2-150mm-vogue-lot-de-4\/","title":{"rendered":"Bac en polypropyl\u00e8ne  GN1\/2 150mm Vogue (Lot de 4)"},"content":{"rendered":"<p>325 x 265mm.<br \/>Convient aux cong\u00e9lateurs &#8211; y compris les chambres froides et les cong\u00e9lateurs. Design facile \u00e0 nettoyer. Les languettes du couvercle en saillie facilitent l&rsquo;ouverture. Dimensionnement standard GN &#8211; peut \u00eatre d\u00e9plac\u00e9 rapidement entre les stations de pr\u00e9paration et de stockage. Compl\u00e8tement s\u00fbr pour les aliments et sans BPA. Le couvercle encliquetable permet de conserver la fra\u00eecheur du contenu et de prolonger la dur\u00e9e de conservation. Empilables pour un rangement facile et peu encombrant.Convient aux cong\u00e9lateurs &#8211; y compris les chambres froides et les cong\u00e9lateurs.<\/p>\n<p>Caract\u00e9ristiques :<br \/>Lot : 4.<br \/> Capacit\u00e9 : 8,9 L.<br \/> Dimensions : 265(H) x 325(L) x 150(P) mm.<br \/> Mati\u00e8re : Polypropyl\u00e8ne.<br \/> Temp\u00e9rature : -40\u00b0C \u00e0 +70\u00b0C.<br \/> Couleur : Blanc.<br \/> Bac GN : GN 1\/2XY.<\/p>\n","protected":false},"excerpt":{"rendered":"<p>Bac en polypropyl\u00e8ne  GN1\/2 150mm Vogue (Lot de 4)<\/p>\n","protected":false},"featured_media":101901,"comment_status":"closed","ping_status":"closed","template":"","meta":[],"product_brand":[],"product_cat":[1281,1280,1064,1297],"product_tag":[],"class_list":{"0":"post-66780","1":"product","2":"type-product","3":"status-publish","4":"has-post-thumbnail","6":"product_cat-bacs-gn-conteneurs-alimentaires-et-bacs-gastronorme-cuisine","7":"product_cat-conteneurs-alimentaires-et-bacs-gastronorme-cuisine","8":"product_cat-cuisine","9":"product_cat-non-palettisable","10":"product_shipping_class-free-shipping","12":"first","13":"outofstock","14":"featured","15":"taxable","16":"shipping-taxable","17":"purchasable","18":"product-type-simple"},"_links":{"self":[{"href":"https:\/\/abinox-chr-clim.com\/index.php\/wp-json\/wp\/v2\/product\/66780","targetHints":{"allow":["GET"]}}],"collection":[{"href":"https:\/\/abinox-chr-clim.com\/index.php\/wp-json\/wp\/v2\/product"}],"about":[{"href":"https:\/\/abinox-chr-clim.com\/index.php\/wp-json\/wp\/v2\/types\/product"}],"replies":[{"embeddable":true,"href":"https:\/\/abinox-chr-clim.com\/index.php\/wp-json\/wp\/v2\/comments?post=66780"}],"wp:featuredmedia":[{"embeddable":true,"href":"https:\/\/abinox-chr-clim.com\/index.php\/wp-json\/wp\/v2\/media\/101901"}],"wp:attachment":[{"href":"https:\/\/abinox-chr-clim.com\/index.php\/wp-json\/wp\/v2\/media?parent=66780"}],"wp:term":[{"taxonomy":"product_brand","embeddable":true,"href":"https:\/\/abinox-chr-clim.com\/index.php\/wp-json\/wp\/v2\/product_brand?post=66780"},{"taxonomy":"product_cat","embeddable":true,"href":"https:\/\/abinox-chr-clim.com\/index.php\/wp-json\/wp\/v2\/product_cat?post=66780"},{"taxonomy":"product_tag","embeddable":true,"href":"https:\/\/abinox-chr-clim.com\/index.php\/wp-json\/wp\/v2\/product_tag?post=66780"}],"curies":[{"name":"wp","href":"https:\/\/api.w.org\/{rel}","templated":true}]}}