{"id":66775,"date":"2024-03-22T15:29:58","date_gmt":"2024-03-22T14:29:58","guid":{"rendered":"https:\/\/abinox-chr-clim.com\/index.php\/product\/bac-en-polypropylene-translucide-cambro-gn-1-1-profondeur-200mm\/"},"modified":"2026-04-02T09:59:07","modified_gmt":"2026-04-02T07:59:07","slug":"bac-en-polypropylene-translucide-cambro-gn-1-1-profondeur-200mm","status":"publish","type":"product","link":"https:\/\/abinox-chr-clim.com\/index.php\/product\/bac-en-polypropylene-translucide-cambro-gn-1-1-profondeur-200mm\/","title":{"rendered":"Bac en polypropyl\u00e8ne translucide Cambro GN 1\/1 profondeur 200mm"},"content":{"rendered":"<p>530 x 325mm.<br \/>Plusieurs tailles disponibles : GN 1\/1, 1\/2, 1\/3. Un rebord uniforme de 1,27 cm assure que les bacs s\u00bfadaptent parfaitement dans les tables de pr\u00e9paration et les buffets. Surface int\u00e9rieure anti-adh\u00e9rente r\u00e9duit le gaspillage et augmente le rendement. En polypropyl\u00e8ne translucide, Sans BPA, pour une certaine visibilit\u00e9 du contenu. Graduation moul\u00e9e en unit\u00e9s anglaises et en m\u00e9triques. Le fond textur\u00e9 r\u00e9duit les dommages caus\u00e9s par les rayures. L\u00bfempilage \u00e9conomise de l\u00bfespace pr\u00e9cieux lorsqu\u00bfil n\u00bfest pas utilis\u00e9. R\u00e9siste aux temp\u00e9ratures comprises entre -40\u00b0C et 70\u00b0C. R\u00e9sistant aux produits chimiques et aux chocs. Lavable au lave-vaisselle. R\u00e9pertori\u00e9 NSF. Plusieurs tailles disponibles : GN 1\/1, 1\/2, 1\/3.<\/p>\n<p>Caract\u00e9ristiques :<br \/> Dimensions : 200(H) x 530(L) mm.<\/p>\n","protected":false},"excerpt":{"rendered":"<p>Bac en polypropyl\u00e8ne translucide Cambro GN 1\/1 profondeur 200mm<\/p>\n","protected":false},"featured_media":105204,"comment_status":"closed","ping_status":"closed","template":"","meta":[],"product_brand":[],"product_cat":[1281,1280,1064,1297],"product_tag":[],"class_list":{"0":"post-66775","1":"product","2":"type-product","3":"status-publish","4":"has-post-thumbnail","6":"product_cat-bacs-gn-conteneurs-alimentaires-et-bacs-gastronorme-cuisine","7":"product_cat-conteneurs-alimentaires-et-bacs-gastronorme-cuisine","8":"product_cat-cuisine","9":"product_cat-non-palettisable","10":"product_shipping_class-free-shipping","12":"first","13":"instock","14":"featured","15":"taxable","16":"shipping-taxable","17":"purchasable","18":"product-type-simple"},"_links":{"self":[{"href":"https:\/\/abinox-chr-clim.com\/index.php\/wp-json\/wp\/v2\/product\/66775","targetHints":{"allow":["GET"]}}],"collection":[{"href":"https:\/\/abinox-chr-clim.com\/index.php\/wp-json\/wp\/v2\/product"}],"about":[{"href":"https:\/\/abinox-chr-clim.com\/index.php\/wp-json\/wp\/v2\/types\/product"}],"replies":[{"embeddable":true,"href":"https:\/\/abinox-chr-clim.com\/index.php\/wp-json\/wp\/v2\/comments?post=66775"}],"wp:featuredmedia":[{"embeddable":true,"href":"https:\/\/abinox-chr-clim.com\/index.php\/wp-json\/wp\/v2\/media\/105204"}],"wp:attachment":[{"href":"https:\/\/abinox-chr-clim.com\/index.php\/wp-json\/wp\/v2\/media?parent=66775"}],"wp:term":[{"taxonomy":"product_brand","embeddable":true,"href":"https:\/\/abinox-chr-clim.com\/index.php\/wp-json\/wp\/v2\/product_brand?post=66775"},{"taxonomy":"product_cat","embeddable":true,"href":"https:\/\/abinox-chr-clim.com\/index.php\/wp-json\/wp\/v2\/product_cat?post=66775"},{"taxonomy":"product_tag","embeddable":true,"href":"https:\/\/abinox-chr-clim.com\/index.php\/wp-json\/wp\/v2\/product_tag?post=66775"}],"curies":[{"name":"wp","href":"https:\/\/api.w.org\/{rel}","templated":true}]}}