{"id":66769,"date":"2024-03-22T15:29:56","date_gmt":"2024-03-22T14:29:56","guid":{"rendered":"https:\/\/abinox-chr-clim.com\/index.php\/product\/bac-camview-cambro-gn-1-4-150mm\/"},"modified":"2026-04-02T09:42:37","modified_gmt":"2026-04-02T07:42:37","slug":"bac-camview-cambro-gn-1-4-150mm","status":"publish","type":"product","link":"https:\/\/abinox-chr-clim.com\/index.php\/product\/bac-camview-cambro-gn-1-4-150mm\/","title":{"rendered":"Bac Camview Cambro GN 1\/4 150mm"},"content":{"rendered":"<p>Permet de stocker, transporter et servir dans un seul et m\u00eame bac. Mat\u00e9riau sans BPA. Durable &#8211; ne se f\u00eale pas, ne rouille pas et ne d\u00e9forme pas. Supporte des temp\u00e9ratures de -40&#730; \u00e0 71&#730;C. test\u00e9 pour garder le produit aussi froid que les bacs en acier inoxydable. Int\u00e9rieur antiadh\u00e9sif facilitant le nettoyage. Empilable. Compatible lave-vaisselle.Permet de stocker, transporter et servir dans un seul et m\u00eame bac.<\/p>\n<p>Caract\u00e9ristiques :<br \/> Capacit\u00e9 : 3,7 L.<br \/> Dimensions : 150(H) x 265(l) x 162(P) mm.<br \/> Mati\u00e8re : Copolym\u00e8re.<br \/> Temp\u00e9rature : -40 \u00b0C \u00e0 71 \u00b0C.<br \/> Couleur : .<br \/> Bac GN : GN 1\/4XY.<\/p>\n","protected":false},"excerpt":{"rendered":"<p>Bac Camview Cambro GN 1\/4 150mm<\/p>\n","protected":false},"featured_media":96850,"comment_status":"closed","ping_status":"closed","template":"","meta":[],"product_brand":[],"product_cat":[1281,1280,1064,1297],"product_tag":[],"class_list":{"0":"post-66769","1":"product","2":"type-product","3":"status-publish","4":"has-post-thumbnail","6":"product_cat-bacs-gn-conteneurs-alimentaires-et-bacs-gastronorme-cuisine","7":"product_cat-conteneurs-alimentaires-et-bacs-gastronorme-cuisine","8":"product_cat-cuisine","9":"product_cat-non-palettisable","10":"product_shipping_class-free-shipping","12":"first","13":"instock","14":"featured","15":"taxable","16":"shipping-taxable","17":"purchasable","18":"product-type-simple"},"_links":{"self":[{"href":"https:\/\/abinox-chr-clim.com\/index.php\/wp-json\/wp\/v2\/product\/66769","targetHints":{"allow":["GET"]}}],"collection":[{"href":"https:\/\/abinox-chr-clim.com\/index.php\/wp-json\/wp\/v2\/product"}],"about":[{"href":"https:\/\/abinox-chr-clim.com\/index.php\/wp-json\/wp\/v2\/types\/product"}],"replies":[{"embeddable":true,"href":"https:\/\/abinox-chr-clim.com\/index.php\/wp-json\/wp\/v2\/comments?post=66769"}],"wp:featuredmedia":[{"embeddable":true,"href":"https:\/\/abinox-chr-clim.com\/index.php\/wp-json\/wp\/v2\/media\/96850"}],"wp:attachment":[{"href":"https:\/\/abinox-chr-clim.com\/index.php\/wp-json\/wp\/v2\/media?parent=66769"}],"wp:term":[{"taxonomy":"product_brand","embeddable":true,"href":"https:\/\/abinox-chr-clim.com\/index.php\/wp-json\/wp\/v2\/product_brand?post=66769"},{"taxonomy":"product_cat","embeddable":true,"href":"https:\/\/abinox-chr-clim.com\/index.php\/wp-json\/wp\/v2\/product_cat?post=66769"},{"taxonomy":"product_tag","embeddable":true,"href":"https:\/\/abinox-chr-clim.com\/index.php\/wp-json\/wp\/v2\/product_tag?post=66769"}],"curies":[{"name":"wp","href":"https:\/\/api.w.org\/{rel}","templated":true}]}}