{"id":66681,"date":"2024-03-22T15:29:21","date_gmt":"2024-03-22T14:29:21","guid":{"rendered":"https:\/\/abinox-chr-clim.com\/index.php\/product\/couvercle-hermetique-gn-1-4-cambro-en-polypropylene\/"},"modified":"2026-04-02T09:41:51","modified_gmt":"2026-04-02T07:41:51","slug":"couvercle-hermetique-gn-1-4-cambro-en-polypropylene","status":"publish","type":"product","link":"https:\/\/abinox-chr-clim.com\/index.php\/product\/couvercle-hermetique-gn-1-4-cambro-en-polypropylene\/","title":{"rendered":"Couvercle herm\u00e9tique GN 1\/4 Cambro en polypropyl\u00e8ne"},"content":{"rendered":"<p>Le joint int\u00e9rieur offre une meilleure protection des denr\u00e9es et une conservation prolong\u00e9e. Compatible avec tous les bacs GN 1\/4 Cambro. Parfait pour stocker et transporter des denr\u00e9es alimentaires. Le mat\u00e9riau translucide offre visibilit\u00e9 et identification facile du contenu. Les couvercles herm\u00e9tiques Cambro s&rsquo;adaptent aux bacs GN en polypropyl\u00e8ne Cambro. Universel &#8211; convient \u00e0 tous les bacs GN Cambro, mod\u00e8les en polycarbonate, polypropyl\u00e8ne et hautes temp\u00e9ratures.R\u00e9f\u00e9rence Cambro: 40PPCWSC. Le joint int\u00e9rieur offre une meilleure protection des denr\u00e9es et une conservation prolong\u00e9e.<\/p>\n<p>Caract\u00e9ristiques :<br \/> Dimensions : 8(H) x 265(l) mm.<br \/> Mati\u00e8re : Polypropyl\u00e8ne.<br \/> Temp\u00e9rature : -40 \u00b0C \u00e0 70 \u00b0C.<br \/> Couleur : .<br \/> Bac GN : GN 1\/4XY.<\/p>\n","protected":false},"excerpt":{"rendered":"<p>Couvercle herm\u00e9tique GN 1\/4 Cambro en polypropyl\u00e8ne<\/p>\n","protected":false},"featured_media":103004,"comment_status":"closed","ping_status":"closed","template":"","meta":[],"product_brand":[],"product_cat":[1281,1280,1064,1297],"product_tag":[],"class_list":{"0":"post-66681","1":"product","2":"type-product","3":"status-publish","4":"has-post-thumbnail","6":"product_cat-bacs-gn-conteneurs-alimentaires-et-bacs-gastronorme-cuisine","7":"product_cat-conteneurs-alimentaires-et-bacs-gastronorme-cuisine","8":"product_cat-cuisine","9":"product_cat-non-palettisable","10":"product_shipping_class-free-shipping","12":"first","13":"instock","14":"featured","15":"taxable","16":"shipping-taxable","17":"purchasable","18":"product-type-simple"},"_links":{"self":[{"href":"https:\/\/abinox-chr-clim.com\/index.php\/wp-json\/wp\/v2\/product\/66681","targetHints":{"allow":["GET"]}}],"collection":[{"href":"https:\/\/abinox-chr-clim.com\/index.php\/wp-json\/wp\/v2\/product"}],"about":[{"href":"https:\/\/abinox-chr-clim.com\/index.php\/wp-json\/wp\/v2\/types\/product"}],"replies":[{"embeddable":true,"href":"https:\/\/abinox-chr-clim.com\/index.php\/wp-json\/wp\/v2\/comments?post=66681"}],"wp:featuredmedia":[{"embeddable":true,"href":"https:\/\/abinox-chr-clim.com\/index.php\/wp-json\/wp\/v2\/media\/103004"}],"wp:attachment":[{"href":"https:\/\/abinox-chr-clim.com\/index.php\/wp-json\/wp\/v2\/media?parent=66681"}],"wp:term":[{"taxonomy":"product_brand","embeddable":true,"href":"https:\/\/abinox-chr-clim.com\/index.php\/wp-json\/wp\/v2\/product_brand?post=66681"},{"taxonomy":"product_cat","embeddable":true,"href":"https:\/\/abinox-chr-clim.com\/index.php\/wp-json\/wp\/v2\/product_cat?post=66681"},{"taxonomy":"product_tag","embeddable":true,"href":"https:\/\/abinox-chr-clim.com\/index.php\/wp-json\/wp\/v2\/product_tag?post=66681"}],"curies":[{"name":"wp","href":"https:\/\/api.w.org\/{rel}","templated":true}]}}