{"id":66568,"date":"2024-03-22T15:24:59","date_gmt":"2024-03-22T14:24:59","guid":{"rendered":"https:\/\/abinox-chr-clim.com\/index.php\/product\/grande-pelle-a-pizza-vogue-305-x-355-cm\/"},"modified":"2026-04-14T09:19:31","modified_gmt":"2026-04-14T07:19:31","slug":"grande-pelle-a-pizza-vogue-305-x-355-cm","status":"publish","type":"product","link":"https:\/\/abinox-chr-clim.com\/index.php\/product\/grande-pelle-a-pizza-vogue-305-x-355-cm\/","title":{"rendered":"Grande pelle \u00e0 pizza Vogue 30,5 x 35,5 cm"},"content":{"rendered":"<p>Manche en bois ne conduit pas la chaleur, aidant \u00e0 pr\u00e9venir les br\u00fblures. T\u00eate de pelle fine mais forte qui glisse facilement sous la pizza. Convient pour les fours en brique et en pierre. Facile \u00e0 nettoyer. Longueur de 1320 mm pour conserver une bonne distance de la source de chaleur.  Manche en bois ne conduit pas la chaleur, aidant \u00e0 pr\u00e9venir les br\u00fblures.<\/p>\n<p>Caract\u00e9ristiques :<br \/> Dimensions : 305mm x 355mm.<br \/> Mati\u00e8re : Aluminium<\/p>\n","protected":false},"excerpt":{"rendered":"<p>Grande pelle \u00e0 pizza Vogue 30,5 x 35,5 cm<\/p>\n","protected":false},"featured_media":99707,"comment_status":"closed","ping_status":"closed","template":"","meta":[],"product_brand":[],"product_cat":[1065,1064,1067,1297],"product_tag":[],"class_list":{"0":"post-66568","1":"product","2":"type-product","3":"status-publish","4":"has-post-thumbnail","6":"product_cat-batterie-et-platerie-de-cuisine","7":"product_cat-cuisine","8":"product_cat-materiel-a-pizza","9":"product_cat-non-palettisable","10":"product_shipping_class-free-shipping","12":"first","13":"instock","14":"featured","15":"taxable","16":"shipping-taxable","17":"purchasable","18":"product-type-simple"},"_links":{"self":[{"href":"https:\/\/abinox-chr-clim.com\/index.php\/wp-json\/wp\/v2\/product\/66568","targetHints":{"allow":["GET"]}}],"collection":[{"href":"https:\/\/abinox-chr-clim.com\/index.php\/wp-json\/wp\/v2\/product"}],"about":[{"href":"https:\/\/abinox-chr-clim.com\/index.php\/wp-json\/wp\/v2\/types\/product"}],"replies":[{"embeddable":true,"href":"https:\/\/abinox-chr-clim.com\/index.php\/wp-json\/wp\/v2\/comments?post=66568"}],"wp:featuredmedia":[{"embeddable":true,"href":"https:\/\/abinox-chr-clim.com\/index.php\/wp-json\/wp\/v2\/media\/99707"}],"wp:attachment":[{"href":"https:\/\/abinox-chr-clim.com\/index.php\/wp-json\/wp\/v2\/media?parent=66568"}],"wp:term":[{"taxonomy":"product_brand","embeddable":true,"href":"https:\/\/abinox-chr-clim.com\/index.php\/wp-json\/wp\/v2\/product_brand?post=66568"},{"taxonomy":"product_cat","embeddable":true,"href":"https:\/\/abinox-chr-clim.com\/index.php\/wp-json\/wp\/v2\/product_cat?post=66568"},{"taxonomy":"product_tag","embeddable":true,"href":"https:\/\/abinox-chr-clim.com\/index.php\/wp-json\/wp\/v2\/product_tag?post=66568"}],"curies":[{"name":"wp","href":"https:\/\/api.w.org\/{rel}","templated":true}]}}