{"id":66566,"date":"2024-03-22T15:24:59","date_gmt":"2024-03-22T14:24:59","guid":{"rendered":"https:\/\/abinox-chr-clim.com\/index.php\/product\/plaque-a-pizza-en-fer-noir-305-cm\/"},"modified":"2025-08-26T12:26:59","modified_gmt":"2025-08-26T10:26:59","slug":"plaque-a-pizza-en-fer-noir-305-cm","status":"publish","type":"product","link":"https:\/\/abinox-chr-clim.com\/index.php\/product\/plaque-a-pizza-en-fer-noir-305-cm\/","title":{"rendered":"Plaque \u00e0 pizza en fer noir 30,5 cm"},"content":{"rendered":"<p>Plaques r\u00e9sistantes qui chauffent uniform\u00e9ment pour r\u00e9aliser des pizza parfaites. 38mm de profondeur. A culotter avant utilisation.<br \/>Conception commerciale ultra-durable en acier au carbone.Convient aux fours \u00e0 sole et aux fours \u00e0 convoyeur. Convient \u00e0 la fois pour les p\u00e2tes fra\u00eeches et les bases pr\u00e9cuites. Doit \u00eatre culott\u00e9e avant utilisation. L&rsquo;acier au carbone permet une r\u00e9partition uniforme de la chaleur &#8211; \u00e9vite les points chauds et les br\u00fblures. Profondeur de 40 mm &#8211; id\u00e9ale pour les pizzas profondes de style Chicago. Convient aux fours \u00e0 sole traditionnels et aux fours \u00e0 convoyeur. Conception commerciale ultra-durable en acier au carbone.<\/p>\n<p>Caract\u00e9ristiques :<br \/> Dimensions : 40(H) x 304.8(\u00d8)mm.<br \/> Mati\u00e8re : Fer noir<\/p>\n","protected":false},"excerpt":{"rendered":"<p>Plaque \u00e0 pizza en fer noir 30,5 cm<\/p>\n","protected":false},"featured_media":100236,"comment_status":"closed","ping_status":"closed","template":"","meta":[],"product_brand":[],"product_cat":[1065,1064,1067,1297],"product_tag":[],"class_list":{"0":"post-66566","1":"product","2":"type-product","3":"status-publish","4":"has-post-thumbnail","6":"product_cat-batterie-et-platerie-de-cuisine","7":"product_cat-cuisine","8":"product_cat-materiel-a-pizza","9":"product_cat-non-palettisable","10":"product_shipping_class-free-shipping","12":"first","13":"outofstock","14":"featured","15":"taxable","16":"shipping-taxable","17":"purchasable","18":"product-type-simple"},"_links":{"self":[{"href":"https:\/\/abinox-chr-clim.com\/index.php\/wp-json\/wp\/v2\/product\/66566","targetHints":{"allow":["GET"]}}],"collection":[{"href":"https:\/\/abinox-chr-clim.com\/index.php\/wp-json\/wp\/v2\/product"}],"about":[{"href":"https:\/\/abinox-chr-clim.com\/index.php\/wp-json\/wp\/v2\/types\/product"}],"replies":[{"embeddable":true,"href":"https:\/\/abinox-chr-clim.com\/index.php\/wp-json\/wp\/v2\/comments?post=66566"}],"wp:featuredmedia":[{"embeddable":true,"href":"https:\/\/abinox-chr-clim.com\/index.php\/wp-json\/wp\/v2\/media\/100236"}],"wp:attachment":[{"href":"https:\/\/abinox-chr-clim.com\/index.php\/wp-json\/wp\/v2\/media?parent=66566"}],"wp:term":[{"taxonomy":"product_brand","embeddable":true,"href":"https:\/\/abinox-chr-clim.com\/index.php\/wp-json\/wp\/v2\/product_brand?post=66566"},{"taxonomy":"product_cat","embeddable":true,"href":"https:\/\/abinox-chr-clim.com\/index.php\/wp-json\/wp\/v2\/product_cat?post=66566"},{"taxonomy":"product_tag","embeddable":true,"href":"https:\/\/abinox-chr-clim.com\/index.php\/wp-json\/wp\/v2\/product_tag?post=66566"}],"curies":[{"name":"wp","href":"https:\/\/api.w.org\/{rel}","templated":true}]}}