{"id":66565,"date":"2024-03-22T15:24:58","date_gmt":"2024-03-22T14:24:58","guid":{"rendered":"https:\/\/abinox-chr-clim.com\/index.php\/product\/plaque-a-pizza-en-fer-noir-254-cm\/"},"modified":"2026-02-18T09:10:48","modified_gmt":"2026-02-18T08:10:48","slug":"plaque-a-pizza-en-fer-noir-254-cm","status":"publish","type":"product","link":"https:\/\/abinox-chr-clim.com\/index.php\/product\/plaque-a-pizza-en-fer-noir-254-cm\/","title":{"rendered":"Plaque \u00e0 pizza en fer noir 25,4 cm"},"content":{"rendered":"<p>En fer noir tr\u00e8s r\u00e9sistant.Adapt\u00e9e pour four convoyeur et four de boulanger. Convient pour la cuisson de p\u00e2tes fra\u00eeches ou pr\u00e9cuites. Doit \u00eatre culott\u00e9e avant utilisation.En fer noir tr\u00e8s r\u00e9sistant.<\/p>\n<p>Caract\u00e9ristiques :<br \/> Dimensions : 40(H) x 254(\u00d8)mm.<br \/> Mati\u00e8re : Fer noir<\/p>\n","protected":false},"excerpt":{"rendered":"<p>Plaque \u00e0 pizza en fer noir 25,4 cm<\/p>\n","protected":false},"featured_media":103355,"comment_status":"closed","ping_status":"closed","template":"","meta":[],"product_brand":[],"product_cat":[1065,1064,1067,1297],"product_tag":[],"class_list":{"0":"post-66565","1":"product","2":"type-product","3":"status-publish","4":"has-post-thumbnail","6":"product_cat-batterie-et-platerie-de-cuisine","7":"product_cat-cuisine","8":"product_cat-materiel-a-pizza","9":"product_cat-non-palettisable","10":"product_shipping_class-free-shipping","12":"first","13":"outofstock","14":"featured","15":"taxable","16":"shipping-taxable","17":"purchasable","18":"product-type-simple"},"_links":{"self":[{"href":"https:\/\/abinox-chr-clim.com\/index.php\/wp-json\/wp\/v2\/product\/66565","targetHints":{"allow":["GET"]}}],"collection":[{"href":"https:\/\/abinox-chr-clim.com\/index.php\/wp-json\/wp\/v2\/product"}],"about":[{"href":"https:\/\/abinox-chr-clim.com\/index.php\/wp-json\/wp\/v2\/types\/product"}],"replies":[{"embeddable":true,"href":"https:\/\/abinox-chr-clim.com\/index.php\/wp-json\/wp\/v2\/comments?post=66565"}],"wp:featuredmedia":[{"embeddable":true,"href":"https:\/\/abinox-chr-clim.com\/index.php\/wp-json\/wp\/v2\/media\/103355"}],"wp:attachment":[{"href":"https:\/\/abinox-chr-clim.com\/index.php\/wp-json\/wp\/v2\/media?parent=66565"}],"wp:term":[{"taxonomy":"product_brand","embeddable":true,"href":"https:\/\/abinox-chr-clim.com\/index.php\/wp-json\/wp\/v2\/product_brand?post=66565"},{"taxonomy":"product_cat","embeddable":true,"href":"https:\/\/abinox-chr-clim.com\/index.php\/wp-json\/wp\/v2\/product_cat?post=66565"},{"taxonomy":"product_tag","embeddable":true,"href":"https:\/\/abinox-chr-clim.com\/index.php\/wp-json\/wp\/v2\/product_tag?post=66565"}],"curies":[{"name":"wp","href":"https:\/\/api.w.org\/{rel}","templated":true}]}}