{"id":66564,"date":"2024-03-22T15:24:58","date_gmt":"2024-03-22T14:24:58","guid":{"rendered":"https:\/\/abinox-chr-clim.com\/index.php\/product\/couvercle-pour-bac-a-patons-60x40cm\/"},"modified":"2026-04-14T09:48:52","modified_gmt":"2026-04-14T07:48:52","slug":"couvercle-pour-bac-a-patons-60x40cm","status":"publish","type":"product","link":"https:\/\/abinox-chr-clim.com\/index.php\/product\/couvercle-pour-bac-a-patons-60x40cm\/","title":{"rendered":"Couvercle pour bac \u00e0 p\u00e2tons 60x40cm"},"content":{"rendered":"<p>Id\u00e9al pour la p\u00e2te \u00e0 pizza. Bacs empilables.<\/p>\n<p>Caract\u00e9ristiques :<br \/> Dimensions : 60(H) x 600(L) x 400(P) mm.<br \/> Mati\u00e8re : Poly\u00e9thyl\u00e8ne<\/p>\n","protected":false},"excerpt":{"rendered":"<p>Couvercle pour bac \u00e0 p\u00e2tons 60x40cm<\/p>\n","protected":false},"featured_media":102558,"comment_status":"closed","ping_status":"closed","template":"","meta":[],"product_brand":[],"product_cat":[1065,1064,1067,1297],"product_tag":[],"class_list":{"0":"post-66564","1":"product","2":"type-product","3":"status-publish","4":"has-post-thumbnail","6":"product_cat-batterie-et-platerie-de-cuisine","7":"product_cat-cuisine","8":"product_cat-materiel-a-pizza","9":"product_cat-non-palettisable","10":"product_shipping_class-free-shipping","12":"first","13":"instock","14":"featured","15":"taxable","16":"shipping-taxable","17":"purchasable","18":"product-type-simple"},"_links":{"self":[{"href":"https:\/\/abinox-chr-clim.com\/index.php\/wp-json\/wp\/v2\/product\/66564","targetHints":{"allow":["GET"]}}],"collection":[{"href":"https:\/\/abinox-chr-clim.com\/index.php\/wp-json\/wp\/v2\/product"}],"about":[{"href":"https:\/\/abinox-chr-clim.com\/index.php\/wp-json\/wp\/v2\/types\/product"}],"replies":[{"embeddable":true,"href":"https:\/\/abinox-chr-clim.com\/index.php\/wp-json\/wp\/v2\/comments?post=66564"}],"wp:featuredmedia":[{"embeddable":true,"href":"https:\/\/abinox-chr-clim.com\/index.php\/wp-json\/wp\/v2\/media\/102558"}],"wp:attachment":[{"href":"https:\/\/abinox-chr-clim.com\/index.php\/wp-json\/wp\/v2\/media?parent=66564"}],"wp:term":[{"taxonomy":"product_brand","embeddable":true,"href":"https:\/\/abinox-chr-clim.com\/index.php\/wp-json\/wp\/v2\/product_brand?post=66564"},{"taxonomy":"product_cat","embeddable":true,"href":"https:\/\/abinox-chr-clim.com\/index.php\/wp-json\/wp\/v2\/product_cat?post=66564"},{"taxonomy":"product_tag","embeddable":true,"href":"https:\/\/abinox-chr-clim.com\/index.php\/wp-json\/wp\/v2\/product_tag?post=66564"}],"curies":[{"name":"wp","href":"https:\/\/api.w.org\/{rel}","templated":true}]}}