{"id":66561,"date":"2024-03-22T15:24:57","date_gmt":"2024-03-22T14:24:57","guid":{"rendered":"https:\/\/abinox-chr-clim.com\/index.php\/product\/bac-a-patons-600x400x75mm\/"},"modified":"2026-04-14T09:48:49","modified_gmt":"2026-04-14T07:48:49","slug":"bac-a-patons-600x400x75mm","status":"publish","type":"product","link":"https:\/\/abinox-chr-clim.com\/index.php\/product\/bac-a-patons-600x400x75mm\/","title":{"rendered":"Bac \u00e0 p\u00e2tons 600x400x75mm"},"content":{"rendered":"<p>Id\u00e9al pour la p\u00e2te \u00e0 pizza. Bacs empilables.<\/p>\n<p>Caract\u00e9ristiques :<br \/> Dimensions : 75(H) x 600(L) x 400(P) mm.<br \/> Mati\u00e8re : Poly\u00e9thyl\u00e8ne<\/p>\n","protected":false},"excerpt":{"rendered":"<p>Bac \u00e0 p\u00e2tons 600x400x75mm<\/p>\n","protected":false},"featured_media":102557,"comment_status":"closed","ping_status":"closed","template":"","meta":[],"product_brand":[],"product_cat":[1065,1064,1067,1297],"product_tag":[],"class_list":{"0":"post-66561","1":"product","2":"type-product","3":"status-publish","4":"has-post-thumbnail","6":"product_cat-batterie-et-platerie-de-cuisine","7":"product_cat-cuisine","8":"product_cat-materiel-a-pizza","9":"product_cat-non-palettisable","10":"product_shipping_class-free-shipping","12":"first","13":"instock","14":"featured","15":"taxable","16":"shipping-taxable","17":"purchasable","18":"product-type-simple"},"_links":{"self":[{"href":"https:\/\/abinox-chr-clim.com\/index.php\/wp-json\/wp\/v2\/product\/66561","targetHints":{"allow":["GET"]}}],"collection":[{"href":"https:\/\/abinox-chr-clim.com\/index.php\/wp-json\/wp\/v2\/product"}],"about":[{"href":"https:\/\/abinox-chr-clim.com\/index.php\/wp-json\/wp\/v2\/types\/product"}],"replies":[{"embeddable":true,"href":"https:\/\/abinox-chr-clim.com\/index.php\/wp-json\/wp\/v2\/comments?post=66561"}],"wp:featuredmedia":[{"embeddable":true,"href":"https:\/\/abinox-chr-clim.com\/index.php\/wp-json\/wp\/v2\/media\/102557"}],"wp:attachment":[{"href":"https:\/\/abinox-chr-clim.com\/index.php\/wp-json\/wp\/v2\/media?parent=66561"}],"wp:term":[{"taxonomy":"product_brand","embeddable":true,"href":"https:\/\/abinox-chr-clim.com\/index.php\/wp-json\/wp\/v2\/product_brand?post=66561"},{"taxonomy":"product_cat","embeddable":true,"href":"https:\/\/abinox-chr-clim.com\/index.php\/wp-json\/wp\/v2\/product_cat?post=66561"},{"taxonomy":"product_tag","embeddable":true,"href":"https:\/\/abinox-chr-clim.com\/index.php\/wp-json\/wp\/v2\/product_tag?post=66561"}],"curies":[{"name":"wp","href":"https:\/\/api.w.org\/{rel}","templated":true}]}}