{"id":66559,"date":"2024-03-22T15:24:56","date_gmt":"2024-03-22T14:24:56","guid":{"rendered":"https:\/\/abinox-chr-clim.com\/index.php\/product\/manche-de-brosse-grattoir-pour-four-a-pizza-vogue\/"},"modified":"2026-04-14T09:33:54","modified_gmt":"2026-04-14T07:33:54","slug":"manche-de-brosse-grattoir-pour-four-a-pizza-vogue","status":"publish","type":"product","link":"https:\/\/abinox-chr-clim.com\/index.php\/product\/manche-de-brosse-grattoir-pour-four-a-pizza-vogue\/","title":{"rendered":"Manche de brosse grattoir pour four \u00e0 pizza Vogue"},"content":{"rendered":"<p>Brosse pour four avec grattoir. Manche vendu s\u00e9par\u00e9ment.<br \/>Se fixe \u00e0 la t\u00eate de brosse GE204. La finition en bois offre un aspect rustique. 965 mm pour atteindre m\u00eame l&rsquo;arri\u00e8re et les coins de votre four \u00e0 pizza. Fabriqu\u00e9e en bois de qualit\u00e9 sup\u00e9rieure pour une meilleure durabilit\u00e9. Confortable dans la main pour une prise en main facile.  Se fixe \u00e0 la t\u00eate de brosse GE204.<\/p>\n<p>Caract\u00e9ristiques :<br \/> Dimensions : 965mm.<br \/> Mati\u00e8re : Bois.<br \/> Couleur : Marron.<\/p>\n","protected":false},"excerpt":{"rendered":"<p>Manche de brosse grattoir pour four \u00e0 pizza Vogue<\/p>\n","protected":false},"featured_media":101341,"comment_status":"closed","ping_status":"closed","template":"","meta":[],"product_brand":[],"product_cat":[1065,1064,1067,1297],"product_tag":[],"class_list":{"0":"post-66559","1":"product","2":"type-product","3":"status-publish","4":"has-post-thumbnail","6":"product_cat-batterie-et-platerie-de-cuisine","7":"product_cat-cuisine","8":"product_cat-materiel-a-pizza","9":"product_cat-non-palettisable","10":"product_shipping_class-free-shipping","12":"first","13":"instock","14":"featured","15":"taxable","16":"shipping-taxable","17":"purchasable","18":"product-type-simple"},"_links":{"self":[{"href":"https:\/\/abinox-chr-clim.com\/index.php\/wp-json\/wp\/v2\/product\/66559","targetHints":{"allow":["GET"]}}],"collection":[{"href":"https:\/\/abinox-chr-clim.com\/index.php\/wp-json\/wp\/v2\/product"}],"about":[{"href":"https:\/\/abinox-chr-clim.com\/index.php\/wp-json\/wp\/v2\/types\/product"}],"replies":[{"embeddable":true,"href":"https:\/\/abinox-chr-clim.com\/index.php\/wp-json\/wp\/v2\/comments?post=66559"}],"wp:featuredmedia":[{"embeddable":true,"href":"https:\/\/abinox-chr-clim.com\/index.php\/wp-json\/wp\/v2\/media\/101341"}],"wp:attachment":[{"href":"https:\/\/abinox-chr-clim.com\/index.php\/wp-json\/wp\/v2\/media?parent=66559"}],"wp:term":[{"taxonomy":"product_brand","embeddable":true,"href":"https:\/\/abinox-chr-clim.com\/index.php\/wp-json\/wp\/v2\/product_brand?post=66559"},{"taxonomy":"product_cat","embeddable":true,"href":"https:\/\/abinox-chr-clim.com\/index.php\/wp-json\/wp\/v2\/product_cat?post=66559"},{"taxonomy":"product_tag","embeddable":true,"href":"https:\/\/abinox-chr-clim.com\/index.php\/wp-json\/wp\/v2\/product_tag?post=66559"}],"curies":[{"name":"wp","href":"https:\/\/api.w.org\/{rel}","templated":true}]}}