{"id":66558,"date":"2024-03-22T15:24:56","date_gmt":"2024-03-22T14:24:56","guid":{"rendered":"https:\/\/abinox-chr-clim.com\/index.php\/product\/pelle-a-pizza-aluminium-manche-en-bois-vogue-305-x-355-cm\/"},"modified":"2026-04-14T09:33:53","modified_gmt":"2026-04-14T07:33:53","slug":"pelle-a-pizza-aluminium-manche-en-bois-vogue-305-x-355-cm","status":"publish","type":"product","link":"https:\/\/abinox-chr-clim.com\/index.php\/product\/pelle-a-pizza-aluminium-manche-en-bois-vogue-305-x-355-cm\/","title":{"rendered":"Pelle \u00e0 pizza aluminium manche en bois Vogue 30,5 x 35,5 cm"},"content":{"rendered":"<p>Pelles pour faciliter l&rsquo;enfournement et le d\u00e9fournement des pizzas. La petite pelle est dot\u00e9e d&rsquo;un manche en aluminium et d&rsquo;un plateau de  23 x 15 cm. Les moyennes et grandes pelles poss\u00e8dent un manche en bois cylindrique et un plateau de 30 ou 40cm.<br \/>La grande t\u00eate est id\u00e9ale pour une grande vari\u00e9t\u00e9 de tailles de pizza. Lame lisse pour un levage et un positionnement faciles. Conception facile \u00e0 nettoyer. Longueur de la lame : 304 mm x 360 mm. La conception allong\u00e9e \u00e9loigne le personnel de la source de chaleur. La lame en aluminium est suffisamment durable pour r\u00e9sister \u00e0 l&rsquo;usure quotidienne. La poign\u00e9e tubulaire en bois, r\u00e9sistante \u00e0 la chaleur, reste froide au toucher.La grande t\u00eate est id\u00e9ale pour une grande vari\u00e9t\u00e9 de tailles de pizza.<\/p>\n<p>Caract\u00e9ristiques :<br \/> Dimensions : 305 x 355mm.<br \/> Mati\u00e8re : Aluminium.<br \/> Couleur : Argent.<\/p>\n","protected":false},"excerpt":{"rendered":"<p>Pelle \u00e0 pizza aluminium manche en bois Vogue 30,5 x 35,5 cm<\/p>\n","protected":false},"featured_media":101340,"comment_status":"closed","ping_status":"closed","template":"","meta":[],"product_brand":[],"product_cat":[1065,1064,1067,1297],"product_tag":[],"class_list":{"0":"post-66558","1":"product","2":"type-product","3":"status-publish","4":"has-post-thumbnail","6":"product_cat-batterie-et-platerie-de-cuisine","7":"product_cat-cuisine","8":"product_cat-materiel-a-pizza","9":"product_cat-non-palettisable","10":"product_shipping_class-free-shipping","12":"first","13":"instock","14":"featured","15":"taxable","16":"shipping-taxable","17":"purchasable","18":"product-type-simple"},"_links":{"self":[{"href":"https:\/\/abinox-chr-clim.com\/index.php\/wp-json\/wp\/v2\/product\/66558","targetHints":{"allow":["GET"]}}],"collection":[{"href":"https:\/\/abinox-chr-clim.com\/index.php\/wp-json\/wp\/v2\/product"}],"about":[{"href":"https:\/\/abinox-chr-clim.com\/index.php\/wp-json\/wp\/v2\/types\/product"}],"replies":[{"embeddable":true,"href":"https:\/\/abinox-chr-clim.com\/index.php\/wp-json\/wp\/v2\/comments?post=66558"}],"wp:featuredmedia":[{"embeddable":true,"href":"https:\/\/abinox-chr-clim.com\/index.php\/wp-json\/wp\/v2\/media\/101340"}],"wp:attachment":[{"href":"https:\/\/abinox-chr-clim.com\/index.php\/wp-json\/wp\/v2\/media?parent=66558"}],"wp:term":[{"taxonomy":"product_brand","embeddable":true,"href":"https:\/\/abinox-chr-clim.com\/index.php\/wp-json\/wp\/v2\/product_brand?post=66558"},{"taxonomy":"product_cat","embeddable":true,"href":"https:\/\/abinox-chr-clim.com\/index.php\/wp-json\/wp\/v2\/product_cat?post=66558"},{"taxonomy":"product_tag","embeddable":true,"href":"https:\/\/abinox-chr-clim.com\/index.php\/wp-json\/wp\/v2\/product_tag?post=66558"}],"curies":[{"name":"wp","href":"https:\/\/api.w.org\/{rel}","templated":true}]}}