{"id":66553,"date":"2024-03-22T15:24:54","date_gmt":"2024-03-22T14:24:54","guid":{"rendered":"https:\/\/abinox-chr-clim.com\/index.php\/product\/petite-pelle-a-pizza-vogue-229-x-171-cm\/"},"modified":"2026-04-14T08:53:30","modified_gmt":"2026-04-14T06:53:30","slug":"petite-pelle-a-pizza-vogue-229-x-171-cm","status":"publish","type":"product","link":"https:\/\/abinox-chr-clim.com\/index.php\/product\/petite-pelle-a-pizza-vogue-229-x-171-cm\/","title":{"rendered":"Petite pelle \u00e0 pizza Vogue 22,9 x 17,1 cm"},"content":{"rendered":"<p>Pelles pour faciliter l&rsquo;enfournement et le d\u00e9fournement des pizzas. La petite pelle est dot\u00e9e d&rsquo;un manche en aluminium et d&rsquo;un plateau de 23 x 17cm. Les moyennes et grandes pelles poss\u00e8dent un manche en bois cylindrique et un plateau de 30 ou 40cm.<br \/>La lame glisse en dessous pour plus de stabilit\u00e9. Lame arrondie pour un positionnement facile de la pizza. La longue poign\u00e9e reste froide au toucher. L&rsquo;aluminium est durable. Ambidextre &#8211; peut \u00eatre utilis\u00e9 dans les deux mains.  La lame glisse en dessous pour plus de stabilit\u00e9.<\/p>\n<p>Caract\u00e9ristiques :<br \/> Dimensions : 171(l) x 229(L)mm.<br \/> Mati\u00e8re : Aluminium.<br \/> Couleur : Argent.<\/p>\n","protected":false},"excerpt":{"rendered":"<p>Petite pelle \u00e0 pizza Vogue 22,9 x 17,1 cm<\/p>\n","protected":false},"featured_media":95651,"comment_status":"closed","ping_status":"closed","template":"","meta":[],"product_brand":[],"product_cat":[1065,1064,1067,1297],"product_tag":[],"class_list":{"0":"post-66553","1":"product","2":"type-product","3":"status-publish","4":"has-post-thumbnail","6":"product_cat-batterie-et-platerie-de-cuisine","7":"product_cat-cuisine","8":"product_cat-materiel-a-pizza","9":"product_cat-non-palettisable","10":"product_shipping_class-free-shipping","12":"first","13":"instock","14":"featured","15":"taxable","16":"shipping-taxable","17":"purchasable","18":"product-type-simple"},"_links":{"self":[{"href":"https:\/\/abinox-chr-clim.com\/index.php\/wp-json\/wp\/v2\/product\/66553","targetHints":{"allow":["GET"]}}],"collection":[{"href":"https:\/\/abinox-chr-clim.com\/index.php\/wp-json\/wp\/v2\/product"}],"about":[{"href":"https:\/\/abinox-chr-clim.com\/index.php\/wp-json\/wp\/v2\/types\/product"}],"replies":[{"embeddable":true,"href":"https:\/\/abinox-chr-clim.com\/index.php\/wp-json\/wp\/v2\/comments?post=66553"}],"wp:featuredmedia":[{"embeddable":true,"href":"https:\/\/abinox-chr-clim.com\/index.php\/wp-json\/wp\/v2\/media\/95651"}],"wp:attachment":[{"href":"https:\/\/abinox-chr-clim.com\/index.php\/wp-json\/wp\/v2\/media?parent=66553"}],"wp:term":[{"taxonomy":"product_brand","embeddable":true,"href":"https:\/\/abinox-chr-clim.com\/index.php\/wp-json\/wp\/v2\/product_brand?post=66553"},{"taxonomy":"product_cat","embeddable":true,"href":"https:\/\/abinox-chr-clim.com\/index.php\/wp-json\/wp\/v2\/product_cat?post=66553"},{"taxonomy":"product_tag","embeddable":true,"href":"https:\/\/abinox-chr-clim.com\/index.php\/wp-json\/wp\/v2\/product_tag?post=66553"}],"curies":[{"name":"wp","href":"https:\/\/api.w.org\/{rel}","templated":true}]}}