{"id":66552,"date":"2024-03-22T15:24:54","date_gmt":"2024-03-22T14:24:54","guid":{"rendered":"https:\/\/abinox-chr-clim.com\/index.php\/product\/pelle-a-pizza-vogue-moyenne-355-x-40-cm\/"},"modified":"2026-04-14T08:53:29","modified_gmt":"2026-04-14T06:53:29","slug":"pelle-a-pizza-vogue-moyenne-355-x-40-cm","status":"publish","type":"product","link":"https:\/\/abinox-chr-clim.com\/index.php\/product\/pelle-a-pizza-vogue-moyenne-355-x-40-cm\/","title":{"rendered":"Pelle \u00e0 pizza Vogue moyenne 35,5 x 40 cm"},"content":{"rendered":"<p>Pelles pour faciliter l&rsquo;enfournement et le d\u00e9fournement des pizzas. La petite pelle est dot\u00e9e d&rsquo;un manche en aluminium et d&rsquo;un plateau de 23 x 17cm. Les moyennes et grandes pelles poss\u00e8dent un manche en bois cylindrique et un plateau de 30 ou 40cm.<br \/>Manche tubulaire en bois r\u00e9sistant \u00e0 la chaleur. Design de 91,5 cm pour garder les mains \u00e9loign\u00e9es de la chaleur. Spatule inclin\u00e9e qui glisse sans effort sous la pizza. Design facile \u00e0 nettoyer. Pelle l\u00e9g\u00e8re en aluminium pour une utilisation confortable sur de longues p\u00e9riodes.  Manche tubulaire en bois r\u00e9sistant \u00e0 la chaleur.<\/p>\n<p>Caract\u00e9ristiques :<br \/> Dimensions : 335(l) x 915(L)mm.<br \/> Mati\u00e8re : Aluminium.<br \/> Couleur : Argent.<\/p>\n","protected":false},"excerpt":{"rendered":"<p>Pelle \u00e0 pizza Vogue moyenne 35,5 x 40 cm<\/p>\n","protected":false},"featured_media":95659,"comment_status":"closed","ping_status":"closed","template":"","meta":[],"product_brand":[],"product_cat":[1065,1064,1067,1297],"product_tag":[],"class_list":{"0":"post-66552","1":"product","2":"type-product","3":"status-publish","4":"has-post-thumbnail","6":"product_cat-batterie-et-platerie-de-cuisine","7":"product_cat-cuisine","8":"product_cat-materiel-a-pizza","9":"product_cat-non-palettisable","10":"product_shipping_class-free-shipping","12":"first","13":"instock","14":"featured","15":"taxable","16":"shipping-taxable","17":"purchasable","18":"product-type-simple"},"_links":{"self":[{"href":"https:\/\/abinox-chr-clim.com\/index.php\/wp-json\/wp\/v2\/product\/66552","targetHints":{"allow":["GET"]}}],"collection":[{"href":"https:\/\/abinox-chr-clim.com\/index.php\/wp-json\/wp\/v2\/product"}],"about":[{"href":"https:\/\/abinox-chr-clim.com\/index.php\/wp-json\/wp\/v2\/types\/product"}],"replies":[{"embeddable":true,"href":"https:\/\/abinox-chr-clim.com\/index.php\/wp-json\/wp\/v2\/comments?post=66552"}],"wp:featuredmedia":[{"embeddable":true,"href":"https:\/\/abinox-chr-clim.com\/index.php\/wp-json\/wp\/v2\/media\/95659"}],"wp:attachment":[{"href":"https:\/\/abinox-chr-clim.com\/index.php\/wp-json\/wp\/v2\/media?parent=66552"}],"wp:term":[{"taxonomy":"product_brand","embeddable":true,"href":"https:\/\/abinox-chr-clim.com\/index.php\/wp-json\/wp\/v2\/product_brand?post=66552"},{"taxonomy":"product_cat","embeddable":true,"href":"https:\/\/abinox-chr-clim.com\/index.php\/wp-json\/wp\/v2\/product_cat?post=66552"},{"taxonomy":"product_tag","embeddable":true,"href":"https:\/\/abinox-chr-clim.com\/index.php\/wp-json\/wp\/v2\/product_tag?post=66552"}],"curies":[{"name":"wp","href":"https:\/\/api.w.org\/{rel}","templated":true}]}}