{"id":66544,"date":"2024-03-22T15:24:49","date_gmt":"2024-03-22T14:24:49","guid":{"rendered":"https:\/\/abinox-chr-clim.com\/index.php\/product\/plaque-a-pizza-en-aluminium-trempe-vogue-305-cm\/"},"modified":"2026-04-14T08:53:18","modified_gmt":"2026-04-14T06:53:18","slug":"plaque-a-pizza-en-aluminium-trempe-vogue-305-cm","status":"publish","type":"product","link":"https:\/\/abinox-chr-clim.com\/index.php\/product\/plaque-a-pizza-en-aluminium-trempe-vogue-305-cm\/","title":{"rendered":"Plaque \u00e0 pizza en aluminium tremp\u00e9 Vogue 30,5 cm"},"content":{"rendered":"<p>Plaques \u00e0 pizza en aluminium tremp\u00e9 \u00e0 bord large. Profondeur 7mm.<br \/>Aluminium tremp\u00e9. Cuisson rapide et uniforme. Faible profondeur, id\u00e9al pour cuire de larges pizzas fines et croustillantes. Facile \u00e0 nettoyer. Convient parfaitement pour une vente sur place ou \u00e0 emporter.  Aluminium tremp\u00e9.<\/p>\n<p>Caract\u00e9ristiques :<br \/> Dimensions : 8(H) x 305(\u00d8)mm.<br \/> Mati\u00e8re : Aluminium.<br \/> Couleur : Argent.<\/p>\n","protected":false},"excerpt":{"rendered":"<p>Plaque \u00e0 pizza en aluminium tremp\u00e9 Vogue 30,5 cm<\/p>\n","protected":false},"featured_media":95703,"comment_status":"closed","ping_status":"closed","template":"","meta":[],"product_brand":[],"product_cat":[1065,1064,1067,1297],"product_tag":[],"class_list":{"0":"post-66544","1":"product","2":"type-product","3":"status-publish","4":"has-post-thumbnail","6":"product_cat-batterie-et-platerie-de-cuisine","7":"product_cat-cuisine","8":"product_cat-materiel-a-pizza","9":"product_cat-non-palettisable","10":"product_shipping_class-free-shipping","12":"first","13":"instock","14":"featured","15":"taxable","16":"shipping-taxable","17":"purchasable","18":"product-type-simple"},"_links":{"self":[{"href":"https:\/\/abinox-chr-clim.com\/index.php\/wp-json\/wp\/v2\/product\/66544","targetHints":{"allow":["GET"]}}],"collection":[{"href":"https:\/\/abinox-chr-clim.com\/index.php\/wp-json\/wp\/v2\/product"}],"about":[{"href":"https:\/\/abinox-chr-clim.com\/index.php\/wp-json\/wp\/v2\/types\/product"}],"replies":[{"embeddable":true,"href":"https:\/\/abinox-chr-clim.com\/index.php\/wp-json\/wp\/v2\/comments?post=66544"}],"wp:featuredmedia":[{"embeddable":true,"href":"https:\/\/abinox-chr-clim.com\/index.php\/wp-json\/wp\/v2\/media\/95703"}],"wp:attachment":[{"href":"https:\/\/abinox-chr-clim.com\/index.php\/wp-json\/wp\/v2\/media?parent=66544"}],"wp:term":[{"taxonomy":"product_brand","embeddable":true,"href":"https:\/\/abinox-chr-clim.com\/index.php\/wp-json\/wp\/v2\/product_brand?post=66544"},{"taxonomy":"product_cat","embeddable":true,"href":"https:\/\/abinox-chr-clim.com\/index.php\/wp-json\/wp\/v2\/product_cat?post=66544"},{"taxonomy":"product_tag","embeddable":true,"href":"https:\/\/abinox-chr-clim.com\/index.php\/wp-json\/wp\/v2\/product_tag?post=66544"}],"curies":[{"name":"wp","href":"https:\/\/api.w.org\/{rel}","templated":true}]}}