{"id":66543,"date":"2024-03-22T15:24:49","date_gmt":"2024-03-22T14:24:49","guid":{"rendered":"https:\/\/abinox-chr-clim.com\/index.php\/product\/plaque-a-pizza-profonde-en-aluminium-15x305mm\/"},"modified":"2026-04-14T08:53:17","modified_gmt":"2026-04-14T06:53:17","slug":"plaque-a-pizza-profonde-en-aluminium-15x305mm","status":"publish","type":"product","link":"https:\/\/abinox-chr-clim.com\/index.php\/product\/plaque-a-pizza-profonde-en-aluminium-15x305mm\/","title":{"rendered":"Plaque \u00e0 pizza profonde en aluminium 15x305mm"},"content":{"rendered":"<p>Plaques \u00e0 pizza en aluminium tremp\u00e9 \u00e9tam\u00e9. Profondeur 1,5cm.<br \/>Construction en aluminium tremp\u00e9 \u00e9tam\u00e9, solide et durable. Le mat\u00e9riau en aluminium permet d&rsquo;obtenir des p\u00e2tes \u00e9paisses et cuites de mani\u00e8re homog\u00e8ne. Conception facile \u00e0 nettoyer &#8211; remplacez rapidement les plaques pour la cuisson suivante. Conception ronde traditionnelle &#8211; parfaite pour les pizzas de 30,5cm. Convient pour les pizzas \u00e9paisses &#8211; Profondeur de 1,5cm pour obtenir des pizzas moelleuses.  Construction en aluminium tremp\u00e9 \u00e9tam\u00e9, solide et durable.<\/p>\n<p>Caract\u00e9ristiques :<br \/> Dimensions : 15(H) x 305(\u00d8)mm.<\/p>\n","protected":false},"excerpt":{"rendered":"<p>Plaque \u00e0 pizza profonde en aluminium 15x305mm<\/p>\n","protected":false},"featured_media":95709,"comment_status":"closed","ping_status":"closed","template":"","meta":[],"product_brand":[],"product_cat":[1065,1064,1067,1297],"product_tag":[],"class_list":{"0":"post-66543","1":"product","2":"type-product","3":"status-publish","4":"has-post-thumbnail","6":"product_cat-batterie-et-platerie-de-cuisine","7":"product_cat-cuisine","8":"product_cat-materiel-a-pizza","9":"product_cat-non-palettisable","10":"product_shipping_class-free-shipping","12":"first","13":"instock","14":"featured","15":"taxable","16":"shipping-taxable","17":"purchasable","18":"product-type-simple"},"_links":{"self":[{"href":"https:\/\/abinox-chr-clim.com\/index.php\/wp-json\/wp\/v2\/product\/66543","targetHints":{"allow":["GET"]}}],"collection":[{"href":"https:\/\/abinox-chr-clim.com\/index.php\/wp-json\/wp\/v2\/product"}],"about":[{"href":"https:\/\/abinox-chr-clim.com\/index.php\/wp-json\/wp\/v2\/types\/product"}],"replies":[{"embeddable":true,"href":"https:\/\/abinox-chr-clim.com\/index.php\/wp-json\/wp\/v2\/comments?post=66543"}],"wp:featuredmedia":[{"embeddable":true,"href":"https:\/\/abinox-chr-clim.com\/index.php\/wp-json\/wp\/v2\/media\/95709"}],"wp:attachment":[{"href":"https:\/\/abinox-chr-clim.com\/index.php\/wp-json\/wp\/v2\/media?parent=66543"}],"wp:term":[{"taxonomy":"product_brand","embeddable":true,"href":"https:\/\/abinox-chr-clim.com\/index.php\/wp-json\/wp\/v2\/product_brand?post=66543"},{"taxonomy":"product_cat","embeddable":true,"href":"https:\/\/abinox-chr-clim.com\/index.php\/wp-json\/wp\/v2\/product_cat?post=66543"},{"taxonomy":"product_tag","embeddable":true,"href":"https:\/\/abinox-chr-clim.com\/index.php\/wp-json\/wp\/v2\/product_tag?post=66543"}],"curies":[{"name":"wp","href":"https:\/\/api.w.org\/{rel}","templated":true}]}}