{"id":66540,"date":"2024-03-22T15:24:48","date_gmt":"2024-03-22T14:24:48","guid":{"rendered":"https:\/\/abinox-chr-clim.com\/index.php\/product\/pierre-a-pizza-ronde-avec-support-metal-de-service\/"},"modified":"2026-01-12T08:21:58","modified_gmt":"2026-01-12T07:21:58","slug":"pierre-a-pizza-ronde-avec-support-metal-de-service","status":"publish","type":"product","link":"https:\/\/abinox-chr-clim.com\/index.php\/product\/pierre-a-pizza-ronde-avec-support-metal-de-service\/","title":{"rendered":"Pierre \u00e0 pizza ronde avec support m\u00e9tal de service"},"content":{"rendered":"<p>Le colis comprend des recettes et conseils pour la p\u00e2te \u00e0 pizza et la sauce. Support pratique pour un retrait facile du four. Surface facile \u00e0 nettoyer. Distribution uniforme de la chaleur. Evacue l&rsquo;exc\u00e8s d&rsquo;humidit\u00e9 de la p\u00e2te \u00e0 pizza pour la rendre croustillante. Ne pas utiliser de savon ou de d\u00e9tergent pour laver la pierre \u00e0 pizza.  Le colis comprend des recettes et conseils pour la p\u00e2te \u00e0 pizza et la sauce.<\/p>\n<p>Caract\u00e9ristiques :<br \/> Dimensions : 380mm (\u00d8).<br \/> Mati\u00e8re : Pierre.<br \/> Couleur : Beige.<\/p>\n","protected":false},"excerpt":{"rendered":"<p>Pierre \u00e0 pizza ronde avec support m\u00e9tal de service<\/p>\n","protected":false},"featured_media":84601,"comment_status":"closed","ping_status":"closed","template":"","meta":[],"product_brand":[],"product_cat":[1065,1064,1067,1297],"product_tag":[],"class_list":{"0":"post-66540","1":"product","2":"type-product","3":"status-publish","4":"has-post-thumbnail","6":"product_cat-batterie-et-platerie-de-cuisine","7":"product_cat-cuisine","8":"product_cat-materiel-a-pizza","9":"product_cat-non-palettisable","10":"product_shipping_class-free-shipping","12":"first","13":"outofstock","14":"featured","15":"taxable","16":"shipping-taxable","17":"purchasable","18":"product-type-simple"},"_links":{"self":[{"href":"https:\/\/abinox-chr-clim.com\/index.php\/wp-json\/wp\/v2\/product\/66540","targetHints":{"allow":["GET"]}}],"collection":[{"href":"https:\/\/abinox-chr-clim.com\/index.php\/wp-json\/wp\/v2\/product"}],"about":[{"href":"https:\/\/abinox-chr-clim.com\/index.php\/wp-json\/wp\/v2\/types\/product"}],"replies":[{"embeddable":true,"href":"https:\/\/abinox-chr-clim.com\/index.php\/wp-json\/wp\/v2\/comments?post=66540"}],"wp:featuredmedia":[{"embeddable":true,"href":"https:\/\/abinox-chr-clim.com\/index.php\/wp-json\/wp\/v2\/media\/84601"}],"wp:attachment":[{"href":"https:\/\/abinox-chr-clim.com\/index.php\/wp-json\/wp\/v2\/media?parent=66540"}],"wp:term":[{"taxonomy":"product_brand","embeddable":true,"href":"https:\/\/abinox-chr-clim.com\/index.php\/wp-json\/wp\/v2\/product_brand?post=66540"},{"taxonomy":"product_cat","embeddable":true,"href":"https:\/\/abinox-chr-clim.com\/index.php\/wp-json\/wp\/v2\/product_cat?post=66540"},{"taxonomy":"product_tag","embeddable":true,"href":"https:\/\/abinox-chr-clim.com\/index.php\/wp-json\/wp\/v2\/product_tag?post=66540"}],"curies":[{"name":"wp","href":"https:\/\/api.w.org\/{rel}","templated":true}]}}