{"id":66537,"date":"2024-03-22T15:24:47","date_gmt":"2024-03-22T14:24:47","guid":{"rendered":"https:\/\/abinox-chr-clim.com\/index.php\/product\/roulette-a-pizza-hygiplas-102mm-rouge\/"},"modified":"2026-04-14T08:36:19","modified_gmt":"2026-04-14T06:36:19","slug":"roulette-a-pizza-hygiplas-102mm-rouge","status":"publish","type":"product","link":"https:\/\/abinox-chr-clim.com\/index.php\/product\/roulette-a-pizza-hygiplas-102mm-rouge\/","title":{"rendered":"Roulette \u00e0 pizza Hygiplas 102mm rouge"},"content":{"rendered":"<p>Roulette \u00e0 pizza en acier inoxydable de grande taille pour les pizzas plus \u00e9paisses. Le manche en plastique r\u00e9sistant peut \u00eatre utilis\u00e9 dans un syst\u00e8me de codage couleur afin d&rsquo;\u00e9viter toute contamination crois\u00e9e. Lavable au lave-vaisselle.<br \/>Code couleur rouge pour la viande. Compatible lave-vaisselle. Code couleur rouge pour la viande.<\/p>\n<p>Caract\u00e9ristiques :<br \/> Dimensions : 102mm (\u00d8).<br \/> Mati\u00e8re : Inox.<br \/> Couleur : Rouge.<\/p>\n","protected":false},"excerpt":{"rendered":"<p>Roulette \u00e0 pizza Hygiplas 102mm rouge<\/p>\n","protected":false},"featured_media":81027,"comment_status":"closed","ping_status":"closed","template":"","meta":[],"product_brand":[],"product_cat":[1065,1064,1067,1297],"product_tag":[],"class_list":{"0":"post-66537","1":"product","2":"type-product","3":"status-publish","4":"has-post-thumbnail","6":"product_cat-batterie-et-platerie-de-cuisine","7":"product_cat-cuisine","8":"product_cat-materiel-a-pizza","9":"product_cat-non-palettisable","10":"product_shipping_class-free-shipping","12":"first","13":"instock","14":"featured","15":"taxable","16":"shipping-taxable","17":"purchasable","18":"product-type-simple"},"_links":{"self":[{"href":"https:\/\/abinox-chr-clim.com\/index.php\/wp-json\/wp\/v2\/product\/66537","targetHints":{"allow":["GET"]}}],"collection":[{"href":"https:\/\/abinox-chr-clim.com\/index.php\/wp-json\/wp\/v2\/product"}],"about":[{"href":"https:\/\/abinox-chr-clim.com\/index.php\/wp-json\/wp\/v2\/types\/product"}],"replies":[{"embeddable":true,"href":"https:\/\/abinox-chr-clim.com\/index.php\/wp-json\/wp\/v2\/comments?post=66537"}],"wp:featuredmedia":[{"embeddable":true,"href":"https:\/\/abinox-chr-clim.com\/index.php\/wp-json\/wp\/v2\/media\/81027"}],"wp:attachment":[{"href":"https:\/\/abinox-chr-clim.com\/index.php\/wp-json\/wp\/v2\/media?parent=66537"}],"wp:term":[{"taxonomy":"product_brand","embeddable":true,"href":"https:\/\/abinox-chr-clim.com\/index.php\/wp-json\/wp\/v2\/product_brand?post=66537"},{"taxonomy":"product_cat","embeddable":true,"href":"https:\/\/abinox-chr-clim.com\/index.php\/wp-json\/wp\/v2\/product_cat?post=66537"},{"taxonomy":"product_tag","embeddable":true,"href":"https:\/\/abinox-chr-clim.com\/index.php\/wp-json\/wp\/v2\/product_tag?post=66537"}],"curies":[{"name":"wp","href":"https:\/\/api.w.org\/{rel}","templated":true}]}}