{"id":66520,"date":"2024-03-22T15:24:40","date_gmt":"2024-03-22T14:24:40","guid":{"rendered":"https:\/\/abinox-chr-clim.com\/index.php\/product\/plat-a-rotir-en-fonte-vogue-noir-405-x-250mm\/"},"modified":"2026-04-02T09:06:56","modified_gmt":"2026-04-02T07:06:56","slug":"plat-a-rotir-en-fonte-vogue-noir-405-x-250mm","status":"publish","type":"product","link":"https:\/\/abinox-chr-clim.com\/index.php\/product\/plat-a-rotir-en-fonte-vogue-noir-405-x-250mm\/","title":{"rendered":"Plat \u00e0 r\u00f4tir en fonte Vogue noir 405 x 250mm"},"content":{"rendered":"<p>La fonte garantie une parfaite r\u00e9partition de la chaleur.Non compatible lave-vaisselle. Lorsque le plat est correctement culott\u00e9, il restera antiadh\u00e9sif et ne rouillera pas pendant tr\u00e8s longtemps.Compatible avec toutes les sources de chaleur: cuisini\u00e8re \u00e0 gaz, \u00e9lectrique, \u00e0 induction et vitro-c\u00e9ramique.La fonte garde la chaleur plus longtemps permettant ainsi d&rsquo;\u00e9conomiser de l&rsquo;\u00e9nergie. La fonte garantie une parfaite r\u00e9partition de la chaleur. .<br \/> Caract\u00e9ristiques :<br \/> Capacit\u00e9 : 5L.<br \/> Dimensions : 70(H) x 405(L) x 250(P)mm.<br \/> Mati\u00e8re : En fonte.<br \/> Couleur : Noir.<\/p>\n","protected":false},"excerpt":{"rendered":"<p>Plat \u00e0 r\u00f4tir en fonte Vogue noir 405 x 250mm<\/p>\n","protected":false},"featured_media":98593,"comment_status":"closed","ping_status":"closed","template":"","meta":[],"product_brand":[],"product_cat":[1065,1064,1066,1297],"product_tag":[],"class_list":{"0":"post-66520","1":"product","2":"type-product","3":"status-publish","4":"has-post-thumbnail","6":"product_cat-batterie-et-platerie-de-cuisine","7":"product_cat-cuisine","8":"product_cat-marmites-et-casseroles","9":"product_cat-non-palettisable","10":"product_shipping_class-free-shipping","12":"first","13":"instock","14":"featured","15":"taxable","16":"shipping-taxable","17":"purchasable","18":"product-type-simple"},"_links":{"self":[{"href":"https:\/\/abinox-chr-clim.com\/index.php\/wp-json\/wp\/v2\/product\/66520","targetHints":{"allow":["GET"]}}],"collection":[{"href":"https:\/\/abinox-chr-clim.com\/index.php\/wp-json\/wp\/v2\/product"}],"about":[{"href":"https:\/\/abinox-chr-clim.com\/index.php\/wp-json\/wp\/v2\/types\/product"}],"replies":[{"embeddable":true,"href":"https:\/\/abinox-chr-clim.com\/index.php\/wp-json\/wp\/v2\/comments?post=66520"}],"wp:featuredmedia":[{"embeddable":true,"href":"https:\/\/abinox-chr-clim.com\/index.php\/wp-json\/wp\/v2\/media\/98593"}],"wp:attachment":[{"href":"https:\/\/abinox-chr-clim.com\/index.php\/wp-json\/wp\/v2\/media?parent=66520"}],"wp:term":[{"taxonomy":"product_brand","embeddable":true,"href":"https:\/\/abinox-chr-clim.com\/index.php\/wp-json\/wp\/v2\/product_brand?post=66520"},{"taxonomy":"product_cat","embeddable":true,"href":"https:\/\/abinox-chr-clim.com\/index.php\/wp-json\/wp\/v2\/product_cat?post=66520"},{"taxonomy":"product_tag","embeddable":true,"href":"https:\/\/abinox-chr-clim.com\/index.php\/wp-json\/wp\/v2\/product_tag?post=66520"}],"curies":[{"name":"wp","href":"https:\/\/api.w.org\/{rel}","templated":true}]}}