{"id":66487,"date":"2024-03-22T15:24:27","date_gmt":"2024-03-22T14:24:27","guid":{"rendered":"https:\/\/abinox-chr-clim.com\/index.php\/product\/casserole-en-inox-avec-couvercle-vogue-5l\/"},"modified":"2026-04-29T10:55:12","modified_gmt":"2026-04-29T08:55:12","slug":"casserole-en-inox-avec-couvercle-vogue-5l","status":"publish","type":"product","link":"https:\/\/abinox-chr-clim.com\/index.php\/product\/casserole-en-inox-avec-couvercle-vogue-5l\/","title":{"rendered":"Casserole en inox avec couvercle Vogue 5L"},"content":{"rendered":"<p>Acier inoxydable 18\/10 tr\u00e8s r\u00e9sistant. Compatible lave-vaisselle. Bec verseur utile. Poign\u00e9e soud\u00e9e stable et r\u00e9sistante \u00e0 la chaleur. Corps en acier inoxydable de 0,8 mm avec base en aluminium de 6 mm. Convient pour une utilisation avec toutes les surfaces de cuisson, y compris l&rsquo;induction.Acier inoxydable 18\/10 tr\u00e8s r\u00e9sistant.<\/p>\n<p>Caract\u00e9ristiques :<br \/> Capacit\u00e9 : 5 L.<br \/> Dimensions : 110(H) x 240(\u00d8) mm.<br \/> Mati\u00e8re : Inox<\/p>\n","protected":false},"excerpt":{"rendered":"<p>Casserole en inox avec couvercle Vogue 5L<\/p>\n","protected":false},"featured_media":102959,"comment_status":"closed","ping_status":"closed","template":"","meta":[],"product_brand":[],"product_cat":[1065,1064,1066,1297],"product_tag":[],"class_list":{"0":"post-66487","1":"product","2":"type-product","3":"status-publish","4":"has-post-thumbnail","6":"product_cat-batterie-et-platerie-de-cuisine","7":"product_cat-cuisine","8":"product_cat-marmites-et-casseroles","9":"product_cat-non-palettisable","10":"product_shipping_class-free-shipping","12":"first","13":"instock","14":"featured","15":"taxable","16":"shipping-taxable","17":"purchasable","18":"product-type-simple"},"_links":{"self":[{"href":"https:\/\/abinox-chr-clim.com\/index.php\/wp-json\/wp\/v2\/product\/66487","targetHints":{"allow":["GET"]}}],"collection":[{"href":"https:\/\/abinox-chr-clim.com\/index.php\/wp-json\/wp\/v2\/product"}],"about":[{"href":"https:\/\/abinox-chr-clim.com\/index.php\/wp-json\/wp\/v2\/types\/product"}],"replies":[{"embeddable":true,"href":"https:\/\/abinox-chr-clim.com\/index.php\/wp-json\/wp\/v2\/comments?post=66487"}],"wp:featuredmedia":[{"embeddable":true,"href":"https:\/\/abinox-chr-clim.com\/index.php\/wp-json\/wp\/v2\/media\/102959"}],"wp:attachment":[{"href":"https:\/\/abinox-chr-clim.com\/index.php\/wp-json\/wp\/v2\/media?parent=66487"}],"wp:term":[{"taxonomy":"product_brand","embeddable":true,"href":"https:\/\/abinox-chr-clim.com\/index.php\/wp-json\/wp\/v2\/product_brand?post=66487"},{"taxonomy":"product_cat","embeddable":true,"href":"https:\/\/abinox-chr-clim.com\/index.php\/wp-json\/wp\/v2\/product_cat?post=66487"},{"taxonomy":"product_tag","embeddable":true,"href":"https:\/\/abinox-chr-clim.com\/index.php\/wp-json\/wp\/v2\/product_tag?post=66487"}],"curies":[{"name":"wp","href":"https:\/\/api.w.org\/{rel}","templated":true}]}}